{"id":823,"date":"2023-02-26T13:12:14","date_gmt":"2023-02-26T13:12:14","guid":{"rendered":"https:\/\/gerfanova.eu\/zasady-ochrany-osobnich-udaju\/"},"modified":"2023-02-26T13:16:20","modified_gmt":"2023-02-26T13:16:20","slug":"zasady-ochrany-osobnich-udaju","status":"publish","type":"page","link":"https:\/\/gerfanova.eu\/cs\/zasady-ochrany-osobnich-udaju\/","title":{"rendered":"Z\u00e1sady ochrany osobn\u00edch \u00fadaj\u016f"},"content":{"rendered":"\t\t<div data-elementor-type=\"wp-page\" data-elementor-id=\"823\" class=\"elementor elementor-823 elementor-808\">\n\t\t\t\t\t\t\t\t\t<section class=\"elementor-section elementor-top-section elementor-element elementor-element-7bd3f93 elementor-section-boxed elementor-section-height-default elementor-section-height-default\" data-id=\"7bd3f93\" data-element_type=\"section\">\n\t\t\t\t\t\t<div class=\"elementor-container elementor-column-gap-default\">\n\t\t\t\t\t<div class=\"elementor-column elementor-col-100 elementor-top-column elementor-element elementor-element-a55a1c5\" data-id=\"a55a1c5\" data-element_type=\"column\">\n\t\t\t<div class=\"elementor-widget-wrap elementor-element-populated\">\n\t\t\t\t\t\t\t\t<div class=\"elementor-element elementor-element-3a4c538 elementor-widget elementor-widget-text-editor\" data-id=\"3a4c538\" data-element_type=\"widget\" data-widget_type=\"text-editor.default\">\n\t\t\t\t<div class=\"elementor-widget-container\">\n\t\t\t\t\t\t\t<p>Z\u00e1sady ochrany osobn\u00edch \u00fadaj\u016f<\/p><ol><li>D\u016fv\u011brnost osobn\u00edch \u00fadaj\u016f.<\/li><\/ol><p>\u00a0<\/p><p>1.1. Odesl\u00e1n\u00edm objedn\u00e1vky z online formul\u00e1\u0159e pro poskytov\u00e1n\u00ed slu\u017eeb u\u017eivatel potvrzuje, \u017ee p\u0159ij\u00edm\u00e1 podm\u00ednky ochrany osobn\u00edch \u00fadaj\u016f, vyjad\u0159uje souhlas s jejich zn\u011bn\u00edm a p\u0159ij\u00edm\u00e1 je v pln\u00e9m rozsahu.<\/p><p>\u00a0<\/p><p>1.2. Poskytovatel je zpracovatelem osobn\u00edch \u00fadaj\u016f u\u017eivatele v souladu s \u010dl.4 odst.7 na\u0159\u00edzen\u00ed Evropsk\u00e9ho parlamentu a Rady (EU) 2016\/679 o ochran\u011b fyzick\u00fdch osob v souvislosti se zpracov\u00e1n\u00edm osobn\u00edch \u00fadaj\u016f a voln\u00fdm pohybem t\u011bchto \u00fadaj\u016f a o zru\u0161en\u00ed sm\u011brnice 95\/46 \/ ES. Na\u0159\u00edzen\u00ed o ochran\u011b osobn\u00edch \u00fadaj\u016f) (d\u00e1le jen \u201eGDPR\u201d). Poskytovatel se zavazuje zpracov\u00e1vat osobn\u00ed \u00fadaje v souladu s pr\u00e1vn\u00edmi p\u0159edpisy, zejm\u00e9na ve vztahu k GDPR.<\/p><p>\u00a0<\/p><p>1.3 Osobn\u00ed \u00fadaje \u2013 ve\u0161ker\u00e9 informace o identifikovateln\u00e9 fyzick\u00e9 osob\u011b; identifikovateln\u00e1 fyzick\u00e1 osoba je fyzick\u00e1 osoba, kterou lze p\u0159\u00edmo nebo nep\u0159\u00edmo identifikovat, zejm\u00e9na odkazem na konkr\u00e9tn\u00ed identifik\u00e1tor, jako je jm\u00e9no, identifika\u010dn\u00ed \u010d\u00edslo, \u00fadaje o poloze, p\u0159i prov\u00e1d\u011bn\u00ed jednoho nebo v\u00edce konkr\u00e9tn\u00edch fyzick\u00fdch, fyziologick\u00fdch, genetick\u00fdch, psychologick\u00fdch, ekonomick\u00fdch , soci\u00e1ln\u00edch znak\u016f identity t\u00e9to osoby.<\/p><p>\u00a0<\/p><p>1.4. P\u0159i objedn\u00e1vce jsou pot\u0159ebn\u00e9 osobn\u00ed \u00fadaje nezbytn\u00e9 pro \u00fasp\u011b\u0161n\u00e9 proveden\u00ed objedn\u00e1vky (jm\u00e9no, kontakt). \u00da\u010delem zpracov\u00e1n\u00ed osobn\u00edch \u00fadaj\u016f je spln\u011bn\u00ed objedn\u00e1vky u\u017eivatele a v\u00fdkon pr\u00e1v a povinnost\u00ed vypl\u00fdvaj\u00edc\u00edch ze smluvn\u00edho vztahu mezi dodavatelem a u\u017eivatelem. \u00da\u010delem zpracov\u00e1n\u00ed osobn\u00edch \u00fadaj\u016f je zas\u00edl\u00e1n\u00ed obchodn\u00edch z\u00e1jm\u016f a prov\u00e1d\u011bn\u00ed dal\u0161\u00edch marketingov\u00fdch aktivit. Pr\u00e1vn\u00edm d\u016fvodem pro zpracov\u00e1n\u00ed osobn\u00edch \u00fadaj\u016f je spln\u011bn\u00ed smlouvy v souladu s \u010dl.6 odst.1 GDPR, spln\u011bn\u00ed z\u00e1konn\u00e9 povinnosti spr\u00e1vce v souladu s \u010dl.6 odst.1 p\u00edsm. C) GDPR a opr\u00e1vn\u011bn\u00e9 z\u00e1jmy poskytovatele v souladu s \u010dl. Dominantn\u00edm z\u00e1jmem Poskytovatele je zpracov\u00e1n\u00ed osobn\u00edch \u00fadaj\u016f pro \u00fa\u010dely p\u0159\u00edm\u00e9ho marketingu.<\/p><p>\u00a0<\/p><p>1.5. Poskytovatel vyu\u017e\u00edv\u00e1 ke spln\u011bn\u00ed licen\u010dn\u00ed smlouvy slu\u017eby subdodavatel\u016f, zejm\u00e9na poskytovatel\u016f po\u0161tovn\u00edch slu\u017eeb (osobn\u00ed \u00fadaje jsou ulo\u017eeny ve t\u0159et\u00edch zem\u00edch) a poskytovatel\u016f webhostingu. Subdodavatel\u00e9 jsou kontrolov\u00e1ni na bezpe\u010dn\u00e9 zpracov\u00e1n\u00ed osobn\u00edch \u00fadaj\u016f. Poskytovatel webhostingu a subdodavatel uzav\u0159eli dohodu o zpracov\u00e1n\u00ed osobn\u00edch \u00fadaj\u016f, na jej\u00edm\u017e z\u00e1klad\u011b je subdodavatel odpov\u011bdn\u00fd za \u0159\u00e1dn\u00e9 poskytov\u00e1n\u00ed fyzick\u00fdch, hardwarov\u00fdch a softwarov\u00fdch prost\u0159edk\u016f, a je proto p\u0159\u00edmo odpov\u011bdn\u00fd za u\u017eivatele za jak\u00fdkoli \u00fanik nebo poru\u0161en\u00ed osobn\u00edch \u00fadaj\u016f.<\/p><p>\u00a0<\/p><p>1.6. Dodavatel mus\u00ed uchov\u00e1vat osobn\u00ed \u00fadaje u\u017eivatele po dobu nezbytnou k v\u00fdkonu pr\u00e1v a povinnost\u00ed vypl\u00fdvaj\u00edc\u00edch ze smluvn\u00edho vztahu mezi dodavatelem a u\u017eivatelem a k vym\u00e1h\u00e1n\u00ed po\u017eadavk\u016f v souladu s t\u011bmito smluvn\u00edmi vztahy (do 15 let od data ukon\u010den\u00ed smluvn\u00edho vztahu). Po uplynut\u00ed t\u00e9to doby budou data vymaz\u00e1na.<\/p><p>\u00a0<\/p><p>1.7. U\u017eivatel m\u00e1 pr\u00e1vo po\u017eadovat od Poskytovatele p\u0159\u00edstup ke sv\u00fdm osobn\u00edm \u00fadaj\u016fm v souladu s \u010dl\u00e1nkem 15 GDPR, zm\u011bnu osobn\u00edch \u00fadaj\u016f v souladu s \u010dl\u00e1nkem 16 GDPR nebo uplatn\u011bn\u00ed omezen\u00ed zpracov\u00e1n\u00ed \u00fadaj\u016f v souladu s \u010dl\u00e1nkem 18 GDPR. U\u017eivatel m\u00e1 pr\u00e1vo na vymaz\u00e1n\u00ed osobn\u00edch \u00fadaj\u016f v souladu s \u010dl.17 (odst. 1a, 1c, 1f) GDPR. Krom\u011b toho m\u00e1 u\u017eivatel pr\u00e1vo vzn\u00e9st n\u00e1mitku proti zpracov\u00e1n\u00ed podle \u010dl. 21 GDPR.<\/p><p>\u00a0<\/p><p>1.8. U\u017eivatel m\u00e1 pr\u00e1vo podat st\u00ed\u017enost u \u00da\u0159adu pro ochranu osobn\u00edch \u00fadaj\u016f, pokud se domn\u00edv\u00e1, \u017ee bylo poru\u0161eno jeho pr\u00e1vo na ochranu osobn\u00edch \u00fadaj\u016f.<\/p><p>\u00a0<\/p><p>1.9. U\u017eivatel nen\u00ed povinen poskytovat osobn\u00ed \u00fadaje. Poskytnut\u00ed osobn\u00edch \u00fadaj\u016f je v\u0161ak nezbytn\u00fdm po\u017eadavkem pro uzav\u0159en\u00ed a pln\u011bn\u00ed smlouvy a bez poskytnut\u00ed osobn\u00edch \u00fadaj\u016f nen\u00ed mo\u017en\u00e9 uzav\u0159\u00edt smlouvu nebo ji splnit dodavatelem.<\/p><p>\u00a0<\/p><p>1.10. Poskytovatel nep\u0159ij\u00edm\u00e1 automaticky individu\u00e1ln\u00ed rozhodnut\u00ed o smyslu \u010dl\u00e1nku 22 GDPR.<\/p><p>\u00a0<\/p><p>1.11. \u017dadatel\u00e9 o vyu\u017e\u00edv\u00e1n\u00ed slu\u017eeb dodavatele vypln\u011bn\u00edm kontaktn\u00edho formul\u00e1\u0159e:<\/p><p>\u00a0<\/p><ul><li>1. souhlas\u00ed s pou\u017eit\u00edm jeho osobn\u00edch \u00fadaj\u016f k zas\u00edl\u00e1n\u00ed obchodn\u00edch sd\u011blen\u00ed, reklamn\u00edch materi\u00e1l\u016f, p\u0159\u00edm\u00e9ho prodeje, recenz\u00ed trhu a p\u0159\u00edm\u00fdch nab\u00eddek od dodavatele a t\u0159et\u00edch stran, av\u0161ak ne \u010dast\u011bji ne\u017e jednou t\u00fddn\u011b, a ve stejnou dobu<\/li><\/ul><p>\u00a0<\/p><ul><li>2. Prohla\u0161uje, \u017ee zas\u00edl\u00e1n\u00ed informac\u00ed v souladu s bodem 1.11.1 nepova\u017euje nevy\u017e\u00e1danou reklamu ve smyslu z\u00e1kona. 40\/1995 Sb. ve zn\u011bn\u00ed pozd\u011bj\u0161\u00edch p\u0159edpis\u016f, proto\u017ee u\u017eivatel zas\u00edl\u00e1 informace v souladu s odstavcem 1.11.1 ve spojen\u00ed s \u00a7 7 z\u00e1kona. 480\/2004 Sb jasn\u011b souhlas\u00ed.<\/li><\/ul><p>\u00a0<\/p><ul><li>3. U\u017eivatel se zavazuje kdykoli p\u00edsemn\u011b odvolat sv\u016fj souhlas na gerfanova@europe.com<\/li><\/ul><p>\u00a0<\/p><p>1.12. Poskytovatel pou\u017e\u00edv\u00e1 p\u0159i sv\u00e9 prezentaci takzvan\u00e9 cookies ke zlep\u0161en\u00ed kvality slu\u017eeb, shroma\u017e\u010fov\u00e1n\u00ed anonymn\u00edch \u00fadaj\u016f a pro analytick\u00e9 \u00fa\u010dely. Pou\u017e\u00edv\u00e1n\u00edm webu u\u017eivatel souhlas\u00ed s pou\u017e\u00edv\u00e1n\u00edm t\u00e9to technologie.<\/p><p>\u00a0<\/p><ul><li>Z\u00e1kladn\u00ed soubory cookie jsou soubory cookie, kter\u00e9 jsou vy\u017eadov\u00e1ny k zaji\u0161t\u011bn\u00ed provozu na webov\u00fdch str\u00e1nk\u00e1ch a internetov\u00fdch slu\u017eb\u00e1ch. K pou\u017e\u00edv\u00e1n\u00ed t\u011bchto cookies nen\u00ed nutn\u00fd \u017e\u00e1dn\u00fd souhlas.<\/li><\/ul><p>\u00a0<\/p><ul><li>Analytick\u00e9 a marketingov\u00e9 cookies. Souhlas s pou\u017e\u00edv\u00e1n\u00edm dal\u0161\u00edch cookies. Soubory cookie spadaj\u00edc\u00ed do t\u00e9to kategorie se prim\u00e1rn\u011b pou\u017e\u00edvaj\u00ed k anonymn\u00edmu sledov\u00e1n\u00ed provozu a aktivity u\u017eivatel\u016f na na\u0161em webu. D\u00edky tomu vid\u00edme, co z\u00e1kazn\u00edci miluj\u00ed, a zlep\u0161ujeme na\u0161e slu\u017eby.<\/li><\/ul><p>\u00a0<\/p><ol><li>Pr\u00e1va a povinnosti mezi dodavatelem a zpracovatelem (smlouva o zpracov\u00e1n\u00ed).<\/li><\/ol><p>\u00a0<\/p><p>2.1. Poskytovatel je spojen s osobn\u00edmi \u00fadaji u\u017eivatel\u016f a je zpracovatelem \u00fadaj\u016f v souladu s \u010dl.28 GDPR. U\u017eivatel je poskytovatelem t\u011bchto \u00fadaj\u016f.<\/p><p>\u00a0<\/p><p>2.2 Tyto podm\u00ednky upravuj\u00ed vz\u00e1jemn\u00e1 pr\u00e1va a povinnosti v oblasti zpracov\u00e1n\u00ed osobn\u00edch \u00fadaj\u016f, kter\u00e9 poskytovatel obdr\u017eel od dodavatele na z\u00e1klad\u011b licen\u010dn\u00edch smluv ve form\u011b souhlasu s pou\u017e\u00edv\u00e1n\u00edm slu\u017eeb (d\u00e1le jen \u201elicen\u010dn\u00ed smlouva\u201d) uzav\u0159en\u00fdch s u\u017eivatelem v den vytvo\u0159en\u00ed objedn\u00e1vky.<\/p><p>\u00a0<\/p><p>2.3. Zpracovatel se zavazuje, \u017ee dodavatel bude zpracov\u00e1vat osobn\u00ed \u00fadaje v rozsahu a pro \u00fa\u010dely uveden\u00e9 v \u010dl\u00e1nc\u00edch 2.4 \u2013 2.7 t\u011bchto podm\u00ednek. Zdroje pro zpracov\u00e1n\u00ed budou automatizov\u00e1ny. Poskytovatel bude b\u011bhem zpracov\u00e1n\u00ed shroma\u017e\u010fovat, ukl\u00e1dat, blokovat a t\u0159\u00eddit osobn\u00ed \u00fadaje. Poskytovatel nem\u00e1 pr\u00e1vo zpracov\u00e1vat osobn\u00ed \u00fadaje v rozporu s t\u011bmito podm\u00ednkami.<\/p><p>\u00a0<\/p><p>2.4. Zpracovatel se zavazuje zpracov\u00e1vat osobn\u00ed \u00fadaje u\u017eivatele v n\u00e1sleduj\u00edc\u00edm rozsahu:<\/p><p>\u00a0<\/p><ol><li>obecn\u00e9 osobn\u00ed \u00fadaje, 2. zvl\u00e1\u0161tn\u00ed kategorie \u00fadaj\u016f podle \u010dl\u00e1nku 9 GDPR, kter\u00e9 U\u017eivatel obdr\u017eel v souvislosti se sv\u00fdm vlastn\u00edm obchodem.<\/li><\/ol><p>\u00a0<\/p><p>2.5. Zpracovatel se zavazuje, \u017ee u\u017eivatel bude zpracov\u00e1vat osobn\u00ed \u00fadaje za \u00fa\u010delem poskytnut\u00ed platformy eshop http: \/\/gerfanova.eu ve form\u011b licen\u010dn\u00ed smlouvy.<\/p><p>\u00a0<\/p><p>2.6. Osobn\u00ed \u00fadaje mohou b\u00fdt zpracov\u00e1v\u00e1ny pouze na pracovi\u0161ti Poskytovatele nebo jeho subdodavatel\u016f v souladu s \u010dl\u00e1nkem 2.8 t\u011bchto Podm\u00ednek na \u00fazem\u00ed Evropsk\u00e9 unie.<\/p><p>\u00a0<\/p><p>2.7. Dodavatel se zavazuje zpracov\u00e1vat osobn\u00ed \u00fadaje u\u017eivatele po celou dobu nezbytnou k v\u00fdkonu pr\u00e1v a povinnost\u00ed vypl\u00fdvaj\u00edc\u00edch ze smluvn\u00edho vztahu mezi dodavatelem a u\u017eivatelem aplikace a z po\u017eadavk\u016f smluvn\u00edho vztahu (po dobu 15 let ode dne ukon\u010den\u00ed smluvn\u00edho vztahu).<\/p><p>\u00a0<\/p><p>2.8. U\u017eivatel, podle \u010dl. 28 jader 2 GDPR, ud\u011bluje povolen\u00ed ke zpracov\u00e1n\u00ed \u00fadaj\u016f jin\u00e9mu subdodavateli, co\u017e je aplikace poskytovatele hostingu U\u017eivatel d\u00e1le ud\u011bluje poskytovateli v\u0161eobecn\u00e9 povolen\u00ed k \u00fa\u010dasti na dal\u0161\u00edm zpracov\u00e1n\u00ed osobn\u00edch \u00fadaj\u016f. Poskytovatel mus\u00ed u\u017eivatele p\u00edsemn\u011b informovat o jak\u00fdchkoli navrhovan\u00fdch zm\u011bn\u00e1ch v p\u0159ijet\u00ed nebo nahrazen\u00ed dal\u0161\u00edch procesor\u016f a mus\u00ed u\u017eivateli poskytnout p\u0159\u00edle\u017eitost vzn\u00e9st proti t\u011bmto zm\u011bn\u00e1m n\u00e1mitky. Zpracovatel mus\u00ed sv\u00fdm subdodavatel\u016fm ulo\u017eit stejn\u00e9 podm\u00ednky pro zpracov\u00e1n\u00ed osobn\u00edch \u00fadaj\u016f u\u017eivatel\u016f se stejn\u00fdmi povinnostmi chr\u00e1nit osobn\u00ed \u00fadaje jako v t\u011bchto podm\u00ednk\u00e1ch.<\/p><p>\u00a0<\/p><p>2.9. Poskytovatel se zavazuje zajistit, aby bylo zaji\u0161t\u011bno zpracov\u00e1n\u00ed osobn\u00edch \u00fadaj\u016f, zejm\u00e9na n\u00e1sleduj\u00edc\u00edm zp\u016fsobem:<\/p><p>\u00a0<\/p><ol><li>Osobn\u00ed \u00fadaje mus\u00ed b\u00fdt zpracov\u00e1v\u00e1ny v souladu se z\u00e1konem a v souladu s pokyny u\u017eivatele, tj. Prov\u00e1d\u011bt jak\u00e9koli akce pot\u0159ebn\u00e9 k poskytov\u00e1n\u00ed platformy https:\/\/gerfanova.eu prost\u0159ednictv\u00edm licen\u010dn\u00edch smluv.<\/li><\/ol><p>\u00a0<\/p><ol start=\"2\"><li>Poskytovatel se zavazuje technicky a organiza\u010dn\u011b zajistit ochranu osobn\u00edch \u00fadaj\u016f zpracov\u00e1van\u00fdch takov\u00fdm zp\u016fsobem, aby zabr\u00e1nil neopr\u00e1vn\u011bn\u00e9mu nebo n\u00e1hodn\u00e9mu p\u0159\u00edstupu k \u00fadaj\u016fm, jejich zm\u011bn\u00e1m, zni\u010den\u00ed nebo ztr\u00e1t\u011b, neopr\u00e1vn\u011bn\u00e9mu p\u0159enosu, jin\u00e9mu neopr\u00e1vn\u011bn\u00e9mu zpracov\u00e1n\u00ed a dal\u0161\u00edmu zneu\u017eit\u00ed.<\/li><\/ol><p>\u00a0<\/p><ol start=\"3\"><li>P\u0159ijat\u00e1 technick\u00e1 a organiza\u010dn\u00ed opat\u0159en\u00ed by m\u011bla odpov\u00eddat \u00farovni rizika. Poskytovatel zaji\u0161\u0165uje trvalou d\u016fv\u011brnost, integritu, dostupnost a stabilitu zpracovatelsk\u00fdch syst\u00e9m\u016f a slu\u017eeb a okam\u017eit\u011b obnovuje dostupnost a p\u0159\u00edstup k osobn\u00edm \u00fadaj\u016fm v p\u0159\u00edpad\u011b fyzick\u00fdch nebo technick\u00fdch incident\u016f.<\/li><\/ol><p>\u00a0<\/p><ol start=\"4\"><li>Poskytovatel t\u00edmto prohla\u0161uje, \u017ee ochrana osobn\u00edch \u00fadaj\u016f podl\u00e9h\u00e1 intern\u00edm bezpe\u010dnostn\u00edm pravidl\u016fm Poskytovatele.<\/li><\/ol><p>\u00a0<\/p><ol start=\"5\"><li>Osobn\u00ed \u00fadaje budou k dispozici pouze opr\u00e1vn\u011bn\u00fdm osob\u00e1m a subdodavatel\u016fm v souladu s \u010dl. 2.8 t\u011bchto podm\u00ednek.<\/li><\/ol><p>\u00a0<\/p><ol start=\"6\"><li>Opr\u00e1vn\u011bn\u00e9 osoby Poskytovatele, kter\u00e9 za t\u011bchto podm\u00ednek zpracov\u00e1vaj\u00ed osobn\u00ed \u00fadaje, jsou povinny zachov\u00e1vat ml\u010denlivost ohledn\u011b osobn\u00edch \u00fadaj\u016f a bezpe\u010dnostn\u00edch opat\u0159en\u00ed, jejich\u017e zve\u0159ejn\u011bn\u00ed m\u016f\u017ee ohrozit jejich bezpe\u010dnost.<\/li><\/ol><p>\u00a0<\/p><ol start=\"7\"><li>Poskytovatel bude u\u017eivateli n\u00e1pomocen prost\u0159ednictv\u00edm vhodn\u00fdch technick\u00fdch a organiza\u010dn\u00edch opat\u0159en\u00ed, pokud je to mo\u017en\u00e9, p\u0159i pln\u011bn\u00ed pr\u00e1va u\u017eivatele na ochranu osobn\u00edch \u00fadaj\u016f spadaj\u00edc\u00edch pod GDPR; jako\u017e i zaji\u0161t\u011bn\u00ed dodr\u017eov\u00e1n\u00ed povinnost\u00ed podle \u010dl\u00e1nk\u016f 32-36 GDPR, s p\u0159ihl\u00e9dnut\u00edm k povaze zpracov\u00e1n\u00ed informac\u00ed, kter\u00e9 m\u00e1 Poskytovatel k dispozici.<\/li><\/ol><p>\u00a0<\/p><ol start=\"8\"><li>Po ukon\u010den\u00ed poskytov\u00e1n\u00ed slu\u017eeb souvisej\u00edc\u00edch se zpracov\u00e1n\u00edm podle \u010dl\u00e1nku 2.7 t\u011bchto podm\u00ednek je poskytovatel povinen vymazat v\u0161echny osobn\u00ed \u00fadaje nebo je vr\u00e1tit u\u017eivateli, pokud nen\u00ed povinen osobn\u00ed \u00fadaje uchov\u00e1vat podle zvl\u00e1\u0161tn\u00edho z\u00e1kona.<\/li><\/ol><p>\u00a0<\/p><ol start=\"9\"><li>Poskytovatel poskytne U\u017eivateli ve\u0161ker\u00e9 informace nezbytn\u00e9 pro spln\u011bn\u00ed povinnosti podle t\u00e9to Smlouvy o GDPR, umo\u017en\u00ed audit.<\/li><\/ol><p>\u00a0<\/p><p>2.10. U\u017eivatel se zavazuje neprodlen\u011b nahl\u00e1sit jak\u00e9koli skute\u010dnosti, kter\u00e9 jsou mu zn\u00e1my a kter\u00e9 by mohly negativn\u011b ovlivnit \u0159\u00e1dn\u00e9 a v\u010dasn\u00e9 pln\u011bn\u00ed povinnost\u00ed vypl\u00fdvaj\u00edc\u00edch z t\u011bchto podm\u00ednek, a poskytnout poskytovateli nezbytn\u00e9 materi\u00e1ly pro spln\u011bn\u00ed t\u011bchto podm\u00ednek.<\/p><p>\u00a0<\/p><p>III. Z\u00e1v\u011bre\u010dn\u00e1 ustanoven\u00ed<\/p><p>\u00a0<\/p><p>3.1 Tyto Podm\u00ednky vypr\u0161\u00ed uplynut\u00edm doby uveden\u00e9 v \u010dl\u00e1nku 1.6 a \u010dl\u00e1nku 2.7 t\u00e9to podm\u00ednky.<\/p><p>\u00a0<\/p><p>3.2. U\u017eivatel souhlas\u00ed s t\u011bmito podm\u00ednkami za\u0161krtnut\u00edm souhlasu p\u0159i odes\u00edl\u00e1n\u00ed do online formul\u00e1\u0159e. Podpisem souhlasu u\u017eivatel vyjad\u0159uje, \u017ee si tyto podm\u00ednky p\u0159e\u010detl, souhlas\u00ed s nimi a pln\u011b je p\u0159ij\u00edm\u00e1.<\/p><p>\u00a0<\/p><p>3.3. Poskytovatel m\u00e1 pr\u00e1vo tyto podm\u00ednky zm\u011bnit. Dodavatel je povinen bez zbyte\u010dn\u00e9ho odkladu zve\u0159ejnit novou verzi podm\u00ednek na sv\u00fdch webov\u00fdch str\u00e1nk\u00e1ch. za\u0161le novou verzi U\u017eivateli na jeho e-mailovou adresu.<\/p><p>\u00a0<\/p><p>3.4. Kontaktn\u00ed \u00fadaje dodavatele pro dotazy t\u00fdkaj\u00edc\u00ed se t\u011bchto podm\u00ednek: +420775458480 gerfanova@europe.com<\/p><p>\u00a0<\/p><p>3.5. Vztahy, kter\u00e9 se p\u0159\u00edmo ne\u0159\u00edd\u00ed t\u011bmito podm\u00ednkami, se \u0159\u00edd\u00ed GDPR a pr\u00e1vn\u00edm \u0159\u00e1dem \u010cesk\u00e9 republiky, zejm\u00e9na z\u00e1konem \u010d. 89\/2012 Sb., Ob\u010dansk\u00fd z\u00e1kon\u00edk, v platn\u00e9m zn\u011bn\u00ed.<\/p><p>\u00a0<\/p><p>Tyto podm\u00ednky nab\u00fdvaj\u00ed \u00fa\u010dinnosti dne 26.02.2023<\/p><p>\u00a0<\/p>\t\t\t\t\t\t<\/div>\n\t\t\t\t<\/div>\n\t\t\t\t\t<\/div>\n\t\t<\/div>\n\t\t\t\t\t\t\t<\/div>\n\t\t<\/section>\n\t\t\t\t\t\t\t<\/div>\n\t\t","protected":false},"excerpt":{"rendered":"<p>Z\u00e1sady ochrany osobn\u00edch \u00fadaj\u016f D\u016fv\u011brnost osobn\u00edch \u00fadaj\u016f. 1.1. Odesl\u00e1n\u00edm objedn\u00e1vky z online formul\u00e1\u0159e pro poskytov\u00e1n\u00ed slu\u017eeb u\u017eivatel potvrzuje, \u017ee p\u0159ij\u00edm\u00e1 podm\u00ednky ochrany osobn\u00edch \u00fadaj\u016f, vyjad\u0159uje souhlas s jejich zn\u011bn\u00edm a p\u0159ij\u00edm\u00e1 je v pln\u00e9m rozsahu. 1.2. Poskytovatel je zpracovatelem osobn\u00edch \u00fadaj\u016f u\u017eivatele v souladu s \u010dl.4 odst.7 na\u0159\u00edzen\u00ed Evropsk\u00e9ho parlamentu a Rady (EU) 2016\/679 o [&hellip;]<\/p>\n","protected":false},"author":1,"featured_media":0,"parent":0,"menu_order":0,"comment_status":"closed","ping_status":"closed","template":"elementor_canvas","meta":{"footnotes":""},"yst_prominent_words":[],"class_list":["post-823","page","type-page","status-publish","hentry","entry","owp-thumbs-layout-horizontal","owp-btn-normal","owp-tabs-layout-horizontal","has-no-thumbnails","has-product-nav"],"_links":{"self":[{"href":"https:\/\/gerfanova.eu\/cs\/wp-json\/wp\/v2\/pages\/823","targetHints":{"allow":["GET"]}}],"collection":[{"href":"https:\/\/gerfanova.eu\/cs\/wp-json\/wp\/v2\/pages"}],"about":[{"href":"https:\/\/gerfanova.eu\/cs\/wp-json\/wp\/v2\/types\/page"}],"author":[{"embeddable":true,"href":"https:\/\/gerfanova.eu\/cs\/wp-json\/wp\/v2\/users\/1"}],"replies":[{"embeddable":true,"href":"https:\/\/gerfanova.eu\/cs\/wp-json\/wp\/v2\/comments?post=823"}],"version-history":[{"count":0,"href":"https:\/\/gerfanova.eu\/cs\/wp-json\/wp\/v2\/pages\/823\/revisions"}],"wp:attachment":[{"href":"https:\/\/gerfanova.eu\/cs\/wp-json\/wp\/v2\/media?parent=823"}],"wp:term":[{"taxonomy":"yst_prominent_words","embeddable":true,"href":"https:\/\/gerfanova.eu\/cs\/wp-json\/wp\/v2\/yst_prominent_words?post=823"}],"curies":[{"name":"wp","href":"https:\/\/api.w.org\/{rel}","templated":true}]}}