{"id":674,"date":"2022-03-24T22:22:15","date_gmt":"2022-03-24T22:22:15","guid":{"rendered":"https:\/\/gerfanova.eu\/akademie-zdravi\/"},"modified":"2023-04-27T14:04:36","modified_gmt":"2023-04-27T14:04:36","slug":"akademie-zdravi","status":"publish","type":"page","link":"https:\/\/gerfanova.eu\/cs\/akademie-zdravi\/","title":{"rendered":"Akademie zdrav\u00ed"},"content":{"rendered":"\t\t<div data-elementor-type=\"wp-page\" data-elementor-id=\"674\" class=\"elementor elementor-674 elementor-208\">\n\t\t\t\t\t\t\t\t\t<section class=\"elementor-section elementor-top-section elementor-element elementor-element-6f30b052 elementor-section-full_width elementor-section-height-default elementor-section-height-default\" data-id=\"6f30b052\" data-element_type=\"section\">\n\t\t\t\t\t\t\t<div class=\"elementor-background-overlay\"><\/div>\n\t\t\t\t\t\t\t<div class=\"elementor-container elementor-column-gap-no\">\n\t\t\t\t\t<div class=\"elementor-column elementor-col-50 elementor-top-column elementor-element elementor-element-52e7f17d\" data-id=\"52e7f17d\" data-element_type=\"column\">\n\t\t\t<div class=\"elementor-widget-wrap elementor-element-populated\">\n\t\t\t\t\t\t\t\t<section class=\"elementor-section elementor-inner-section elementor-element elementor-element-3c769153 elementor-section-boxed elementor-section-height-default elementor-section-height-default\" data-id=\"3c769153\" data-element_type=\"section\">\n\t\t\t\t\t\t<div class=\"elementor-container elementor-column-gap-no\">\n\t\t\t\t\t<div class=\"elementor-column elementor-col-100 elementor-inner-column elementor-element elementor-element-3674ef0c\" data-id=\"3674ef0c\" data-element_type=\"column\">\n\t\t\t<div class=\"elementor-widget-wrap elementor-element-populated\">\n\t\t\t\t\t\t\t\t<div class=\"elementor-element elementor-element-50ef98bf elementor-widget elementor-widget-image\" data-id=\"50ef98bf\" data-element_type=\"widget\" data-widget_type=\"image.default\">\n\t\t\t\t<div class=\"elementor-widget-container\">\n\t\t\t\t\t\t\t\t\t\t\t\t\t\t\t<img decoding=\"async\" width=\"2560\" height=\"1707\" src=\"https:\/\/gerfanova.eu\/wp-content\/uploads\/2021\/11\/jonathan-borba-lrqptqs7nqq-unsplash-scaled.jpg\" class=\"attachment-full size-full wp-image-217\" alt=\"\" srcset=\"https:\/\/gerfanova.eu\/wp-content\/uploads\/2021\/11\/jonathan-borba-lrqptqs7nqq-unsplash-scaled.jpg 2560w, https:\/\/gerfanova.eu\/wp-content\/uploads\/2021\/11\/jonathan-borba-lrqptqs7nqq-unsplash-300x200.jpg 300w, https:\/\/gerfanova.eu\/wp-content\/uploads\/2021\/11\/jonathan-borba-lrqptqs7nqq-unsplash-1024x683.jpg 1024w, https:\/\/gerfanova.eu\/wp-content\/uploads\/2021\/11\/jonathan-borba-lrqptqs7nqq-unsplash-768x512.jpg 768w, https:\/\/gerfanova.eu\/wp-content\/uploads\/2021\/11\/jonathan-borba-lrqptqs7nqq-unsplash-1536x1024.jpg 1536w, https:\/\/gerfanova.eu\/wp-content\/uploads\/2021\/11\/jonathan-borba-lrqptqs7nqq-unsplash-2048x1365.jpg 2048w\" sizes=\"(max-width: 2560px) 100vw, 2560px\" \/>\t\t\t\t\t\t\t\t\t\t\t\t\t\t\t<\/div>\n\t\t\t\t<\/div>\n\t\t\t\t\t<\/div>\n\t\t<\/div>\n\t\t\t\t\t\t\t<\/div>\n\t\t<\/section>\n\t\t\t\t\t<\/div>\n\t\t<\/div>\n\t\t\t\t<div class=\"elementor-column elementor-col-50 elementor-top-column elementor-element elementor-element-28a7be52\" data-id=\"28a7be52\" data-element_type=\"column\">\n\t\t\t<div class=\"elementor-widget-wrap elementor-element-populated\">\n\t\t\t\t\t\t\t\t<div class=\"elementor-element elementor-element-4157faf6 elementor-widget elementor-widget-heading\" data-id=\"4157faf6\" data-element_type=\"widget\" data-widget_type=\"heading.default\">\n\t\t\t\t<div class=\"elementor-widget-container\">\n\t\t\t<h5 class=\"elementor-heading-title elementor-size-default\">Ve zdrav\u00e9m t\u011ble zdrav\u00fd duch!<\/h5>\t\t<\/div>\n\t\t\t\t<\/div>\n\t\t\t\t<div class=\"elementor-element elementor-element-5d20f464 elementor-widget elementor-widget-heading\" data-id=\"5d20f464\" data-element_type=\"widget\" data-widget_type=\"heading.default\">\n\t\t\t\t<div class=\"elementor-widget-container\">\n\t\t\t<h2 class=\"elementor-heading-title elementor-size-default\">Akademie zdrav\u00ed<\/h2>\t\t<\/div>\n\t\t\t\t<\/div>\n\t\t\t\t<div class=\"elementor-element elementor-element-579e9aa8 elementor-widget elementor-widget-text-editor\" data-id=\"579e9aa8\" data-element_type=\"widget\" data-widget_type=\"text-editor.default\">\n\t\t\t\t<div class=\"elementor-widget-container\">\n\t\t\t\t\t\t\t<p>Sta\u0148te se akademikem sv\u00e9ho zdrav\u00ed!<\/p>\n<p>N\u00ed\u017ee si vyberte t\u00e9ma, kter\u00e9 v\u00e1s nejv\u00edce zaj\u00edm\u00e1! Nau\u010dte se pomoci si za ka\u017ed\u00fdch okolnost\u00ed a bu\u010fte zdrav\u00ed!<\/p>\n\t\t\t\t\t\t<\/div>\n\t\t\t\t<\/div>\n\t\t\t\t\t<\/div>\n\t\t<\/div>\n\t\t\t\t\t\t\t<\/div>\n\t\t<\/section>\n\t\t\t\t<section class=\"elementor-section elementor-top-section elementor-element elementor-element-9356919 elementor-section-boxed elementor-section-height-default elementor-section-height-default\" data-id=\"9356919\" data-element_type=\"section\">\n\t\t\t\t\t\t<div class=\"elementor-container elementor-column-gap-default\">\n\t\t\t\t\t<div class=\"elementor-column elementor-col-100 elementor-top-column elementor-element elementor-element-0eff776\" data-id=\"0eff776\" data-element_type=\"column\">\n\t\t\t<div class=\"elementor-widget-wrap elementor-element-populated\">\n\t\t\t\t\t\t\t\t<div class=\"elementor-element elementor-element-7e0493c elementor-grid-1 elementor-posts--thumbnail-left elementor-grid-tablet-2 elementor-grid-mobile-1 elementor-widget elementor-widget-posts\" data-id=\"7e0493c\" data-element_type=\"widget\" data-settings=\"{&quot;classic_columns&quot;:&quot;1&quot;,&quot;classic_columns_tablet&quot;:&quot;2&quot;,&quot;classic_columns_mobile&quot;:&quot;1&quot;,&quot;classic_row_gap&quot;:{&quot;unit&quot;:&quot;px&quot;,&quot;size&quot;:35,&quot;sizes&quot;:[]},&quot;classic_row_gap_tablet&quot;:{&quot;unit&quot;:&quot;px&quot;,&quot;size&quot;:&quot;&quot;,&quot;sizes&quot;:[]},&quot;classic_row_gap_mobile&quot;:{&quot;unit&quot;:&quot;px&quot;,&quot;size&quot;:&quot;&quot;,&quot;sizes&quot;:[]}}\" data-widget_type=\"posts.classic\">\n\t\t\t\t<div class=\"elementor-widget-container\">\n\t\t\t\t\t<div class=\"elementor-posts-container elementor-posts elementor-posts--skin-classic elementor-grid\">\n\t\t\t\t<article class=\"elementor-post elementor-grid-item post-2525 post type-post status-publish format-standard has-post-thumbnail hentry category-uncategorized-cs entry has-media owp-thumbs-layout-horizontal owp-btn-normal owp-tabs-layout-horizontal has-no-thumbnails has-product-nav\">\n\t\t\t\t<a class=\"elementor-post__thumbnail__link\" href=\"https:\/\/gerfanova.eu\/cs\/promente-svuj-zivot-s-trme\/\" >\n\t\t\t<div class=\"elementor-post__thumbnail\"><img decoding=\"async\" width=\"2560\" height=\"1829\" src=\"https:\/\/gerfanova.eu\/wp-content\/uploads\/2024\/03\/TRME-Weight-Management_kit-m-bars_packshot-scaled.jpg\" class=\"attachment-full size-full wp-image-2325\" alt=\"\" srcset=\"https:\/\/gerfanova.eu\/wp-content\/uploads\/2024\/03\/TRME-Weight-Management_kit-m-bars_packshot-scaled.jpg 2560w, https:\/\/gerfanova.eu\/wp-content\/uploads\/2024\/03\/TRME-Weight-Management_kit-m-bars_packshot-300x214.jpg 300w, https:\/\/gerfanova.eu\/wp-content\/uploads\/2024\/03\/TRME-Weight-Management_kit-m-bars_packshot-1024x732.jpg 1024w, https:\/\/gerfanova.eu\/wp-content\/uploads\/2024\/03\/TRME-Weight-Management_kit-m-bars_packshot-768x549.jpg 768w, https:\/\/gerfanova.eu\/wp-content\/uploads\/2024\/03\/TRME-Weight-Management_kit-m-bars_packshot-1536x1097.jpg 1536w, https:\/\/gerfanova.eu\/wp-content\/uploads\/2024\/03\/TRME-Weight-Management_kit-m-bars_packshot-2048x1463.jpg 2048w\" sizes=\"(max-width: 2560px) 100vw, 2560px\" \/><\/div>\n\t\t<\/a>\n\t\t\t\t<div class=\"elementor-post__text\">\n\t\t\t\t<h3 class=\"elementor-post__title\">\n\t\t\t<a href=\"https:\/\/gerfanova.eu\/cs\/promente-svuj-zivot-s-trme\/\" >\n\t\t\t\tProm\u011b\u0148te sv\u016fj \u017eivot s TRMe: v\u00edc ne\u017e jen kontrola hmotnosti\t\t\t<\/a>\n\t\t<\/h3>\n\t\t\t\t<div class=\"elementor-post__excerpt\">\n\t\t\t<p>Jste p\u0159ipraveni vydat se na cestu ke zdrav\u011bj\u0161\u00edmu a sebev\u011bdom\u011bj\u0161\u00edmu j\u00e1? Ch\u00e1pu, jak n\u00e1ro\u010dn\u00e9 m\u016f\u017ee b\u00fdt naj\u00edt \u0159e\u0161en\u00ed pro regulaci hmotnosti, kter\u00e9 v\u00e1m bude skute\u010dn\u011b<\/p>\n\t\t<\/div>\n\t\t\n\t\t<a class=\"elementor-post__read-more\" href=\"https:\/\/gerfanova.eu\/cs\/promente-svuj-zivot-s-trme\/\" >\n\t\t\tP\u0159e\u010dt\u011bte si v\u00edce\t\t<\/a>\n\n\t\t\t\t<\/div>\n\t\t\t\t<\/article>\n\t\t\t\t<article class=\"elementor-post elementor-grid-item post-2510 post type-post status-publish format-standard has-post-thumbnail hentry category-uncategorized-cs entry has-media owp-thumbs-layout-horizontal owp-btn-normal owp-tabs-layout-horizontal has-no-thumbnails has-product-nav\">\n\t\t\t\t<a class=\"elementor-post__thumbnail__link\" href=\"https:\/\/gerfanova.eu\/cs\/odhalte-skutecny-potencial-s-wellspa-io\/\" >\n\t\t\t<div class=\"elementor-post__thumbnail\"><img decoding=\"async\" width=\"1089\" height=\"613\" src=\"https:\/\/gerfanova.eu\/wp-content\/uploads\/2024\/03\/ageLOC_WellSpa_iO_product_image-8.jpg\" class=\"attachment-full size-full wp-image-2369\" alt=\"\" srcset=\"https:\/\/gerfanova.eu\/wp-content\/uploads\/2024\/03\/ageLOC_WellSpa_iO_product_image-8.jpg 1089w, https:\/\/gerfanova.eu\/wp-content\/uploads\/2024\/03\/ageLOC_WellSpa_iO_product_image-8-300x169.jpg 300w, https:\/\/gerfanova.eu\/wp-content\/uploads\/2024\/03\/ageLOC_WellSpa_iO_product_image-8-1024x576.jpg 1024w, https:\/\/gerfanova.eu\/wp-content\/uploads\/2024\/03\/ageLOC_WellSpa_iO_product_image-8-768x432.jpg 768w, https:\/\/gerfanova.eu\/wp-content\/uploads\/2024\/03\/ageLOC_WellSpa_iO_product_image-8-800x450.jpg 800w\" sizes=\"(max-width: 1089px) 100vw, 1089px\" \/><\/div>\n\t\t<\/a>\n\t\t\t\t<div class=\"elementor-post__text\">\n\t\t\t\t<h3 class=\"elementor-post__title\">\n\t\t\t<a href=\"https:\/\/gerfanova.eu\/cs\/odhalte-skutecny-potencial-s-wellspa-io\/\" >\n\t\t\t\tOdhalte skute\u010dn\u00fd potenci\u00e1l sv\u00e9 pleti s WellSpa iO\t\t\t<\/a>\n\t\t<\/h3>\n\t\t\t\t<div class=\"elementor-post__excerpt\">\n\t\t\t<p>Odhalte tajemstv\u00ed pevn\u011bj\u0161\u00ed a hlad\u0161\u00ed poko\u017eky &#8211; a\u0165 u\u017e p\u0159ekon\u00e1v\u00e1te probl\u00e9my po hubnut\u00ed, bojujete s celulitidou nebo se sna\u017e\u00edte o lep\u0161\u00ed regeneraci p\u0159i sportu a<\/p>\n\t\t<\/div>\n\t\t\n\t\t<a class=\"elementor-post__read-more\" href=\"https:\/\/gerfanova.eu\/cs\/odhalte-skutecny-potencial-s-wellspa-io\/\" >\n\t\t\tP\u0159e\u010dt\u011bte si v\u00edce\t\t<\/a>\n\n\t\t\t\t<\/div>\n\t\t\t\t<\/article>\n\t\t\t\t<article class=\"elementor-post elementor-grid-item post-2175 post type-post status-publish format-standard has-post-thumbnail hentry category-uncategorized-cs entry has-media owp-thumbs-layout-horizontal owp-btn-normal owp-tabs-layout-horizontal has-no-thumbnails has-product-nav\">\n\t\t\t\t<a class=\"elementor-post__thumbnail__link\" href=\"https:\/\/gerfanova.eu\/cs\/zdravi-stitne-zlazy-tipu-na-vyzivu-a-priznaky-dysfunkce\/\" >\n\t\t\t<div class=\"elementor-post__thumbnail\"><img decoding=\"async\" width=\"612\" height=\"408\" src=\"https:\/\/gerfanova.eu\/wp-content\/uploads\/2023\/05\/thyroid-gland.jpg\" class=\"attachment-full size-full wp-image-2165\" alt=\"\" srcset=\"https:\/\/gerfanova.eu\/wp-content\/uploads\/2023\/05\/thyroid-gland.jpg 612w, https:\/\/gerfanova.eu\/wp-content\/uploads\/2023\/05\/thyroid-gland-300x200.jpg 300w\" sizes=\"(max-width: 612px) 100vw, 612px\" \/><\/div>\n\t\t<\/a>\n\t\t\t\t<div class=\"elementor-post__text\">\n\t\t\t\t<h3 class=\"elementor-post__title\">\n\t\t\t<a href=\"https:\/\/gerfanova.eu\/cs\/zdravi-stitne-zlazy-tipu-na-vyzivu-a-priznaky-dysfunkce\/\" >\n\t\t\t\tZdrav\u00ed \u0161t\u00edtn\u00e9 \u017el\u00e1zy: Tip\u016f na v\u00fd\u017eivu a p\u0159\u00edznaky dysfunkce\t\t\t<\/a>\n\t\t<\/h3>\n\t\t\t\t<div class=\"elementor-post__excerpt\">\n\t\t\t<p>\u0160t\u00edtn\u00e1 \u017el\u00e1za je mal\u00e1 \u017el\u00e1za, kter\u00e1 pom\u00e1h\u00e1 regulovat metabolismus \u010dlov\u011bka produkc\u00ed hormon\u016f. \u010clov\u011bk m\u016f\u017ee m\u00edt probl\u00e9my, pokud jeho \u0161t\u00edtn\u00e1 \u017el\u00e1za produkuje p\u0159\u00edli\u0161 mnoho nebo m\u00e1lo<\/p>\n\t\t<\/div>\n\t\t\n\t\t<a class=\"elementor-post__read-more\" href=\"https:\/\/gerfanova.eu\/cs\/zdravi-stitne-zlazy-tipu-na-vyzivu-a-priznaky-dysfunkce\/\" >\n\t\t\tP\u0159e\u010dt\u011bte si v\u00edce\t\t<\/a>\n\n\t\t\t\t<\/div>\n\t\t\t\t<\/article>\n\t\t\t\t<article class=\"elementor-post elementor-grid-item post-1646 post type-post status-publish format-standard has-post-thumbnail hentry category-uncategorized-cs entry has-media owp-thumbs-layout-horizontal owp-btn-normal owp-tabs-layout-horizontal has-no-thumbnails has-product-nav\">\n\t\t\t\t<a class=\"elementor-post__thumbnail__link\" href=\"https:\/\/gerfanova.eu\/cs\/historie-profese-nutricniho-terapeuta\/\" >\n\t\t\t<div class=\"elementor-post__thumbnail\"><img decoding=\"async\" width=\"612\" height=\"408\" src=\"https:\/\/gerfanova.eu\/wp-content\/uploads\/2023\/04\/history-of-nutrition.jpg\" class=\"attachment-full size-full wp-image-1543\" alt=\"\" srcset=\"https:\/\/gerfanova.eu\/wp-content\/uploads\/2023\/04\/history-of-nutrition.jpg 612w, https:\/\/gerfanova.eu\/wp-content\/uploads\/2023\/04\/history-of-nutrition-300x200.jpg 300w\" sizes=\"(max-width: 612px) 100vw, 612px\" \/><\/div>\n\t\t<\/a>\n\t\t\t\t<div class=\"elementor-post__text\">\n\t\t\t\t<h3 class=\"elementor-post__title\">\n\t\t\t<a href=\"https:\/\/gerfanova.eu\/cs\/historie-profese-nutricniho-terapeuta\/\" >\n\t\t\t\tHistorie profese nutri\u010dn\u00edho terapeuta\t\t\t<\/a>\n\t\t<\/h3>\n\t\t\t\t<div class=\"elementor-post__excerpt\">\n\t\t\t<p>Kdy se z v\u00fduky v\u00fd\u017eivy stala odborn\u00e1 v\u011bda? Pod\u00edvejme se do historie. V\u00fdzkum potravin a jejich vlivu na zdrav\u00ed lid\u00ed sah\u00e1 a\u017e do starov\u011bk\u00fdch civilizac\u00ed,<\/p>\n\t\t<\/div>\n\t\t\n\t\t<a class=\"elementor-post__read-more\" href=\"https:\/\/gerfanova.eu\/cs\/historie-profese-nutricniho-terapeuta\/\" >\n\t\t\tP\u0159e\u010dt\u011bte si v\u00edce\t\t<\/a>\n\n\t\t\t\t<\/div>\n\t\t\t\t<\/article>\n\t\t\t\t<article class=\"elementor-post elementor-grid-item post-1642 post type-post status-publish format-standard has-post-thumbnail hentry category-uncategorized-cs entry has-media owp-thumbs-layout-horizontal owp-btn-normal owp-tabs-layout-horizontal has-no-thumbnails has-product-nav\">\n\t\t\t\t<a class=\"elementor-post__thumbnail__link\" href=\"https:\/\/gerfanova.eu\/cs\/biofotonickeho-skeneru\/\" >\n\t\t\t<div class=\"elementor-post__thumbnail\"><img decoding=\"async\" width=\"814\" height=\"415\" src=\"https:\/\/gerfanova.eu\/wp-content\/uploads\/2023\/04\/SCANNER.png\" class=\"attachment-full size-full wp-image-1564\" alt=\"\" srcset=\"https:\/\/gerfanova.eu\/wp-content\/uploads\/2023\/04\/SCANNER.png 814w, https:\/\/gerfanova.eu\/wp-content\/uploads\/2023\/04\/SCANNER-300x153.png 300w, https:\/\/gerfanova.eu\/wp-content\/uploads\/2023\/04\/SCANNER-768x392.png 768w\" sizes=\"(max-width: 814px) 100vw, 814px\" \/><\/div>\n\t\t<\/a>\n\t\t\t\t<div class=\"elementor-post__text\">\n\t\t\t\t<h3 class=\"elementor-post__title\">\n\t\t\t<a href=\"https:\/\/gerfanova.eu\/cs\/biofotonickeho-skeneru\/\" >\n\t\t\t\tObjevte historii a v\u011bdu biophotonick\u00e9ho skeneru\t\t\t<\/a>\n\t\t<\/h3>\n\t\t\t\t<div class=\"elementor-post__excerpt\">\n\t\t\t<p>Historie vyn\u00e1lezu biofotonick\u00e9ho skeneru. Biofotonick\u00fd skener Pharmanex byl poprv\u00e9 vynalezen v roce 2003 t\u00fdmem v\u011bdc\u016f na univerzit\u011b v Utahu ve spolupr\u00e1ci se spole\u010dnost\u00ed Pharmanex, kter\u00e1<\/p>\n\t\t<\/div>\n\t\t\n\t\t<a class=\"elementor-post__read-more\" href=\"https:\/\/gerfanova.eu\/cs\/biofotonickeho-skeneru\/\" >\n\t\t\tP\u0159e\u010dt\u011bte si v\u00edce\t\t<\/a>\n\n\t\t\t\t<\/div>\n\t\t\t\t<\/article>\n\t\t\t\t<article class=\"elementor-post elementor-grid-item post-1638 post type-post status-publish format-standard has-post-thumbnail hentry category-uncategorized-cs entry has-media owp-thumbs-layout-horizontal owp-btn-normal owp-tabs-layout-horizontal has-no-thumbnails has-product-nav\">\n\t\t\t\t<a class=\"elementor-post__thumbnail__link\" href=\"https:\/\/gerfanova.eu\/cs\/dnes-je-svetovy-den-astmatu\/\" >\n\t\t\t<div class=\"elementor-post__thumbnail\"><img decoding=\"async\" width=\"612\" height=\"412\" src=\"https:\/\/gerfanova.eu\/wp-content\/uploads\/2023\/04\/Asthma-day.jpg\" class=\"attachment-full size-full wp-image-1623\" alt=\"\" srcset=\"https:\/\/gerfanova.eu\/wp-content\/uploads\/2023\/04\/Asthma-day.jpg 612w, https:\/\/gerfanova.eu\/wp-content\/uploads\/2023\/04\/Asthma-day-300x202.jpg 300w\" sizes=\"(max-width: 612px) 100vw, 612px\" \/><\/div>\n\t\t<\/a>\n\t\t\t\t<div class=\"elementor-post__text\">\n\t\t\t\t<h3 class=\"elementor-post__title\">\n\t\t\t<a href=\"https:\/\/gerfanova.eu\/cs\/dnes-je-svetovy-den-astmatu\/\" >\n\t\t\t\tDnes je Sv\u011btov\u00fd den astmatu\t\t\t<\/a>\n\t\t<\/h3>\n\t\t\t\t<div class=\"elementor-post__excerpt\">\n\t\t\t<p>Poj\u010fme se o t\u00e9to nemoci dozv\u011bd\u011bt v\u00edce.Astma je chronick\u00e9 onemocn\u011bn\u00ed d\u00fdchac\u00edch cest, kter\u00e9 postihuje miliony lid\u00ed na cel\u00e9m sv\u011bt\u011b. Zp\u016fsobuje z\u00e1n\u011bt a z\u00fa\u017een\u00ed d\u00fdchac\u00edch cest,<\/p>\n\t\t<\/div>\n\t\t\n\t\t<a class=\"elementor-post__read-more\" href=\"https:\/\/gerfanova.eu\/cs\/dnes-je-svetovy-den-astmatu\/\" >\n\t\t\tP\u0159e\u010dt\u011bte si v\u00edce\t\t<\/a>\n\n\t\t\t\t<\/div>\n\t\t\t\t<\/article>\n\t\t\t\t<article class=\"elementor-post elementor-grid-item post-1618 post type-post status-publish format-standard has-post-thumbnail hentry category-uncategorized-cs entry has-media owp-thumbs-layout-horizontal owp-btn-normal owp-tabs-layout-horizontal has-no-thumbnails has-product-nav\">\n\t\t\t\t<a class=\"elementor-post__thumbnail__link\" href=\"https:\/\/gerfanova.eu\/cs\/prevence\/\" >\n\t\t\t<div class=\"elementor-post__thumbnail\"><img decoding=\"async\" width=\"612\" height=\"375\" src=\"https:\/\/gerfanova.eu\/wp-content\/uploads\/2023\/04\/Prevention.jpg\" class=\"attachment-full size-full wp-image-1548\" alt=\"\" srcset=\"https:\/\/gerfanova.eu\/wp-content\/uploads\/2023\/04\/Prevention.jpg 612w, https:\/\/gerfanova.eu\/wp-content\/uploads\/2023\/04\/Prevention-300x184.jpg 300w\" sizes=\"(max-width: 612px) 100vw, 612px\" \/><\/div>\n\t\t<\/a>\n\t\t\t\t<div class=\"elementor-post__text\">\n\t\t\t\t<h3 class=\"elementor-post__title\">\n\t\t\t<a href=\"https:\/\/gerfanova.eu\/cs\/prevence\/\" >\n\t\t\t\tOdemykejte s\u00edlu prevence: V\u00fd\u017eivov\u00fd pr\u016fvodce zdrav\u011bj\u0161\u00edm \u017eivotem\t\t\t<\/a>\n\t\t<\/h3>\n\t\t\t\t<div class=\"elementor-post__excerpt\">\n\t\t\t<p>Poj\u010fme si dnes promluvit o vlivu prevence na na\u0161e zdrav\u00ed. Jako nutri\u010dn\u00ed specialistka pracuji v t\u00e9to oblasti ka\u017ed\u00fd den a pom\u00e1h\u00e1m sv\u00fdm klient\u016fm. Prevence znamen\u00e1,<\/p>\n\t\t<\/div>\n\t\t\n\t\t<a class=\"elementor-post__read-more\" href=\"https:\/\/gerfanova.eu\/cs\/prevence\/\" >\n\t\t\tP\u0159e\u010dt\u011bte si v\u00edce\t\t<\/a>\n\n\t\t\t\t<\/div>\n\t\t\t\t<\/article>\n\t\t\t\t<article class=\"elementor-post elementor-grid-item post-1588 post type-post status-publish format-standard has-post-thumbnail hentry category-uncategorized-cs entry has-media owp-thumbs-layout-horizontal owp-btn-normal owp-tabs-layout-horizontal has-no-thumbnails has-product-nav\">\n\t\t\t\t<a class=\"elementor-post__thumbnail__link\" href=\"https:\/\/gerfanova.eu\/cs\/dnes-je-svetovy-den-cchi-kungu\/\" >\n\t\t\t<div class=\"elementor-post__thumbnail\"><img decoding=\"async\" width=\"612\" height=\"408\" src=\"https:\/\/gerfanova.eu\/wp-content\/uploads\/2023\/04\/Qigong-day.jpg\" class=\"attachment-full size-full wp-image-1580\" alt=\"\" srcset=\"https:\/\/gerfanova.eu\/wp-content\/uploads\/2023\/04\/Qigong-day.jpg 612w, https:\/\/gerfanova.eu\/wp-content\/uploads\/2023\/04\/Qigong-day-300x200.jpg 300w\" sizes=\"(max-width: 612px) 100vw, 612px\" \/><\/div>\n\t\t<\/a>\n\t\t\t\t<div class=\"elementor-post__text\">\n\t\t\t\t<h3 class=\"elementor-post__title\">\n\t\t\t<a href=\"https:\/\/gerfanova.eu\/cs\/dnes-je-svetovy-den-cchi-kungu\/\" >\n\t\t\t\tDnes je Sv\u011btov\u00fd den \u010cchi-kungu\t\t\t<\/a>\n\t\t<\/h3>\n\t\t\t\t<div class=\"elementor-post__excerpt\">\n\t\t\t<p>V\u00edte, o \u010dem je a jak souvis\u00ed s hlubok\u00fdm zdrav\u00edm? Ve sv\u00e9 konzulta\u010dn\u00ed praxi v oblasti v\u00fd\u017eivy jsem se setkala s mnoha cvi\u010debn\u00edmi programy, kter\u00e9<\/p>\n\t\t<\/div>\n\t\t\n\t\t<a class=\"elementor-post__read-more\" href=\"https:\/\/gerfanova.eu\/cs\/dnes-je-svetovy-den-cchi-kungu\/\" >\n\t\t\tP\u0159e\u010dt\u011bte si v\u00edce\t\t<\/a>\n\n\t\t\t\t<\/div>\n\t\t\t\t<\/article>\n\t\t\t\t<article class=\"elementor-post elementor-grid-item post-1365 post type-post status-publish format-standard has-post-thumbnail hentry category-uncategorized-cs entry has-media owp-thumbs-layout-horizontal owp-btn-normal owp-tabs-layout-horizontal has-no-thumbnails has-product-nav\">\n\t\t\t\t<a class=\"elementor-post__thumbnail__link\" href=\"https:\/\/gerfanova.eu\/cs\/proc-je-joga-spravnou-volbou-pro-hubnuti-a-celkove-zdravi-vyhody-a-prinosy-vysvetluje-odbornik-na-vyzivu\/\" >\n\t\t\t<div class=\"elementor-post__thumbnail\"><img decoding=\"async\" width=\"1441\" height=\"1080\" src=\"https:\/\/gerfanova.eu\/wp-content\/uploads\/2022\/02\/3ab6e472-d373-4e40-b442-2bf380b91cf0.png\" class=\"attachment-full size-full wp-image-635\" alt=\"\" srcset=\"https:\/\/gerfanova.eu\/wp-content\/uploads\/2022\/02\/3ab6e472-d373-4e40-b442-2bf380b91cf0.png 1441w, https:\/\/gerfanova.eu\/wp-content\/uploads\/2022\/02\/3ab6e472-d373-4e40-b442-2bf380b91cf0-300x225.png 300w, https:\/\/gerfanova.eu\/wp-content\/uploads\/2022\/02\/3ab6e472-d373-4e40-b442-2bf380b91cf0-1024x767.png 1024w, https:\/\/gerfanova.eu\/wp-content\/uploads\/2022\/02\/3ab6e472-d373-4e40-b442-2bf380b91cf0-768x576.png 768w\" sizes=\"(max-width: 1441px) 100vw, 1441px\" \/><\/div>\n\t\t<\/a>\n\t\t\t\t<div class=\"elementor-post__text\">\n\t\t\t\t<h3 class=\"elementor-post__title\">\n\t\t\t<a href=\"https:\/\/gerfanova.eu\/cs\/proc-je-joga-spravnou-volbou-pro-hubnuti-a-celkove-zdravi-vyhody-a-prinosy-vysvetluje-odbornik-na-vyzivu\/\" >\n\t\t\t\tPro\u010d je j\u00f3ga spr\u00e1vnou volbou pro hubnut\u00ed a celkov\u00e9 zdrav\u00ed: V\u00fdhody a p\u0159\u00ednosy vysv\u011btluje odborn\u00edk na v\u00fd\u017eivu\t\t\t<\/a>\n\t\t<\/h3>\n\t\t\t\t<div class=\"elementor-post__excerpt\">\n\t\t\t<p>Jako odborn\u00edk na v\u00fd\u017eivu se m\u011b \u010dasto pt\u00e1te na nejlep\u0161\u00ed zp\u016fsoby, jak zlep\u0161it celkov\u00e9 zdrav\u00ed a vitalitu, nebo dokonce na nejjednodu\u0161\u0161\u00ed zp\u016fsob, jak zhubnout, ani\u017e<\/p>\n\t\t<\/div>\n\t\t\n\t\t<a class=\"elementor-post__read-more\" href=\"https:\/\/gerfanova.eu\/cs\/proc-je-joga-spravnou-volbou-pro-hubnuti-a-celkove-zdravi-vyhody-a-prinosy-vysvetluje-odbornik-na-vyzivu\/\" >\n\t\t\tP\u0159e\u010dt\u011bte si v\u00edce\t\t<\/a>\n\n\t\t\t\t<\/div>\n\t\t\t\t<\/article>\n\t\t\t\t<\/div>\n\t\t\n\t\t\t\t<\/div>\n\t\t\t\t<\/div>\n\t\t\t\t\t<\/div>\n\t\t<\/div>\n\t\t\t\t\t\t\t<\/div>\n\t\t<\/section>\n\t\t\t\t\t\t\t<\/div>\n\t\t","protected":false},"excerpt":{"rendered":"<p>Ve zdrav\u00e9m t\u011ble zdrav\u00fd duch! Akademie zdrav\u00ed Sta\u0148te se akademikem sv\u00e9ho zdrav\u00ed! N\u00ed\u017ee si vyberte t\u00e9ma, kter\u00e9 v\u00e1s nejv\u00edce zaj\u00edm\u00e1! Nau\u010dte se pomoci si za ka\u017ed\u00fdch okolnost\u00ed a bu\u010fte zdrav\u00ed!<\/p>\n","protected":false},"author":1,"featured_media":0,"parent":0,"menu_order":0,"comment_status":"closed","ping_status":"closed","template":"elementor_header_footer","meta":{"footnotes":""},"yst_prominent_words":[],"class_list":["post-674","page","type-page","status-publish","hentry","entry","has-media","owp-thumbs-layout-horizontal","owp-btn-normal","owp-tabs-layout-horizontal","has-no-thumbnails","has-product-nav"],"_links":{"self":[{"href":"https:\/\/gerfanova.eu\/cs\/wp-json\/wp\/v2\/pages\/674","targetHints":{"allow":["GET"]}}],"collection":[{"href":"https:\/\/gerfanova.eu\/cs\/wp-json\/wp\/v2\/pages"}],"about":[{"href":"https:\/\/gerfanova.eu\/cs\/wp-json\/wp\/v2\/types\/page"}],"author":[{"embeddable":true,"href":"https:\/\/gerfanova.eu\/cs\/wp-json\/wp\/v2\/users\/1"}],"replies":[{"embeddable":true,"href":"https:\/\/gerfanova.eu\/cs\/wp-json\/wp\/v2\/comments?post=674"}],"version-history":[{"count":0,"href":"https:\/\/gerfanova.eu\/cs\/wp-json\/wp\/v2\/pages\/674\/revisions"}],"wp:attachment":[{"href":"https:\/\/gerfanova.eu\/cs\/wp-json\/wp\/v2\/media?parent=674"}],"wp:term":[{"taxonomy":"yst_prominent_words","embeddable":true,"href":"https:\/\/gerfanova.eu\/cs\/wp-json\/wp\/v2\/yst_prominent_words?post=674"}],"curies":[{"name":"wp","href":"https:\/\/api.w.org\/{rel}","templated":true}]}}