{"id":2920,"date":"2026-03-20T11:50:12","date_gmt":"2026-03-20T11:50:12","guid":{"rendered":"https:\/\/gerfanova.eu\/90denni-program-pro-restart-metabolismu\/"},"modified":"2026-03-27T21:04:20","modified_gmt":"2026-03-27T21:04:20","slug":"90denni-program-pro-restart-metabolismu","status":"publish","type":"page","link":"https:\/\/gerfanova.eu\/cs\/90denni-program-pro-restart-metabolismu\/","title":{"rendered":"90denn\u00ed Program pro Restart Metabolismu"},"content":{"rendered":"\t\t<div data-elementor-type=\"wp-page\" data-elementor-id=\"2920\" class=\"elementor elementor-2920 elementor-2876\">\n\t\t\t\t\t\t\t\t\t<section class=\"elementor-section elementor-top-section elementor-element elementor-element-5ef2e6e3 elementor-section-height-min-height elementor-section-boxed elementor-section-height-default elementor-section-items-middle\" data-id=\"5ef2e6e3\" data-element_type=\"section\" data-settings=\"{&quot;background_background&quot;:&quot;classic&quot;}\">\n\t\t\t\t\t\t\t<div class=\"elementor-background-overlay\"><\/div>\n\t\t\t\t\t\t\t<div class=\"elementor-container elementor-column-gap-default\">\n\t\t\t\t\t<div class=\"elementor-column elementor-col-100 elementor-top-column elementor-element elementor-element-3fec1247\" data-id=\"3fec1247\" data-element_type=\"column\">\n\t\t\t<div class=\"elementor-widget-wrap elementor-element-populated\">\n\t\t\t\t\t\t\t\t<div class=\"elementor-element elementor-element-6602011d elementor-widget elementor-widget-heading\" data-id=\"6602011d\" data-element_type=\"widget\" data-widget_type=\"heading.default\">\n\t\t\t\t<div class=\"elementor-widget-container\">\n\t\t\t<h1 class=\"elementor-heading-title elementor-size-default\">90denn\u00ed Program pro Restart Metabolismu<\/h1>\t\t<\/div>\n\t\t\t\t<\/div>\n\t\t\t\t<div class=\"elementor-element elementor-element-6dc6a346 elementor-widget elementor-widget-heading\" data-id=\"6dc6a346\" data-element_type=\"widget\" data-widget_type=\"heading.default\">\n\t\t\t\t<div class=\"elementor-widget-container\">\n\t\t\t<h2 class=\"elementor-heading-title elementor-size-default\">Exkluzivn\u011b pro klienty Pluxee \u2022 Pln\u00e1 nebo \u010d\u00e1ste\u010dn\u00e1 \u00fahrada kartou Pluxee \u2022 Online nebo osobn\u011b v Praze<\/h2>\t\t<\/div>\n\t\t\t\t<\/div>\n\t\t\t\t\t<\/div>\n\t\t<\/div>\n\t\t\t\t\t\t\t<\/div>\n\t\t<\/section>\n\t\t\t\t<section class=\"elementor-section elementor-top-section elementor-element elementor-element-6b164aaa elementor-section-boxed elementor-section-height-default elementor-section-height-default\" data-id=\"6b164aaa\" data-element_type=\"section\">\n\t\t\t\t\t\t<div class=\"elementor-container elementor-column-gap-default\">\n\t\t\t\t\t<div class=\"elementor-column elementor-col-50 elementor-top-column elementor-element elementor-element-6f75f1ad\" data-id=\"6f75f1ad\" data-element_type=\"column\">\n\t\t\t<div class=\"elementor-widget-wrap elementor-element-populated\">\n\t\t\t\t\t\t\t\t<div class=\"elementor-element elementor-element-56d697a elementor-widget elementor-widget-heading\" data-id=\"56d697a\" data-element_type=\"widget\" data-widget_type=\"heading.default\">\n\t\t\t\t<div class=\"elementor-widget-container\">\n\t\t\t<h3 class=\"elementor-heading-title elementor-size-default\">Pro\u010d zvolit 90denn\u00ed program pro restart metabolismu?<\/h3>\t\t<\/div>\n\t\t\t\t<\/div>\n\t\t\t\t<div class=\"elementor-element elementor-element-5494109b elementor-widget elementor-widget-text-editor\" data-id=\"5494109b\" data-element_type=\"widget\" data-widget_type=\"text-editor.default\">\n\t\t\t\t<div class=\"elementor-widget-container\">\n\t\t\t\t\t\t\t<p>Tento program je ur\u010den pro lidi, kte\u0159\u00ed pot\u0159ebuj\u00ed v\u00edce ne\u017e jen obecn\u00e1 doporu\u010den\u00ed ke strav\u011b. Jedn\u00e1 se o strukturovan\u00fd 90denn\u00ed proces zam\u011b\u0159en\u00fd na energii, metabolismus, stresovou z\u00e1t\u011b\u017e a dlouhodob\u00e9 zlep\u0161en\u00ed zdrav\u00ed. <\/p>\n<p data-start=\"1791\" data-end=\"1965\">Nez\u00edsk\u00e1te pouze jeden obecn\u00fd pl\u00e1n. V pr\u016fb\u011bhu programu z\u00edsk\u00e1te odborn\u00e9 veden\u00ed, kontinuitu, praktick\u00e1 doporu\u010den\u00ed a pr\u016fb\u011b\u017enou podporu.<\/p>\n<p data-start=\"1967\" data-end=\"2113\">C\u00edlem nen\u00ed dal\u0161\u00ed kr\u00e1tkodob\u00fd dietn\u00ed v\u00fdsledek. C\u00edlem je m\u011b\u0159iteln\u00e9 zlep\u0161en\u00ed toho, jak se c\u00edt\u00edte, fungujete a pe\u010dujete o sv\u00e9 zdrav\u00ed v ka\u017edodenn\u00edm \u017eivot\u011b. <\/p>\t\t\t\t\t\t<\/div>\n\t\t\t\t<\/div>\n\t\t\t\t<div class=\"elementor-element elementor-element-59e32437 elementor-widget elementor-widget-heading\" data-id=\"59e32437\" data-element_type=\"widget\" data-widget_type=\"heading.default\">\n\t\t\t\t<div class=\"elementor-widget-container\">\n\t\t\t<h3 class=\"elementor-heading-title elementor-size-default\">Pro koho je tento program vhodn\u00fd?<\/h3>\t\t<\/div>\n\t\t\t\t<\/div>\n\t\t\t\t<div class=\"elementor-element elementor-element-4399ab62 elementor-widget elementor-widget-text-editor\" data-id=\"4399ab62\" data-element_type=\"widget\" data-widget_type=\"text-editor.default\">\n\t\t\t\t<div class=\"elementor-widget-container\">\n\t\t\t\t\t\t\t<p><strong>Program je vhodn\u00fd zejm\u00e9na pro:<\/strong><\/p><p>\u2022 <strong>Zanepr\u00e1zdn\u011bn\u00ed profesion\u00e1lov\u00e9<\/strong> s n\u00edzkou energi\u00ed nebo nepravideln\u00fdm stravov\u00e1n\u00edm<br \/>\u2022 <strong>Lid\u00e9 \u0159e\u0161\u00edc\u00ed p\u0159ib\u00fdv\u00e1n\u00ed na v\u00e1ze<\/strong>, zpomalen\u00fd metabolismus nebo \u00fanavu spojenou se stresem<br \/>\u2022 <strong>Klienti hledaj\u00edc\u00ed individu\u00e1ln\u011bj\u0161\u00ed<\/strong> a odborn\u011bj\u0161\u00ed p\u0159\u00edstup<br \/>\u2022 <strong>Lid\u00e9 p\u0159ipraven\u00ed pracovat systematicky<\/strong> po dobu 90 dn\u016f<br \/>\u2022 <strong>Klienti Pluxee<\/strong> cht\u011bj\u00edc\u00ed vyu\u017e\u00edt sv\u00e9 benefity na v\u00fd\u017eivov\u00fd program s vysokou p\u0159idanou hodnotou<\/p>\t\t\t\t\t\t<\/div>\n\t\t\t\t<\/div>\n\t\t\t\t<div class=\"elementor-element elementor-element-df49281 elementor-widget elementor-widget-heading\" data-id=\"df49281\" data-element_type=\"widget\" data-widget_type=\"heading.default\">\n\t\t\t\t<div class=\"elementor-widget-container\">\n\t\t\t<h3 class=\"elementor-heading-title elementor-size-default\">Co je sou\u010d\u00e1st\u00ed programu?<\/h3>\t\t<\/div>\n\t\t\t\t<\/div>\n\t\t\t\t<div class=\"elementor-element elementor-element-375019b elementor-widget elementor-widget-text-editor\" data-id=\"375019b\" data-element_type=\"widget\" data-widget_type=\"text-editor.default\">\n\t\t\t\t<div class=\"elementor-widget-container\">\n\t\t\t\t\t\t\t<p>B\u011bhem 90 dn\u016f budeme krok za krokem pracovat s Va\u0161\u00edm aktu\u00e1ln\u00edm zdravotn\u00edm stavem, stravovac\u00edmi n\u00e1vyky, metabolismem a realistick\u00fdmi \u00fapravami \u017eivotn\u00edho stylu.<\/p>\n<p><strong>Program zahrnuje:<\/strong><\/p>\n<p>\u2022 4 individu\u00e1ln\u00ed konzultace b\u011bhem 90 dn\u016f<br \/>\u2022 3 personalizovan\u00e9 v\u00fd\u017eivov\u00e9 pl\u00e1ny p\u0159izp\u016fsoben\u00e9 Va\u0161emu pr\u016fb\u011bhu a pokroku<br \/>\u2022 Podrobn\u00fd vstupn\u00ed dotazn\u00edk zam\u011b\u0159en\u00fd na zdrav\u00ed a \u017eivotn\u00ed styl<br \/>\u2022 Anal\u00fdza krevn\u00edch test\u016f, pokud jsou k dispozici<br \/>\u2022 Online podpora a doporu\u010den\u00ed 2\u00d7 t\u00fddn\u011b<br \/>\u2022 P\u00edsemn\u00e9 shrnut\u00ed po ka\u017ed\u00e9 konzultaci<br \/>\u2022 Praktick\u00e1 doporu\u010den\u00ed pro energii, metabolismus, zvl\u00e1d\u00e1n\u00ed stresu a dlouhodob\u011b udr\u017eiteln\u00e9 n\u00e1vyky<\/p>\n\t\t\t\t\t\t<\/div>\n\t\t\t\t<\/div>\n\t\t\t\t<div class=\"elementor-element elementor-element-c755be1 elementor-widget elementor-widget-text-editor\" data-id=\"c755be1\" data-element_type=\"widget\" data-widget_type=\"text-editor.default\">\n\t\t\t\t<div class=\"elementor-widget-container\">\n\t\t\t\t\t\t\t\t\t\t\t\t\t<\/div>\n\t\t\t\t<\/div>\n\t\t\t\t<div class=\"elementor-element elementor-element-9983b89 elementor-widget elementor-widget-text-editor\" data-id=\"9983b89\" data-element_type=\"widget\" data-widget_type=\"text-editor.default\">\n\t\t\t\t<div class=\"elementor-widget-container\">\n\t\t\t\t\t\t\t\t\t\t\t\t\t<\/div>\n\t\t\t\t<\/div>\n\t\t\t\t\t<\/div>\n\t\t<\/div>\n\t\t\t\t<div class=\"elementor-column elementor-col-50 elementor-top-column elementor-element elementor-element-108fbcf7\" data-id=\"108fbcf7\" data-element_type=\"column\">\n\t\t\t<div class=\"elementor-widget-wrap elementor-element-populated\">\n\t\t\t\t\t\t\t\t<section class=\"elementor-section elementor-inner-section elementor-element elementor-element-7ae30514 elementor-section-boxed elementor-section-height-default elementor-section-height-default\" data-id=\"7ae30514\" data-element_type=\"section\" data-settings=\"{&quot;background_background&quot;:&quot;classic&quot;}\">\n\t\t\t\t\t\t\t<div class=\"elementor-background-overlay\"><\/div>\n\t\t\t\t\t\t\t<div class=\"elementor-container elementor-column-gap-default\">\n\t\t\t\t\t<div class=\"elementor-column elementor-col-100 elementor-inner-column elementor-element elementor-element-4bee4f2a\" data-id=\"4bee4f2a\" data-element_type=\"column\">\n\t\t\t<div class=\"elementor-widget-wrap elementor-element-populated\">\n\t\t\t\t\t\t\t\t<div class=\"elementor-element elementor-element-73673afd elementor-widget elementor-widget-heading\" data-id=\"73673afd\" data-element_type=\"widget\" data-widget_type=\"heading.default\">\n\t\t\t\t<div class=\"elementor-widget-container\">\n\t\t\t<h3 class=\"elementor-heading-title elementor-size-default\">Co z\u00edsk\u00e1te a jak\u00e1 je investice do programu<\/h3>\t\t<\/div>\n\t\t\t\t<\/div>\n\t\t\t\t<div class=\"elementor-element elementor-element-699a3fa3 elementor-widget elementor-widget-text-editor\" data-id=\"699a3fa3\" data-element_type=\"widget\" data-widget_type=\"text-editor.default\">\n\t\t\t\t<div class=\"elementor-widget-container\">\n\t\t\t\t\t\t\t<p data-start=\"937\" data-end=\"1063\">Program je navr\u017een jako vysoce personalizovan\u00e1 slu\u017eba pro klienty, kte\u0159\u00ed cht\u011bj\u00ed jasn\u00e9 veden\u00ed, kontinuitu a smyslupln\u00e9 v\u00fdsledky.<\/p><p data-start=\"1065\" data-end=\"1211\">Spojuje odbornou v\u00fd\u017eivovou podporu s praktick\u00fdm zaveden\u00edm doporu\u010den\u00ed do ka\u017edodenn\u00edho \u017eivota tak, aby byl program re\u00e1ln\u011b provediteln\u00fd, ne pouze ide\u00e1ln\u00ed na pap\u00ed\u0159e.<\/p><p data-start=\"1213\" data-end=\"1344\">Form\u00e1t 90 dn\u016f poskytuje dostatek \u010dasu pro vyhodnocen\u00ed v\u00fdchoz\u00ed situace, \u00fapravu strategie a postupn\u00e9 vytvo\u0159en\u00ed zm\u011bn, kter\u00e9 lze dlouhodob\u011b udr\u017eet.<\/p><p><strong>V r\u00e1mci programu z\u00edsk\u00e1te:<\/strong><\/p><p style=\"margin: 0cm;\">\u2022 <strong>Vyhodnocen\u00ed vstupn\u00edho dotazn\u00edku:<\/strong> anal\u00fdza aktu\u00e1ln\u00edho zdravotn\u00edho stavu, \u017eivotn\u00edho stylu, obt\u00ed\u017e\u00ed a c\u00edl\u016f<\/p><p style=\"margin: 0cm;\">\u2022<strong> 4 individu\u00e1ln\u00ed konzultace:<\/strong> strukturovan\u00e9 konzultace v pr\u016fb\u011bhu 90 dn\u016f<\/p><p style=\"margin: 0cm;\">\u2022 <strong>3 personalizovan\u00e9 v\u00fd\u017eivov\u00e9 pl\u00e1ny:<\/strong> praktick\u00e9 pl\u00e1ny p\u0159izp\u016fsoben\u00e9 pot\u0159eb\u00e1m a pr\u016fb\u011bhu programu<\/p><p style=\"margin: 0cm;\">\u2022 <strong>Anal\u00fdza krevn\u00edch test\u016f:<\/strong> interpretace dostupn\u00fdch hodnot ve vztahu k v\u00fd\u017eiv\u011b a c\u00edl\u016fm<\/p><p style=\"margin: 0cm;\">\u2022 <strong>Pr\u016fb\u011b\u017en\u00e1 online podpora:<\/strong> doporu\u010den\u00ed a \u00fapravy 2\u00d7 t\u00fddn\u011b<\/p><p style=\"margin: 0cm;\">\u2022 <strong>P\u00edsemn\u00e9 v\u00fdstupy:<\/strong> p\u00edsemn\u00e9 shrnut\u00ed a doporu\u010den\u00ed po ka\u017ed\u00e9 konzultaci<\/p><p><strong>Exkluzivn\u011b pro klienty Pluxee<\/strong><\/p><p>Tento speci\u00e1ln\u00ed program a zv\u00fdhodn\u011bn\u00e1 cena jsou dostupn\u00e9 pouze pro klienty Pluxee a lze je vyu\u017e\u00edt pouze p\u0159i pln\u00e9 nebo \u010d\u00e1ste\u010dn\u00e9 \u00fahrad\u011b kartou Pluxee.<\/p><p><span style=\"text-decoration: underline;\">Vzhledem k personalizovan\u00e9mu charakteru programu je po\u010det dostupn\u00fdch m\u00edst omezen\u00fd.<\/span><\/p><p><em>P\u0159ed rezervac\u00ed je mo\u017en\u00e9 domluvit kr\u00e1tk\u00fd orienta\u010dn\u00ed hovor, pokud si chcete ov\u011b\u0159it, zda je program pro V\u00e1s vhodn\u00fd.<\/em><\/p>\t\t\t\t\t\t<\/div>\n\t\t\t\t<\/div>\n\t\t\t\t<div class=\"elementor-element elementor-element-2d8940d7 elementor-icon-list--layout-traditional elementor-list-item-link-full_width elementor-widget elementor-widget-icon-list\" data-id=\"2d8940d7\" data-element_type=\"widget\" data-widget_type=\"icon-list.default\">\n\t\t\t\t<div class=\"elementor-widget-container\">\n\t\t\t\t\t<ul class=\"elementor-icon-list-items\">\n\t\t\t\t\t\t\t<li class=\"elementor-icon-list-item\">\n\t\t\t\t\t\t\t\t\t\t\t<span class=\"elementor-icon-list-icon\">\n\t\t\t\t\t\t\t<i aria-hidden=\"true\" class=\"far fa-clock\"><\/i>\t\t\t\t\t\t<\/span>\n\t\t\t\t\t\t\t\t\t\t<span class=\"elementor-icon-list-text\">D\u00e9lka programu: 90 dn\u00ed<\/span>\n\t\t\t\t\t\t\t\t\t<\/li>\n\t\t\t\t\t\t\t\t<li class=\"elementor-icon-list-item\">\n\t\t\t\t\t\t\t\t\t\t\t<span class=\"elementor-icon-list-icon\">\n\t\t\t\t\t\t\t<i aria-hidden=\"true\" class=\"icon icon-money-bag3\"><\/i>\t\t\t\t\t\t<\/span>\n\t\t\t\t\t\t\t\t\t\t<span class=\"elementor-icon-list-text\">B\u011b\u017en\u00e1 cena: 10 500 K\u010d <\/span>\n\t\t\t\t\t\t\t\t\t<\/li>\n\t\t\t\t\t\t\t\t<li class=\"elementor-icon-list-item\">\n\t\t\t\t\t\t\t\t\t\t\t<span class=\"elementor-icon-list-icon\">\n\t\t\t\t\t\t\t<i aria-hidden=\"true\" class=\"icon icon-money-bag3\"><\/i>\t\t\t\t\t\t<\/span>\n\t\t\t\t\t\t\t\t\t\t<span class=\"elementor-icon-list-text\"><span style=\"font-family: Barlow, sans-serif; font-size: 16px; font-style: normal; font-variant-ligatures: normal; font-variant-caps: normal; font-weight: 500;\">Cena pro klienty Pluxee: 8 400 K\u010d <\/span> <\/span>\n\t\t\t\t\t\t\t\t\t<\/li>\n\t\t\t\t\t\t\t\t<li class=\"elementor-icon-list-item\">\n\t\t\t\t\t\t\t\t\t\t\t<span class=\"elementor-icon-list-icon\">\n\t\t\t\t\t\t\t<i aria-hidden=\"true\" class=\"icon icon-money-bag3\"><\/i>\t\t\t\t\t\t<\/span>\n\t\t\t\t\t\t\t\t\t\t<span class=\"elementor-icon-list-text\"><span style=\"font-family: Barlow, sans-serif; font-size: 16px; font-style: normal; font-variant-ligatures: normal; font-variant-caps: normal; font-weight: 500;\">\u00dahrada: pln\u011b nebo \u010d\u00e1ste\u010dn\u011b kartou Pluxee<\/span><\/span>\n\t\t\t\t\t\t\t\t\t<\/li>\n\t\t\t\t\t\t<\/ul>\n\t\t\t\t<\/div>\n\t\t\t\t<\/div>\n\t\t\t\t<div class=\"elementor-element elementor-element-5155e06 elementor-widget elementor-widget-button\" data-id=\"5155e06\" data-element_type=\"widget\" data-widget_type=\"button.default\">\n\t\t\t\t<div class=\"elementor-widget-container\">\n\t\t\t\t\t<div class=\"elementor-button-wrapper\">\n\t\t\t<a class=\"elementor-button elementor-button-link elementor-size-sm\" href=\"https:\/\/calendly.com\/valerija-gerfanova\/pluxee_restart_metabolismu\" target=\"_blank\">\n\t\t\t\t\t\t<span class=\"elementor-button-content-wrapper\">\n\t\t\t\t\t\t<span class=\"elementor-button-text\">Rezervovat 15min \u00favodn\u00ed hovor<\/span>\n\t\t<\/span>\n\t\t\t\t\t<\/a>\n\t\t<\/div>\n\t\t\t\t<\/div>\n\t\t\t\t<\/div>\n\t\t\t\t\t<\/div>\n\t\t<\/div>\n\t\t\t\t\t\t\t<\/div>\n\t\t<\/section>\n\t\t\t\t\t<\/div>\n\t\t<\/div>\n\t\t\t\t\t\t\t<\/div>\n\t\t<\/section>\n\t\t\t\t\t\t\t<\/div>\n\t\t","protected":false},"excerpt":{"rendered":"<p>90denn\u00ed Program pro Restart Metabolismu Exkluzivn\u011b pro klienty Pluxee \u2022 Pln\u00e1 nebo \u010d\u00e1ste\u010dn\u00e1 \u00fahrada kartou Pluxee \u2022 Online nebo osobn\u011b v Praze Pro\u010d zvolit 90denn\u00ed program pro restart metabolismu? Tento program je ur\u010den pro lidi, kte\u0159\u00ed pot\u0159ebuj\u00ed v\u00edce ne\u017e jen obecn\u00e1 doporu\u010den\u00ed ke strav\u011b. Jedn\u00e1 se o strukturovan\u00fd 90denn\u00ed proces zam\u011b\u0159en\u00fd na energii, metabolismus, stresovou [&hellip;]<\/p>\n","protected":false},"author":1,"featured_media":2918,"parent":0,"menu_order":0,"comment_status":"closed","ping_status":"closed","template":"elementor_header_footer","meta":{"footnotes":""},"yst_prominent_words":[],"class_list":["post-2920","page","type-page","status-publish","has-post-thumbnail","hentry","entry","has-media","owp-thumbs-layout-horizontal","owp-btn-normal","owp-tabs-layout-horizontal","has-no-thumbnails","has-product-nav"],"_links":{"self":[{"href":"https:\/\/gerfanova.eu\/cs\/wp-json\/wp\/v2\/pages\/2920","targetHints":{"allow":["GET"]}}],"collection":[{"href":"https:\/\/gerfanova.eu\/cs\/wp-json\/wp\/v2\/pages"}],"about":[{"href":"https:\/\/gerfanova.eu\/cs\/wp-json\/wp\/v2\/types\/page"}],"author":[{"embeddable":true,"href":"https:\/\/gerfanova.eu\/cs\/wp-json\/wp\/v2\/users\/1"}],"replies":[{"embeddable":true,"href":"https:\/\/gerfanova.eu\/cs\/wp-json\/wp\/v2\/comments?post=2920"}],"version-history":[{"count":0,"href":"https:\/\/gerfanova.eu\/cs\/wp-json\/wp\/v2\/pages\/2920\/revisions"}],"wp:featuredmedia":[{"embeddable":true,"href":"https:\/\/gerfanova.eu\/cs\/wp-json\/wp\/v2\/media\/2918"}],"wp:attachment":[{"href":"https:\/\/gerfanova.eu\/cs\/wp-json\/wp\/v2\/media?parent=2920"}],"wp:term":[{"taxonomy":"yst_prominent_words","embeddable":true,"href":"https:\/\/gerfanova.eu\/cs\/wp-json\/wp\/v2\/yst_prominent_words?post=2920"}],"curies":[{"name":"wp","href":"https:\/\/api.w.org\/{rel}","templated":true}]}}