{"id":2518,"date":"2024-04-01T13:06:26","date_gmt":"2024-04-01T13:06:26","guid":{"rendered":"https:\/\/gerfanova.eu\/obhajci-zdravi-a-wellness\/"},"modified":"2024-04-01T13:08:31","modified_gmt":"2024-04-01T13:08:31","slug":"nas-elitni-kruh-zdravi","status":"publish","type":"page","link":"https:\/\/gerfanova.eu\/cs\/nas-elitni-kruh-zdravi\/","title":{"rendered":"Obh\u00e1jci zdrav\u00ed a wellness"},"content":{"rendered":"\t\t<div data-elementor-type=\"wp-page\" data-elementor-id=\"2518\" class=\"elementor elementor-2518 elementor-2372\">\n\t\t\t\t\t\t\t\t\t<section class=\"elementor-section elementor-top-section elementor-element elementor-element-50b86169 elementor-section-boxed elementor-section-height-default elementor-section-height-default\" data-id=\"50b86169\" data-element_type=\"section\">\n\t\t\t\t\t\t<div class=\"elementor-container elementor-column-gap-default\">\n\t\t\t\t\t<div class=\"elementor-column elementor-col-100 elementor-top-column elementor-element elementor-element-9813981\" data-id=\"9813981\" data-element_type=\"column\">\n\t\t\t<div class=\"elementor-widget-wrap elementor-element-populated\">\n\t\t\t\t\t\t\t\t<div class=\"elementor-element elementor-element-e052006 elementor-widget elementor-widget-heading\" data-id=\"e052006\" data-element_type=\"widget\" data-widget_type=\"heading.default\">\n\t\t\t\t<div class=\"elementor-widget-container\">\n\t\t\t<h2 class=\"elementor-heading-title elementor-size-default\">P\u0159ipojte se k na\u0161emu elitn\u00edmu kruhu zast\u00e1nc\u016f zdrav\u00ed a wellness<\/h2>\t\t<\/div>\n\t\t\t\t<\/div>\n\t\t\t\t<div class=\"elementor-element elementor-element-3f33a6ab elementor-widget elementor-widget-text-editor\" data-id=\"3f33a6ab\" data-element_type=\"widget\" data-widget_type=\"text-editor.default\">\n\t\t\t\t<div class=\"elementor-widget-container\">\n\t\t\t\t\t\t\t\n<p>Posilte svou v\u00e1\u0161e\u0148, pozvedn\u011bte sv\u00e9 podnik\u00e1n\u00ed s m\u00fdm t\u00fdmem profesion\u00e1l\u016f<\/p>\n\t\t\t\t\t\t<\/div>\n\t\t\t\t<\/div>\n\t\t\t\t\t<\/div>\n\t\t<\/div>\n\t\t\t\t\t\t\t<\/div>\n\t\t<\/section>\n\t\t\t\t<section class=\"elementor-section elementor-top-section elementor-element elementor-element-3a5b482 elementor-section-boxed elementor-section-height-default elementor-section-height-default\" data-id=\"3a5b482\" data-element_type=\"section\">\n\t\t\t\t\t\t<div class=\"elementor-container elementor-column-gap-default\">\n\t\t\t\t\t<div class=\"elementor-column elementor-col-100 elementor-top-column elementor-element elementor-element-8148d59\" data-id=\"8148d59\" data-element_type=\"column\">\n\t\t\t<div class=\"elementor-widget-wrap\">\n\t\t\t\t\t\t\t\t\t<\/div>\n\t\t<\/div>\n\t\t\t\t\t\t\t<\/div>\n\t\t<\/section>\n\t\t\t\t<section class=\"elementor-section elementor-top-section elementor-element elementor-element-1de67b3 elementor-section-boxed elementor-section-height-default elementor-section-height-default\" data-id=\"1de67b3\" data-element_type=\"section\">\n\t\t\t\t\t\t<div class=\"elementor-container elementor-column-gap-default\">\n\t\t\t\t\t<div class=\"elementor-column elementor-col-100 elementor-top-column elementor-element elementor-element-5852f14\" data-id=\"5852f14\" data-element_type=\"column\">\n\t\t\t<div class=\"elementor-widget-wrap elementor-element-populated\">\n\t\t\t\t\t\t\t\t<div class=\"elementor-element elementor-element-c6d50a5 elementor-widget elementor-widget-text-editor\" data-id=\"c6d50a5\" data-element_type=\"widget\" data-widget_type=\"text-editor.default\">\n\t\t\t\t<div class=\"elementor-widget-container\">\n\t\t\t\t\t\t\t<p>Zdrav\u00edm v\u00e1s! Jsem Valerija Gerfanova, v\u00e1\u0161niv\u00e1 l\u00eddr v oboru v\u00fd\u017eivy a wellness, a zvu v\u00e1s, abyste se stali sou\u010d\u00e1st\u00ed hnut\u00ed, kter\u00e9 m\u011bn\u00ed prost\u0159ed\u00ed zdrav\u00ed, kr\u00e1sy a finan\u010dn\u00edch p\u0159\u00edle\u017eitost\u00ed. Jako partner v t\u00fdmu obchodn\u00edch partner\u016f na\u0161\u00ed zna\u010dky NuSkin neza\u010d\u00edn\u00e1te pouze podnikatelsk\u00fd z\u00e1m\u011br, ale vyd\u00e1v\u00e1te se na cestu, kter\u00e1 z\u00e1sadn\u011b ovlivn\u00ed \u017eivoty, v\u010detn\u011b va\u0161eho vlastn\u00edho.<\/p>\n\t\t\t\t\t\t<\/div>\n\t\t\t\t<\/div>\n\t\t\t\t<div class=\"elementor-element elementor-element-6a874c0 elementor-widget elementor-widget-image\" data-id=\"6a874c0\" data-element_type=\"widget\" data-widget_type=\"image.default\">\n\t\t\t\t<div class=\"elementor-widget-container\">\n\t\t\t\t\t\t\t\t\t\t\t\t\t\t\t<img decoding=\"async\" width=\"1024\" height=\"768\" src=\"https:\/\/gerfanova.eu\/wp-content\/uploads\/2024\/03\/nu-skin-opportunity-brand-affiliate-work-14-1024x768.jpg\" class=\"attachment-large size-large wp-image-2480\" alt=\"\" srcset=\"https:\/\/gerfanova.eu\/wp-content\/uploads\/2024\/03\/nu-skin-opportunity-brand-affiliate-work-14-1024x768.jpg 1024w, https:\/\/gerfanova.eu\/wp-content\/uploads\/2024\/03\/nu-skin-opportunity-brand-affiliate-work-14-300x225.jpg 300w, https:\/\/gerfanova.eu\/wp-content\/uploads\/2024\/03\/nu-skin-opportunity-brand-affiliate-work-14-768x576.jpg 768w, https:\/\/gerfanova.eu\/wp-content\/uploads\/2024\/03\/nu-skin-opportunity-brand-affiliate-work-14.jpg 1457w\" sizes=\"(max-width: 1024px) 100vw, 1024px\" \/>\t\t\t\t\t\t\t\t\t\t\t\t\t\t\t<\/div>\n\t\t\t\t<\/div>\n\t\t\t\t<div class=\"elementor-element elementor-element-62b4a46 elementor-widget elementor-widget-heading\" data-id=\"62b4a46\" data-element_type=\"widget\" data-widget_type=\"heading.default\">\n\t\t\t\t<div class=\"elementor-widget-container\">\n\t\t\t<h2 class=\"elementor-heading-title elementor-size-default\">Pro\u010d spolupracovat s na\u0161\u00edm t\u00fdmem?<\/h2>\t\t<\/div>\n\t\t\t\t<\/div>\n\t\t\t\t\t<\/div>\n\t\t<\/div>\n\t\t\t\t\t\t\t<\/div>\n\t\t<\/section>\n\t\t\t\t<section class=\"elementor-section elementor-top-section elementor-element elementor-element-b715eb5 elementor-section-boxed elementor-section-height-default elementor-section-height-default\" data-id=\"b715eb5\" data-element_type=\"section\">\n\t\t\t\t\t\t<div class=\"elementor-container elementor-column-gap-default\">\n\t\t\t\t\t<div class=\"elementor-column elementor-col-50 elementor-top-column elementor-element elementor-element-c862c3d\" data-id=\"c862c3d\" data-element_type=\"column\" data-settings=\"{&quot;background_background&quot;:&quot;classic&quot;}\">\n\t\t\t<div class=\"elementor-widget-wrap elementor-element-populated\">\n\t\t\t\t\t\t\t\t<div class=\"elementor-element elementor-element-6820962 elementor-view-default elementor-position-top elementor-mobile-position-top elementor-widget elementor-widget-icon-box\" data-id=\"6820962\" data-element_type=\"widget\" data-widget_type=\"icon-box.default\">\n\t\t\t\t<div class=\"elementor-widget-container\">\n\t\t\t\t\t<div class=\"elementor-icon-box-wrapper\">\n\t\t\t\t\t\t<div class=\"elementor-icon-box-icon\">\n\t\t\t\t<span  class=\"elementor-icon elementor-animation-\">\n\t\t\t\t<i aria-hidden=\"true\" class=\"icon icon-Leaf\"><\/i>\t\t\t\t<\/span>\n\t\t\t<\/div>\n\t\t\t\t\t\t<div class=\"elementor-icon-box-content\">\n\t\t\t\t<h3 class=\"elementor-icon-box-title\">\n\t\t\t\t\t<span  >\n\t\t\t\t\t\tTradice dokonalosti\t\t\t\t\t<\/span>\n\t\t\t\t<\/h3>\n\t\t\t\t\t\t\t\t\t<p class=\"elementor-icon-box-description\">\n\t\t\t\t\t\t<br>N\u00e1\u0161 t\u00fdm, veden\u00fd m\u00fdmi zku\u0161enostmi a \u00fasp\u011bchy v oblasti v\u00fd\u017eivy, podnik\u00e1n\u00ed a \u017eivota, stoj\u00ed na z\u00e1kladech hlubok\u00fdch znalost\u00ed v oboru a up\u0159\u00edmn\u00e9m odhodl\u00e1n\u00ed zlep\u0161ovat pohodu lid\u00ed. Moje cesta od oddan\u00e9ho profesion\u00e1la v oblasti v\u00fd\u017eivy k podnikatelsk\u00e9mu vizion\u00e1\u0159i je p\u0159\u00edkladem stylu veden\u00ed zam\u011b\u0159en\u00e9ho nejen na obchodn\u00ed \u00fasp\u011bch, ale i na p\u00e9\u010di o zdrav\u011bj\u0161\u00ed a \u0161\u0165astn\u011bj\u0161\u00ed sv\u011bt.\t\t\t\t\t<\/p>\n\t\t\t\t\t\t\t<\/div>\n\t\t<\/div>\n\t\t\t\t<\/div>\n\t\t\t\t<\/div>\n\t\t\t\t\t<\/div>\n\t\t<\/div>\n\t\t\t\t<div class=\"elementor-column elementor-col-50 elementor-top-column elementor-element elementor-element-fc81e6b\" data-id=\"fc81e6b\" data-element_type=\"column\" data-settings=\"{&quot;background_background&quot;:&quot;classic&quot;}\">\n\t\t\t<div class=\"elementor-widget-wrap elementor-element-populated\">\n\t\t\t\t\t\t\t\t<div class=\"elementor-element elementor-element-badcda5 elementor-view-default elementor-position-top elementor-mobile-position-top elementor-widget elementor-widget-icon-box\" data-id=\"badcda5\" data-element_type=\"widget\" data-widget_type=\"icon-box.default\">\n\t\t\t\t<div class=\"elementor-widget-container\">\n\t\t\t\t\t<div class=\"elementor-icon-box-wrapper\">\n\t\t\t\t\t\t<div class=\"elementor-icon-box-icon\">\n\t\t\t\t<span  class=\"elementor-icon elementor-animation-\">\n\t\t\t\t<i aria-hidden=\"true\" class=\"icon icon-Leaf\"><\/i>\t\t\t\t<\/span>\n\t\t\t<\/div>\n\t\t\t\t\t\t<div class=\"elementor-icon-box-content\">\n\t\t\t\t<h3 class=\"elementor-icon-box-title\">\n\t\t\t\t\t<span  >\n\t\t\t\t\t\tInovativn\u00ed produkty, hmatateln\u00e9 v\u00fdsledky\t\t\t\t\t<\/span>\n\t\t\t\t<\/h3>\n\t\t\t\t\t\t\t\t\t<p class=\"elementor-icon-box-description\">\n\t\t\t\t\t\t<br>D\u00edky spojen\u00ed se zna\u010dkou NuSkin, kter\u00e1 je proslul\u00e1 sv\u00fdm z\u00e1vazkem k inovac\u00edm a kvalit\u011b, z\u00edsk\u00e1te mo\u017enost nab\u00edzet produkty, kter\u00e9 skute\u010dn\u011b posiluj\u00ed vitalitu a kr\u00e1su. Tento z\u00e1vazek se shoduje s m\u00fdmi hodnotami a zaji\u0161\u0165uje, \u017ee v\u00e1\u0161 z\u00e1m\u011br bude podpo\u0159en produkty, kter\u00e9 skute\u010dn\u011b p\u0159in\u00e1\u0161ej\u00ed zm\u011bnu.\t\t\t\t\t<\/p>\n\t\t\t\t\t\t\t<\/div>\n\t\t<\/div>\n\t\t\t\t<\/div>\n\t\t\t\t<\/div>\n\t\t\t\t\t<\/div>\n\t\t<\/div>\n\t\t\t\t\t\t\t<\/div>\n\t\t<\/section>\n\t\t\t\t<section class=\"elementor-section elementor-top-section elementor-element elementor-element-5d2146f elementor-section-boxed elementor-section-height-default elementor-section-height-default\" data-id=\"5d2146f\" data-element_type=\"section\">\n\t\t\t\t\t\t<div class=\"elementor-container elementor-column-gap-default\">\n\t\t\t\t\t<div class=\"elementor-column elementor-col-50 elementor-top-column elementor-element elementor-element-f0e4ecb\" data-id=\"f0e4ecb\" data-element_type=\"column\" data-settings=\"{&quot;background_background&quot;:&quot;classic&quot;}\">\n\t\t\t<div class=\"elementor-widget-wrap elementor-element-populated\">\n\t\t\t\t\t\t\t\t<div class=\"elementor-element elementor-element-d69a186 elementor-view-default elementor-position-top elementor-mobile-position-top elementor-widget elementor-widget-icon-box\" data-id=\"d69a186\" data-element_type=\"widget\" data-widget_type=\"icon-box.default\">\n\t\t\t\t<div class=\"elementor-widget-container\">\n\t\t\t\t\t<div class=\"elementor-icon-box-wrapper\">\n\t\t\t\t\t\t<div class=\"elementor-icon-box-icon\">\n\t\t\t\t<span  class=\"elementor-icon elementor-animation-\">\n\t\t\t\t<i aria-hidden=\"true\" class=\"icon icon-Leaf\"><\/i>\t\t\t\t<\/span>\n\t\t\t<\/div>\n\t\t\t\t\t\t<div class=\"elementor-icon-box-content\">\n\t\t\t\t<h3 class=\"elementor-icon-box-title\">\n\t\t\t\t\t<span  >\n\t\t\t\t\t\tSymfonie podpory\t\t\t\t\t<\/span>\n\t\t\t\t<\/h3>\n\t\t\t\t\t\t\t\t\t<p class=\"elementor-icon-box-description\">\n\t\t\t\t\t\t<br>P\u0159ipojen\u00ed se k t\u00e9to cest\u011b znamen\u00e1 p\u0159\u00edstup k bezkonkuren\u010dn\u00ed podpo\u0159e. Od hloubkov\u00e9ho \u0161kolen\u00ed, p\u0159es osobn\u00ed mentoring a\u017e po komunitu, kter\u00e1 podporuje r\u016fst, zaji\u0161\u0165ujeme, \u017ee va\u0161e cesta bude napln\u011bna neust\u00e1l\u00fdm u\u010den\u00edm a \u00fasp\u011bchem.\t\t\t\t\t<\/p>\n\t\t\t\t\t\t\t<\/div>\n\t\t<\/div>\n\t\t\t\t<\/div>\n\t\t\t\t<\/div>\n\t\t\t\t\t<\/div>\n\t\t<\/div>\n\t\t\t\t<div class=\"elementor-column elementor-col-50 elementor-top-column elementor-element elementor-element-f692a9a\" data-id=\"f692a9a\" data-element_type=\"column\" data-settings=\"{&quot;background_background&quot;:&quot;classic&quot;}\">\n\t\t\t<div class=\"elementor-widget-wrap elementor-element-populated\">\n\t\t\t\t\t\t\t\t<div class=\"elementor-element elementor-element-c365b3c elementor-view-default elementor-position-top elementor-mobile-position-top elementor-widget elementor-widget-icon-box\" data-id=\"c365b3c\" data-element_type=\"widget\" data-widget_type=\"icon-box.default\">\n\t\t\t\t<div class=\"elementor-widget-container\">\n\t\t\t\t\t<div class=\"elementor-icon-box-wrapper\">\n\t\t\t\t\t\t<div class=\"elementor-icon-box-icon\">\n\t\t\t\t<span  class=\"elementor-icon elementor-animation-\">\n\t\t\t\t<i aria-hidden=\"true\" class=\"icon icon-Leaf\"><\/i>\t\t\t\t<\/span>\n\t\t\t<\/div>\n\t\t\t\t\t\t<div class=\"elementor-icon-box-content\">\n\t\t\t\t<h3 class=\"elementor-icon-box-title\">\n\t\t\t\t\t<span  >\n\t\t\t\t\t\tOdhalte finan\u010dn\u00ed p\u0159\u00edle\u017eitosti\t\t\t\t\t<\/span>\n\t\t\t\t<\/h3>\n\t\t\t\t\t\t\t\t\t<p class=\"elementor-icon-box-description\">\n\t\t\t\t\t\t<br>Objevte model, kter\u00fd slibuje nejen ziskovost, ale tak\u00e9 vyv\u00e1\u017een\u00fd \u017eivotn\u00ed styl. N\u00e1\u0161 program je vytvo\u0159en tak, aby v\u00e1m poskytoval nez\u00e1vislost, umo\u017e\u0148oval v\u00e1m rozv\u00edjet podnik\u00e1n\u00ed va\u0161\u00edm tempem, s odm\u011bnami, kter\u00e9 odr\u00e1\u017eej\u00ed va\u0161i tvrdou pr\u00e1ci a \u00fasp\u011bch.\t\t\t\t\t<\/p>\n\t\t\t\t\t\t\t<\/div>\n\t\t<\/div>\n\t\t\t\t<\/div>\n\t\t\t\t<\/div>\n\t\t\t\t\t<\/div>\n\t\t<\/div>\n\t\t\t\t\t\t\t<\/div>\n\t\t<\/section>\n\t\t\t\t<section class=\"elementor-section elementor-top-section elementor-element elementor-element-50ce8b7 elementor-section-boxed elementor-section-height-default elementor-section-height-default\" data-id=\"50ce8b7\" data-element_type=\"section\">\n\t\t\t\t\t\t<div class=\"elementor-container elementor-column-gap-default\">\n\t\t\t\t\t<div class=\"elementor-column elementor-col-100 elementor-top-column elementor-element elementor-element-89dbdc3\" data-id=\"89dbdc3\" data-element_type=\"column\" data-settings=\"{&quot;background_background&quot;:&quot;classic&quot;}\">\n\t\t\t<div class=\"elementor-widget-wrap elementor-element-populated\">\n\t\t\t\t\t\t\t\t<div class=\"elementor-element elementor-element-4590193 elementor-view-default elementor-position-top elementor-mobile-position-top elementor-widget elementor-widget-icon-box\" data-id=\"4590193\" data-element_type=\"widget\" data-widget_type=\"icon-box.default\">\n\t\t\t\t<div class=\"elementor-widget-container\">\n\t\t\t\t\t<div class=\"elementor-icon-box-wrapper\">\n\t\t\t\t\t\t<div class=\"elementor-icon-box-icon\">\n\t\t\t\t<span  class=\"elementor-icon elementor-animation-\">\n\t\t\t\t<i aria-hidden=\"true\" class=\"icon icon-Leaf\"><\/i>\t\t\t\t<\/span>\n\t\t\t<\/div>\n\t\t\t\t\t\t<div class=\"elementor-icon-box-content\">\n\t\t\t\t<h3 class=\"elementor-icon-box-title\">\n\t\t\t\t\t<span  >\n\t\t\t\t\t\tRozmanit\u00e1 komunita, jednotn\u00e1 vize\t\t\t\t\t<\/span>\n\t\t\t\t<\/h3>\n\t\t\t\t\t\t\t\t\t<p class=\"elementor-icon-box-description\">\n\t\t\t\t\t\t<br>Bu\u010fte sou\u010d\u00e1st\u00ed t\u00fdmu slo\u017een\u00e9ho z profesion\u00e1l\u016f v oblasti zdrav\u00ed a kr\u00e1sy, kter\u00e9 spojuje spole\u010dn\u00fd c\u00edl, j\u00edm\u017e je posilov\u00e1n\u00ed \u017eivot\u016f prost\u0159ednictv\u00edm \u0161pi\u010dkov\u00fdch wellness \u0159e\u0161en\u00ed. A\u0165 u\u017e jste odborn\u00edk na v\u00fd\u017eivu, odborn\u00edk na kr\u00e1su nebo wellness, kou\u010d, va\u0161e odborn\u00e9 znalosti zde najdou nov\u00e9 obzory p\u0159\u00edle\u017eitost\u00ed.\t\t\t\t\t<\/p>\n\t\t\t\t\t\t\t<\/div>\n\t\t<\/div>\n\t\t\t\t<\/div>\n\t\t\t\t<\/div>\n\t\t\t\t\t<\/div>\n\t\t<\/div>\n\t\t\t\t\t\t\t<\/div>\n\t\t<\/section>\n\t\t\t\t<section class=\"elementor-section elementor-top-section elementor-element elementor-element-c114338 elementor-section-boxed elementor-section-height-default elementor-section-height-default\" data-id=\"c114338\" data-element_type=\"section\">\n\t\t\t\t\t\t<div class=\"elementor-container elementor-column-gap-default\">\n\t\t\t\t\t<div class=\"elementor-column elementor-col-100 elementor-top-column elementor-element elementor-element-9555f60\" data-id=\"9555f60\" data-element_type=\"column\">\n\t\t\t<div class=\"elementor-widget-wrap elementor-element-populated\">\n\t\t\t\t\t\t\t\t<div class=\"elementor-element elementor-element-cf11e47 elementor-widget elementor-widget-heading\" data-id=\"cf11e47\" data-element_type=\"widget\" data-widget_type=\"heading.default\">\n\t\t\t\t<div class=\"elementor-widget-container\">\n\t\t\t<h2 class=\"elementor-heading-title elementor-size-default\">Jste p\u0159ipraveni m\u011bnit \u017eivoty, v\u010detn\u011b toho va\u0161eho?<\/h2>\t\t<\/div>\n\t\t\t\t<\/div>\n\t\t\t\t<div class=\"elementor-element elementor-element-1d8900c elementor-widget elementor-widget-text-editor\" data-id=\"1d8900c\" data-element_type=\"widget\" data-widget_type=\"text-editor.default\">\n\t\t\t\t<div class=\"elementor-widget-container\">\n\t\t\t\t\t\t\t<p>Tato p\u0159\u00edle\u017eitost je pozv\u00e1nkou k p\u0159ipojen\u00ed se k celosv\u011btov\u00e9mu hnut\u00ed za lep\u0161\u00ed zdrav\u00ed, kr\u00e1su a pohodu. Pokud jste p\u0159ipraveni pozvednout svou v\u00e1\u0161e\u0148 pro wellness do nov\u00fdch v\u00fd\u0161in a vybudovat si prosp\u011b\u0161nou kari\u00e9ru, p\u0159ipojte se ke mn\u011b na \u00favodn\u00ed informa\u010dn\u00ed sch\u016fzku. Sd\u011blte mi sv\u00e9 kontaktn\u00ed \u00fadaje a poj\u010fme se spole\u010dn\u011b vydat na tuto pozoruhodnou cestu.<\/p>\n\t\t\t\t\t\t<\/div>\n\t\t\t\t<\/div>\n\t\t\t\t<div class=\"elementor-element elementor-element-5ad132d elementor-widget elementor-widget-image\" data-id=\"5ad132d\" data-element_type=\"widget\" data-widget_type=\"image.default\">\n\t\t\t\t<div class=\"elementor-widget-container\">\n\t\t\t\t\t\t\t\t\t\t\t\t\t\t\t<img decoding=\"async\" width=\"1024\" height=\"768\" src=\"https:\/\/gerfanova.eu\/wp-content\/uploads\/2024\/03\/nu-skin-opportunity-brand-affiliate-work-8-1024x768.jpg\" class=\"attachment-large size-large wp-image-2477\" alt=\"\" srcset=\"https:\/\/gerfanova.eu\/wp-content\/uploads\/2024\/03\/nu-skin-opportunity-brand-affiliate-work-8-1024x768.jpg 1024w, https:\/\/gerfanova.eu\/wp-content\/uploads\/2024\/03\/nu-skin-opportunity-brand-affiliate-work-8-300x225.jpg 300w, https:\/\/gerfanova.eu\/wp-content\/uploads\/2024\/03\/nu-skin-opportunity-brand-affiliate-work-8-768x576.jpg 768w, https:\/\/gerfanova.eu\/wp-content\/uploads\/2024\/03\/nu-skin-opportunity-brand-affiliate-work-8.jpg 1434w\" sizes=\"(max-width: 1024px) 100vw, 1024px\" \/>\t\t\t\t\t\t\t\t\t\t\t\t\t\t\t<\/div>\n\t\t\t\t<\/div>\n\t\t\t\t<div class=\"elementor-element elementor-element-76a29f5 elementor-widget elementor-widget-heading\" data-id=\"76a29f5\" data-element_type=\"widget\" data-widget_type=\"heading.default\">\n\t\t\t\t<div class=\"elementor-widget-container\">\n\t\t\t<h2 class=\"elementor-heading-title elementor-size-default\">Zaregistrujte se nyn\u00ed na informativn\u00ed sch\u016fzku pro z\u00e1jemce o podnik\u00e1n\u00ed<\/h2>\t\t<\/div>\n\t\t\t\t<\/div>\n\t\t\t\t<div class=\"elementor-element elementor-element-36e9455 elementor-widget elementor-widget-text-editor\" data-id=\"36e9455\" data-element_type=\"widget\" data-widget_type=\"text-editor.default\">\n\t\t\t\t<div class=\"elementor-widget-container\">\n\t\t\t\t\t\t\t<p>Poj\u010fme spole\u010dn\u011b nov\u011b definovat, co znamen\u00e1 b\u00fdt zdrav\u00fd a kr\u00e1sn\u00fd. P\u0159ipojte se ke mn\u011b, Valerii Gerfanov\u00e9, a elitn\u00edmu t\u00fdmu spole\u010dnosti NuSkin a utv\u00e1\u0159ejte budoucnost, v n\u00ed\u017e ka\u017ed\u00fd m\u016f\u017ee dos\u00e1hnout sv\u00e9ho maxim\u00e1ln\u00edho potenci\u00e1lu v oblasti zdrav\u00ed a kr\u00e1sy.<\/p>\n\t\t\t\t\t\t<\/div>\n\t\t\t\t<\/div>\n\t\t\t\t<div class=\"elementor-element elementor-element-0f99296 elementor-button-align-stretch elementor-widget elementor-widget-form\" data-id=\"0f99296\" data-element_type=\"widget\" data-settings=\"{&quot;step_next_label&quot;:&quot;Dal\\u0161\\u00ed&quot;,&quot;step_previous_label&quot;:&quot;P\\u0159edchoz\\u00ed&quot;,&quot;button_width&quot;:&quot;100&quot;,&quot;step_type&quot;:&quot;number_text&quot;,&quot;step_icon_shape&quot;:&quot;circle&quot;}\" data-widget_type=\"form.default\">\n\t\t\t\t<div class=\"elementor-widget-container\">\n\t\t\t\t\t<form class=\"elementor-form\" method=\"post\" name=\"Formul\u00e1\u0159 TRMe\">\n\t\t\t<input type=\"hidden\" name=\"post_id\" value=\"2518\"\/>\n\t\t\t<input type=\"hidden\" name=\"form_id\" value=\"0f99296\"\/>\n\t\t\t<input type=\"hidden\" name=\"referer_title\" value=\"\" \/>\n\n\t\t\t\n\t\t\t<div class=\"elementor-form-fields-wrapper elementor-labels-above\">\n\t\t\t\t\t\t\t\t<div class=\"elementor-field-type-text elementor-field-group elementor-column elementor-field-group-name elementor-col-100 elementor-field-required\">\n\t\t\t\t\t\t\t\t\t\t\t\t\t<input size=\"1\" type=\"text\" name=\"form_fields[name]\" id=\"form-field-name\" class=\"elementor-field elementor-size-sm  elementor-field-textual\" placeholder=\"Va\u0161e jm\u00e9no\" required=\"required\" aria-required=\"true\">\n\t\t\t\t\t\t\t\t\t\t\t<\/div>\n\t\t\t\t\t\t\t\t<div class=\"elementor-field-type-email elementor-field-group elementor-column elementor-field-group-email elementor-col-50 elementor-field-required\">\n\t\t\t\t\t\t\t\t\t\t\t\t\t<input size=\"1\" type=\"email\" name=\"form_fields[email]\" id=\"form-field-email\" class=\"elementor-field elementor-size-sm  elementor-field-textual\" placeholder=\"V\u00e1\u0161 e-mail\" required=\"required\" aria-required=\"true\">\n\t\t\t\t\t\t\t\t\t\t\t<\/div>\n\t\t\t\t\t\t\t\t<div class=\"elementor-field-type-tel elementor-field-group elementor-column elementor-field-group-field_1e63853 elementor-col-50 elementor-field-required\">\n\t\t\t\t\t\t\t<input size=\"1\" type=\"tel\" name=\"form_fields[field_1e63853]\" id=\"form-field-field_1e63853\" class=\"elementor-field elementor-size-sm  elementor-field-textual\" placeholder=\"Va\u0161e \u010d\u00edslo\" required=\"required\" aria-required=\"true\" pattern=\"[0-9()#&amp;+*-=.]+\" title=\"Only numbers and phone characters (#, -, *, etc) are accepted.\">\n\n\t\t\t\t\t\t<\/div>\n\t\t\t\t\t\t\t\t<div class=\"elementor-field-type-text elementor-field-group elementor-column elementor-field-group-country elementor-col-100 elementor-field-required\">\n\t\t\t\t\t\t\t\t\t\t\t\t\t<input size=\"1\" type=\"text\" name=\"form_fields[country]\" id=\"form-field-country\" class=\"elementor-field elementor-size-sm  elementor-field-textual\" placeholder=\"Zem\u011b, ve kter\u00e9 \u017eijete\" required=\"required\" aria-required=\"true\">\n\t\t\t\t\t\t\t\t\t\t\t<\/div>\n\t\t\t\t\t\t\t\t<div class=\"elementor-field-type-text elementor-field-group elementor-column elementor-field-group-field_522b11f elementor-col-100\">\n\t\t\t\t\t\t\t\t\t\t\t\t\t<input size=\"1\" type=\"text\" name=\"form_fields[field_522b11f]\" id=\"form-field-field_522b11f\" class=\"elementor-field elementor-size-sm  elementor-field-textual\" placeholder=\"Va\u0161e povol\u00e1n\u00ed\">\n\t\t\t\t\t\t\t\t\t\t\t<\/div>\n\t\t\t\t\t\t\t\t<div class=\"elementor-field-type-acceptance elementor-field-group elementor-column elementor-field-group-field_c501ecd elementor-col-100 elementor-field-required\">\n\t\t\t\t\t\t\t<div class=\"elementor-field-subgroup\">\n\t\t\t<span class=\"elementor-field-option\">\n\t\t\t\t<input type=\"checkbox\" name=\"form_fields[field_c501ecd]\" id=\"form-field-field_c501ecd\" class=\"elementor-field elementor-size-sm  elementor-acceptance-field\" required=\"required\" aria-required=\"true\" checked=\"checked\">\n\t\t\t\t<label for=\"form-field-field_c501ecd\">P\u0159e\u010detl\/a jsem si z\u00e1sady ochrany osobn\u00edch \u00fadaj\u016f a souhlas\u00edm s nimi<\/label>\t\t\t<\/span>\n\t\t<\/div>\n\t\t\t\t\t\t<\/div>\n\t\t\t\t\t\t\t\t<div class=\"elementor-field-group elementor-column elementor-field-type-submit elementor-col-100 e-form__buttons\">\n\t\t\t\t\t<button type=\"submit\" class=\"elementor-button elementor-size-sm\">\n\t\t\t\t\t\t<span >\n\t\t\t\t\t\t\t\t\t\t\t\t\t\t\t<span class=\" elementor-button-icon\">\n\t\t\t\t\t\t\t\t\t\t\t\t\t\t\t\t\t\t\t\t\t\t\t\t\t\t<\/span>\n\t\t\t\t\t\t\t\t\t\t\t\t\t\t\t\t\t\t\t\t\t\t<span class=\"elementor-button-text\">Odeslat<\/span>\n\t\t\t\t\t\t\t\t\t\t\t\t\t<\/span>\n\t\t\t\t\t<\/button>\n\t\t\t\t<\/div>\n\t\t\t<\/div>\n\t\t<\/form>\n\t\t\t\t<\/div>\n\t\t\t\t<\/div>\n\t\t\t\t\t<\/div>\n\t\t<\/div>\n\t\t\t\t\t\t\t<\/div>\n\t\t<\/section>\n\t\t\t\t\t\t\t<\/div>\n\t\t","protected":false},"excerpt":{"rendered":"<p>P\u0159ipojte se k na\u0161emu elitn\u00edmu kruhu zast\u00e1nc\u016f zdrav\u00ed a wellness Posilte svou v\u00e1\u0161e\u0148, pozvedn\u011bte sv\u00e9 podnik\u00e1n\u00ed s m\u00fdm t\u00fdmem profesion\u00e1l\u016f Zdrav\u00edm v\u00e1s! Jsem Valerija Gerfanova, v\u00e1\u0161niv\u00e1 l\u00eddr v oboru v\u00fd\u017eivy a wellness, a zvu v\u00e1s, abyste se stali sou\u010d\u00e1st\u00ed hnut\u00ed, kter\u00e9 m\u011bn\u00ed prost\u0159ed\u00ed zdrav\u00ed, kr\u00e1sy a finan\u010dn\u00edch p\u0159\u00edle\u017eitost\u00ed. Jako partner v t\u00fdmu obchodn\u00edch partner\u016f na\u0161\u00ed [&hellip;]<\/p>\n","protected":false},"author":2,"featured_media":2475,"parent":0,"menu_order":0,"comment_status":"closed","ping_status":"closed","template":"elementor_header_footer","meta":{"footnotes":""},"yst_prominent_words":[],"class_list":["post-2518","page","type-page","status-publish","has-post-thumbnail","hentry","entry","has-media","owp-thumbs-layout-horizontal","owp-btn-normal","owp-tabs-layout-horizontal","has-no-thumbnails","has-product-nav"],"_links":{"self":[{"href":"https:\/\/gerfanova.eu\/cs\/wp-json\/wp\/v2\/pages\/2518","targetHints":{"allow":["GET"]}}],"collection":[{"href":"https:\/\/gerfanova.eu\/cs\/wp-json\/wp\/v2\/pages"}],"about":[{"href":"https:\/\/gerfanova.eu\/cs\/wp-json\/wp\/v2\/types\/page"}],"author":[{"embeddable":true,"href":"https:\/\/gerfanova.eu\/cs\/wp-json\/wp\/v2\/users\/2"}],"replies":[{"embeddable":true,"href":"https:\/\/gerfanova.eu\/cs\/wp-json\/wp\/v2\/comments?post=2518"}],"version-history":[{"count":0,"href":"https:\/\/gerfanova.eu\/cs\/wp-json\/wp\/v2\/pages\/2518\/revisions"}],"wp:featuredmedia":[{"embeddable":true,"href":"https:\/\/gerfanova.eu\/cs\/wp-json\/wp\/v2\/media\/2475"}],"wp:attachment":[{"href":"https:\/\/gerfanova.eu\/cs\/wp-json\/wp\/v2\/media?parent=2518"}],"wp:term":[{"taxonomy":"yst_prominent_words","embeddable":true,"href":"https:\/\/gerfanova.eu\/cs\/wp-json\/wp\/v2\/yst_prominent_words?post=2518"}],"curies":[{"name":"wp","href":"https:\/\/api.w.org\/{rel}","templated":true}]}}