{"id":1933,"date":"2023-05-03T09:46:56","date_gmt":"2023-05-03T09:46:56","guid":{"rendered":"https:\/\/gerfanova.eu\/galerie-vitezstvi-2\/"},"modified":"2023-05-03T09:52:03","modified_gmt":"2023-05-03T09:52:03","slug":"galerie-vitezstvi","status":"publish","type":"page","link":"https:\/\/gerfanova.eu\/cs\/galerie-vitezstvi\/","title":{"rendered":"Galerie v\u00edt\u011bzstv\u00ed"},"content":{"rendered":"\t\t<div data-elementor-type=\"wp-page\" data-elementor-id=\"1933\" class=\"elementor elementor-1933 elementor-656\">\n\t\t\t\t\t\t\t\t\t<section class=\"elementor-section elementor-top-section elementor-element elementor-element-126ab9f6 elementor-section-height-min-height elementor-section-boxed elementor-section-height-default elementor-section-items-middle\" data-id=\"126ab9f6\" data-element_type=\"section\" data-settings=\"{&quot;background_background&quot;:&quot;classic&quot;}\">\n\t\t\t\t\t\t\t<div class=\"elementor-background-overlay\"><\/div>\n\t\t\t\t\t\t\t<div class=\"elementor-container elementor-column-gap-default\">\n\t\t\t\t\t<div class=\"elementor-column elementor-col-100 elementor-top-column elementor-element elementor-element-5e6930f7\" data-id=\"5e6930f7\" data-element_type=\"column\">\n\t\t\t<div class=\"elementor-widget-wrap elementor-element-populated\">\n\t\t\t\t\t\t\t\t<div class=\"elementor-element elementor-element-2bcf550c elementor-widget elementor-widget-heading\" data-id=\"2bcf550c\" data-element_type=\"widget\" data-widget_type=\"heading.default\">\n\t\t\t\t<div class=\"elementor-widget-container\">\n\t\t\t<h3 class=\"elementor-heading-title elementor-size-default\">Galerie v\u00edt\u011bzstv\u00ed\n<\/h3>\t\t<\/div>\n\t\t\t\t<\/div>\n\t\t\t\t<div class=\"elementor-element elementor-element-04ca68c elementor-widget elementor-widget-text-editor\" data-id=\"04ca68c\" data-element_type=\"widget\" data-widget_type=\"text-editor.default\">\n\t\t\t\t<div class=\"elementor-widget-container\">\n\t\t\t\t\t\t\t<p>Je d\u016fle\u017eit\u00e9 v\u011bd\u011bt, kam sm\u011b\u0159ujeme a \u010deho chceme dos\u00e1hnout!<\/p>\n\t\t\t\t\t\t<\/div>\n\t\t\t\t<\/div>\n\t\t\t\t\t<\/div>\n\t\t<\/div>\n\t\t\t\t\t\t\t<\/div>\n\t\t<\/section>\n\t\t\t\t<section class=\"elementor-section elementor-top-section elementor-element elementor-element-d309d4e elementor-section-boxed elementor-section-height-default elementor-section-height-default\" data-id=\"d309d4e\" data-element_type=\"section\">\n\t\t\t\t\t\t<div class=\"elementor-container elementor-column-gap-default\">\n\t\t\t\t\t<div class=\"elementor-column elementor-col-100 elementor-top-column elementor-element elementor-element-2e6e224\" data-id=\"2e6e224\" data-element_type=\"column\">\n\t\t\t<div class=\"elementor-widget-wrap elementor-element-populated\">\n\t\t\t\t\t\t\t\t<div class=\"elementor-element elementor-element-90bf334 elementor-widget elementor-widget-heading\" data-id=\"90bf334\" data-element_type=\"widget\" data-widget_type=\"heading.default\">\n\t\t\t\t<div class=\"elementor-widget-container\">\n\t\t\t<h3 class=\"elementor-heading-title elementor-size-default\">P\u0159ed a po\n\n<\/h3>\t\t<\/div>\n\t\t\t\t<\/div>\n\t\t\t\t\t<\/div>\n\t\t<\/div>\n\t\t\t\t\t\t\t<\/div>\n\t\t<\/section>\n\t\t\t\t<section class=\"elementor-section elementor-top-section elementor-element elementor-element-c684cea elementor-section-boxed elementor-section-height-default elementor-section-height-default\" data-id=\"c684cea\" data-element_type=\"section\">\n\t\t\t\t\t\t<div class=\"elementor-container elementor-column-gap-default\">\n\t\t\t\t\t<div class=\"elementor-column elementor-col-50 elementor-top-column elementor-element elementor-element-b0a6414\" data-id=\"b0a6414\" data-element_type=\"column\">\n\t\t\t<div class=\"elementor-widget-wrap elementor-element-populated\">\n\t\t\t\t\t\t\t\t<div class=\"elementor-element elementor-element-7ec0108 elementor-widget elementor-widget-image\" data-id=\"7ec0108\" data-element_type=\"widget\" data-widget_type=\"image.default\">\n\t\t\t\t<div class=\"elementor-widget-container\">\n\t\t\t\t\t\t\t\t\t\t\t\t\t\t\t<img decoding=\"async\" width=\"1024\" height=\"1024\" src=\"https:\/\/gerfanova.eu\/wp-content\/uploads\/2023\/04\/\u044d\u043a\u0437\u0435\u043c\u0430-\u043d\u0430-\u0440\u0443\u043a\u0430\u0445-1024x1024.jpg\" class=\"attachment-large size-large wp-image-1527\" alt=\"\" srcset=\"https:\/\/gerfanova.eu\/wp-content\/uploads\/2023\/04\/\u044d\u043a\u0437\u0435\u043c\u0430-\u043d\u0430-\u0440\u0443\u043a\u0430\u0445-1024x1024.jpg 1024w, https:\/\/gerfanova.eu\/wp-content\/uploads\/2023\/04\/\u044d\u043a\u0437\u0435\u043c\u0430-\u043d\u0430-\u0440\u0443\u043a\u0430\u0445-300x300.jpg 300w, https:\/\/gerfanova.eu\/wp-content\/uploads\/2023\/04\/\u044d\u043a\u0437\u0435\u043c\u0430-\u043d\u0430-\u0440\u0443\u043a\u0430\u0445-150x150.jpg 150w, https:\/\/gerfanova.eu\/wp-content\/uploads\/2023\/04\/\u044d\u043a\u0437\u0435\u043c\u0430-\u043d\u0430-\u0440\u0443\u043a\u0430\u0445-768x768.jpg 768w, https:\/\/gerfanova.eu\/wp-content\/uploads\/2023\/04\/\u044d\u043a\u0437\u0435\u043c\u0430-\u043d\u0430-\u0440\u0443\u043a\u0430\u0445-1536x1536.jpg 1536w, https:\/\/gerfanova.eu\/wp-content\/uploads\/2023\/04\/\u044d\u043a\u0437\u0435\u043c\u0430-\u043d\u0430-\u0440\u0443\u043a\u0430\u0445-600x600.jpg 600w, https:\/\/gerfanova.eu\/wp-content\/uploads\/2023\/04\/\u044d\u043a\u0437\u0435\u043c\u0430-\u043d\u0430-\u0440\u0443\u043a\u0430\u0445.jpg 2048w\" sizes=\"(max-width: 1024px) 100vw, 1024px\" \/>\t\t\t\t\t\t\t\t\t\t\t\t\t\t\t<\/div>\n\t\t\t\t<\/div>\n\t\t\t\t\t<\/div>\n\t\t<\/div>\n\t\t\t\t<div class=\"elementor-column elementor-col-50 elementor-top-column elementor-element elementor-element-c247715\" data-id=\"c247715\" data-element_type=\"column\">\n\t\t\t<div class=\"elementor-widget-wrap elementor-element-populated\">\n\t\t\t\t\t\t\t\t<div class=\"elementor-element elementor-element-7d0ee8a elementor-widget elementor-widget-text-editor\" data-id=\"7d0ee8a\" data-element_type=\"widget\" data-widget_type=\"text-editor.default\">\n\t\t\t\t<div class=\"elementor-widget-container\">\n\t\t\t\t\t\t\t<p>Ahoj, jsem Peter, \u00fasp\u011b\u0161n\u00fd podnikatel, kter\u00fd se l\u00e9ta pot\u00fdkal s ekz\u00e9mem na rukou. Vyzkou\u0161el jsem r\u016fzn\u00e9 kr\u00e9my a ple\u0165ov\u00e9 vody, ale nic nezab\u00edralo. Byl jsem v konc\u00edch, kdy\u017e jsem se rozhodl vyhledat pomoc odborn\u00edka na v\u00fd\u017eivu.<\/p>\n<p>Tehdy jsem se sezn\u00e1mil s Valeri\u00ed Gerfanovou, uzn\u00e1vanou odbornic\u00ed na v\u00fd\u017eivu s dlouholet\u00fdmi zku\u0161enostmi, kter\u00e1 pom\u00e1h\u00e1 lidem p\u0159ekon\u00e1vat zdravotn\u00ed probl\u00e9my pomoc\u00ed spr\u00e1vn\u00e9 v\u00fd\u017eivy. Valerija rychle identifikovala hlavn\u00ed p\u0159\u00ed\u010dinu m\u00e9ho ekz\u00e9mu a p\u0159edepsala mi individu\u00e1ln\u00ed stravovac\u00ed pl\u00e1n, kter\u00fd mi pomohl vyhnout se potravin\u00e1m, kter\u00e9 jeho stav vyvol\u00e1valy.<\/p>\n<p>Pod veden\u00edm Valerie a s pomoc\u00ed t\u011bchto dopl\u0148k\u016f stravy se mi b\u011bhem 8 m\u011bs\u00edc\u016f poda\u0159ilo vyhnout se propuknut\u00ed ekz\u00e9mu a udr\u017eet si zdravou poko\u017eku. Byl jsem ohromen, jak rychle jsem vid\u011bl prvn\u00ed v\u00fdsledky a o kolik l\u00e9pe jsem se celkov\u011b c\u00edtil ( jen za 1 m\u011bs\u00edc).<\/p>\n<p>Dnes jsem \u0161\u0165astn\u00fd, \u017ee jsem se stal \u00fasp\u011b\u0161n\u00fdm p\u0159\u00edkladem Valeriiny v\u00fd\u017eivov\u00e9 praxe a nad\u00e1le \u017eiji zdrav\u00fd a spokojen\u00fd \u017eivot bez ekz\u00e9mu a dal\u0161\u00edch zdravotn\u00edch probl\u00e9m\u016f.<\/p>\n\t\t\t\t\t\t<\/div>\n\t\t\t\t<\/div>\n\t\t\t\t\t<\/div>\n\t\t<\/div>\n\t\t\t\t\t\t\t<\/div>\n\t\t<\/section>\n\t\t\t\t<section class=\"elementor-section elementor-top-section elementor-element elementor-element-3f9b647 elementor-section-boxed elementor-section-height-default elementor-section-height-default\" data-id=\"3f9b647\" data-element_type=\"section\">\n\t\t\t\t\t\t<div class=\"elementor-container elementor-column-gap-default\">\n\t\t\t\t\t<div class=\"elementor-column elementor-col-100 elementor-top-column elementor-element elementor-element-41bb4f9\" data-id=\"41bb4f9\" data-element_type=\"column\">\n\t\t\t<div class=\"elementor-widget-wrap elementor-element-populated\">\n\t\t\t\t\t\t\t\t<div class=\"elementor-element elementor-element-3b2d61e elementor-widget elementor-widget-text-editor\" data-id=\"3b2d61e\" data-element_type=\"widget\" data-widget_type=\"text-editor.default\">\n\t\t\t\t<div class=\"elementor-widget-container\">\n\t\t\t\t\t\t\t<p>Ahoj Pet\u0159e, moc ti d\u011bkuji!<\/p>\n<p>Dovolte mi, abych se pod\u011blila o to, co jsme vlastn\u011b ud\u011blali.<\/p>\n<p>Po podrobn\u00e9m rozboru krve, kter\u00fd zahrnoval i alergologick\u00e9 testy, jsem z denn\u00edho j\u00eddeln\u00ed\u010dku vy\u0159adila tzv. spou\u0161t\u011bc\u00ed potraviny a nahradila je vhodn\u011bj\u0161\u00edmi.<\/p>\n<p>Tak\u00e9 jsem doporu\u010dil dva dopl\u0148ky stravy, kter\u00e9 hr\u00e1ly z\u00e1sadn\u00ed roli p\u0159i rekonvalescenci \u2013 LifePak a Cordyceps synesis. Tyto dopl\u0148ky jsou pln\u00e9 antioxidant\u016f, kter\u00e9 pom\u00e1haj\u00ed sni\u017eovat z\u00e1n\u011bty a chr\u00e1nit poko\u017eku p\u0159ed po\u0161kozen\u00edm zp\u016fsoben\u00fdm voln\u00fdmi radik\u00e1ly.<\/p>\n<p>LifePak je komplexn\u00ed dopln\u011bk stravy, kter\u00fd obsahuje z\u00e1kladn\u00ed vitaminy, miner\u00e1ly a antioxidanty. Pom\u00e1h\u00e1 podporovat zdravou poko\u017eku, funkci imunitn\u00edho syst\u00e9mu a celkovou pohodu.<\/p>\n<p>Cordyceps synesis je zase p\u0159\u00edrodn\u00ed dopln\u011bk stravy vyroben\u00fd ze vz\u00e1cn\u00e9 houby, kter\u00e1 roste v Him\u00e1laji. Je zn\u00e1m\u00fd pro sv\u00e9 siln\u00e9 antioxida\u010dn\u00ed vlastnosti a schopnost zlep\u0161ovat funkci imunitn\u00edho syst\u00e9mu a hladinu energie.<\/p>\n<p>Celkov\u011b jsme tedy prvn\u00ed v\u00fdsledky vid\u011bli ji\u017e za m\u011bs\u00edc, ale zcela \u010dist\u00e1 poko\u017eka byla viditeln\u00e1 a\u017e po 8 m\u011bs\u00edc\u00edch, ani\u017e by se ekz\u00e9m znovu objevil po v\u00edce ne\u017e 6 m\u011bs\u00edc\u00edch.<\/p>\n<p>Moc d\u011bkuji a p\u0159eji hodn\u011b zdrav\u00ed!<\/p>\n\t\t\t\t\t\t<\/div>\n\t\t\t\t<\/div>\n\t\t\t\t\t<\/div>\n\t\t<\/div>\n\t\t\t\t\t\t\t<\/div>\n\t\t<\/section>\n\t\t\t\t\t\t\t<\/div>\n\t\t","protected":false},"excerpt":{"rendered":"<p>Galerie v\u00edt\u011bzstv\u00ed Je d\u016fle\u017eit\u00e9 v\u011bd\u011bt, kam sm\u011b\u0159ujeme a \u010deho chceme dos\u00e1hnout! P\u0159ed a po Ahoj, jsem Peter, \u00fasp\u011b\u0161n\u00fd podnikatel, kter\u00fd se l\u00e9ta pot\u00fdkal s ekz\u00e9mem na rukou. Vyzkou\u0161el jsem r\u016fzn\u00e9 kr\u00e9my a ple\u0165ov\u00e9 vody, ale nic nezab\u00edralo. Byl jsem v konc\u00edch, kdy\u017e jsem se rozhodl vyhledat pomoc odborn\u00edka na v\u00fd\u017eivu. Tehdy jsem se sezn\u00e1mil s [&hellip;]<\/p>\n","protected":false},"author":1,"featured_media":0,"parent":0,"menu_order":0,"comment_status":"closed","ping_status":"closed","template":"elementor_header_footer","meta":{"footnotes":""},"yst_prominent_words":[],"class_list":["post-1933","page","type-page","status-publish","hentry","entry","owp-thumbs-layout-horizontal","owp-btn-normal","owp-tabs-layout-horizontal","has-no-thumbnails","has-product-nav"],"_links":{"self":[{"href":"https:\/\/gerfanova.eu\/cs\/wp-json\/wp\/v2\/pages\/1933","targetHints":{"allow":["GET"]}}],"collection":[{"href":"https:\/\/gerfanova.eu\/cs\/wp-json\/wp\/v2\/pages"}],"about":[{"href":"https:\/\/gerfanova.eu\/cs\/wp-json\/wp\/v2\/types\/page"}],"author":[{"embeddable":true,"href":"https:\/\/gerfanova.eu\/cs\/wp-json\/wp\/v2\/users\/1"}],"replies":[{"embeddable":true,"href":"https:\/\/gerfanova.eu\/cs\/wp-json\/wp\/v2\/comments?post=1933"}],"version-history":[{"count":0,"href":"https:\/\/gerfanova.eu\/cs\/wp-json\/wp\/v2\/pages\/1933\/revisions"}],"wp:attachment":[{"href":"https:\/\/gerfanova.eu\/cs\/wp-json\/wp\/v2\/media?parent=1933"}],"wp:term":[{"taxonomy":"yst_prominent_words","embeddable":true,"href":"https:\/\/gerfanova.eu\/cs\/wp-json\/wp\/v2\/yst_prominent_words?post=1933"}],"curies":[{"name":"wp","href":"https:\/\/api.w.org\/{rel}","templated":true}]}}