{"id":1908,"date":"2023-05-02T15:44:08","date_gmt":"2023-05-02T15:44:08","guid":{"rendered":"https:\/\/gerfanova.eu\/individualni-podpora-2\/"},"modified":"2025-02-24T15:14:00","modified_gmt":"2025-02-24T15:14:00","slug":"individualni-podpora-2","status":"publish","type":"page","link":"https:\/\/gerfanova.eu\/cs\/individualni-podpora-2\/","title":{"rendered":"Individu\u00e1ln\u00ed podpora"},"content":{"rendered":"\t\t<div data-elementor-type=\"wp-page\" data-elementor-id=\"1908\" class=\"elementor elementor-1908 elementor-648\">\n\t\t\t\t\t\t\t\t\t<section class=\"elementor-section elementor-top-section elementor-element elementor-element-4dd7c27d elementor-section-height-min-height elementor-section-boxed elementor-section-height-default elementor-section-items-middle\" data-id=\"4dd7c27d\" data-element_type=\"section\" data-settings=\"{&quot;background_background&quot;:&quot;classic&quot;}\">\n\t\t\t\t\t\t\t<div class=\"elementor-background-overlay\"><\/div>\n\t\t\t\t\t\t\t<div class=\"elementor-container elementor-column-gap-default\">\n\t\t\t\t\t<div class=\"elementor-column elementor-col-100 elementor-top-column elementor-element elementor-element-2bc13c59\" data-id=\"2bc13c59\" data-element_type=\"column\">\n\t\t\t<div class=\"elementor-widget-wrap elementor-element-populated\">\n\t\t\t\t\t\t\t\t<div class=\"elementor-element elementor-element-775b0ccd elementor-widget elementor-widget-heading\" data-id=\"775b0ccd\" data-element_type=\"widget\" data-widget_type=\"heading.default\">\n\t\t\t\t<div class=\"elementor-widget-container\">\n\t\t\t<h3 class=\"elementor-heading-title elementor-size-default\">Individu\u00e1ln\u00ed podpora<\/h3>\t\t<\/div>\n\t\t\t\t<\/div>\n\t\t\t\t<div class=\"elementor-element elementor-element-6b902b3c elementor-widget elementor-widget-heading\" data-id=\"6b902b3c\" data-element_type=\"widget\" data-widget_type=\"heading.default\">\n\t\t\t\t<div class=\"elementor-widget-container\">\n\t\t\t<h5 class=\"elementor-heading-title elementor-size-default\">Spole\u010dn\u011b p\u016fjdeme celou cestu k dosa\u017een\u00ed na\u0161eho c\u00edle!<\/h5>\t\t<\/div>\n\t\t\t\t<\/div>\n\t\t\t\t\t<\/div>\n\t\t<\/div>\n\t\t\t\t\t\t\t<\/div>\n\t\t<\/section>\n\t\t\t\t<section class=\"elementor-section elementor-top-section elementor-element elementor-element-6c02af1e elementor-section-boxed elementor-section-height-default elementor-section-height-default\" data-id=\"6c02af1e\" data-element_type=\"section\">\n\t\t\t\t\t\t<div class=\"elementor-container elementor-column-gap-default\">\n\t\t\t\t\t<div class=\"elementor-column elementor-col-50 elementor-top-column elementor-element elementor-element-40946dc0\" data-id=\"40946dc0\" data-element_type=\"column\">\n\t\t\t<div class=\"elementor-widget-wrap elementor-element-populated\">\n\t\t\t\t\t\t\t\t<div class=\"elementor-element elementor-element-5ce8f9c elementor-widget elementor-widget-heading\" data-id=\"5ce8f9c\" data-element_type=\"widget\" data-widget_type=\"heading.default\">\n\t\t\t\t<div class=\"elementor-widget-container\">\n\t\t\t<h3 class=\"elementor-heading-title elementor-size-default\">Pro\u010d si vybrat individu\u00e1ln\u00ed podp\u016frn\u00fd program?<\/h3>\t\t<\/div>\n\t\t\t\t<\/div>\n\t\t\t\t<div class=\"elementor-element elementor-element-1a9b1497 elementor-widget elementor-widget-text-editor\" data-id=\"1a9b1497\" data-element_type=\"widget\" data-widget_type=\"text-editor.default\">\n\t\t\t\t<div class=\"elementor-widget-container\">\n\t\t\t\t\t\t\t<p>Pokud jde o trval\u00e9 zdrav\u00ed a pohodu, rozhoduje d\u016fsledn\u00e9 a individu\u00e1ln\u00ed veden\u00ed.<\/p><p>N\u00e1\u0161 program individu\u00e1ln\u00ed podpory nab\u00edz\u00ed specializovan\u00e9 partnerstv\u00ed, kter\u00e9 v\u00e1m zajist\u00ed, \u017ee se na sv\u00e9 cest\u011b za zdrav\u011bj\u0161\u00edm a \u0161\u0165astn\u011bj\u0161\u00edm \u017eivotem nebudete c\u00edtit sami.<\/p><ul><li><span style=\"text-decoration: underline;\">Na m\u00edru v\u00e1m:<\/span> Vyzkou\u0161ejte si rady a strategie p\u0159izp\u016fsoben\u00e9 va\u0161im pot\u0159eb\u00e1m, c\u00edl\u016fm a ka\u017edodenn\u00edm v\u00fdzv\u00e1m.<\/li><li><span style=\"text-decoration: underline;\">P\u0159\u00edm\u00fd p\u0159\u00edstup k odborn\u00edkovi:<\/span> Z\u00edskejte zp\u011btnou vazbu v re\u00e1ln\u00e9m \u010dase a pr\u016fb\u011b\u017enou odpov\u011bdnost od certifikovan\u00e9ho odborn\u00edka.<\/li><li><span style=\"text-decoration: underline;\">Dlouhodob\u00fd \u00fasp\u011bch:<\/span> Vybudujte si trval\u00e9 n\u00e1vyky s trvalou podporou nam\u00edsto rychl\u00fdch \u0159e\u0161en\u00ed.<\/li><\/ul><p><strong>Pro koho je to ur\u010deno?<\/strong><\/p><ul><li><span style=\"text-decoration: underline;\">Motivovan\u00ed jedinci:<\/span> Ide\u00e1ln\u00ed, pokud chcete strukturovan\u00e9, individu\u00e1ln\u00ed veden\u00ed k upevn\u011bn\u00ed zdrav\u00fdch n\u00e1vyk\u016f.<\/li><li><span style=\"text-decoration: underline;\">Zanepr\u00e1zdn\u011bn\u00ed profesion\u00e1lov\u00e9 a rodi\u010de:<\/span> Ide\u00e1ln\u00ed pro ty, kte\u0159\u00ed \u017eongluj\u00ed s v\u00edce povinnostmi a pot\u0159ebuj\u00ed flexibiln\u00ed a pohodlnou podporu.<\/li><li><span style=\"text-decoration: underline;\">V\u0161ichni, kdo hledaj\u00ed trvalou odpov\u011bdnost:<\/span> A\u0165 u\u017e se sna\u017e\u00edte zhubnout, pos\u00edlit energii nebo si jen udr\u017eet vyv\u00e1\u017een\u00fd \u017eivotn\u00ed styl, kl\u00ed\u010dem k trval\u00e9 zm\u011bn\u011b je pr\u016fb\u011b\u017en\u00fd kou\u010dink.<\/li><\/ul>\t\t\t\t\t\t<\/div>\n\t\t\t\t<\/div>\n\t\t\t\t<div class=\"elementor-element elementor-element-0e33608 elementor-widget elementor-widget-heading\" data-id=\"0e33608\" data-element_type=\"widget\" data-widget_type=\"heading.default\">\n\t\t\t\t<div class=\"elementor-widget-container\">\n\t\t\t<h3 class=\"elementor-heading-title elementor-size-default\">Co je v cen\u011b?<\/h3>\t\t<\/div>\n\t\t\t\t<\/div>\n\t\t\t\t<div class=\"elementor-element elementor-element-dcbf949 elementor-widget elementor-widget-text-editor\" data-id=\"dcbf949\" data-element_type=\"widget\" data-widget_type=\"text-editor.default\">\n\t\t\t\t<div class=\"elementor-widget-container\">\n\t\t\t\t\t\t\t<p>Tento program je pe\u010dliv\u011b navr\u017een tak, aby nab\u00edzel nep\u0159etr\u017eitou praktickou podporu pro va\u0161e c\u00edle v oblasti zdrav\u00ed a wellness.<\/p><p><strong>Zde je popis toho, co z\u00edsk\u00e1te:<\/strong><\/p><ol><li><span style=\"text-decoration: underline;\">10 tr\u00e9ninkov\u00fdch hodin b\u011bhem 30 dn\u016f: <\/span>Vychutnejte si strukturovan\u00e1 sezen\u00ed (online nebo osobn\u00ed), na kter\u00fdch probereme va\u0161e pokroky, budeme \u0159e\u0161it probl\u00e9my a zdokonalovat v\u00e1\u0161 pl\u00e1n. Ka\u017ed\u00e9 sezen\u00ed je zam\u011b\u0159eno na poskytov\u00e1n\u00ed jasn\u00fdch, realizovateln\u00fdch krok\u016f.<\/li><li><span style=\"text-decoration: underline;\">Ak\u010dn\u00ed pl\u00e1ny na m\u00edru:<\/span> Obdr\u017e\u00edte aktualizovan\u00e9 n\u00e1vrhy j\u00eddel, tipy pro \u017eivotn\u00ed styl a strategie pro budov\u00e1n\u00ed n\u00e1vyk\u016f v souladu s va\u0161imi vyv\u00edjej\u00edc\u00edmi se c\u00edli.<\/li><li><span style=\"text-decoration: underline;\">Podpora p\u0159es WhatsApp: <\/span>Z\u016fsta\u0148te ve spojen\u00ed mezi sezen\u00edmi s rychlou zp\u011btnou vazbou, motivac\u00ed a okam\u017eit\u00fdmi pokyny prost\u0159ednictv\u00edm aplikace WhatsApp.<\/li><li><span style=\"text-decoration: underline;\">Sledov\u00e1n\u00ed a anal\u00fdza pokroku: <\/span>Sledujte sv\u016fj pokrok v pr\u016fb\u011bhu \u010dasu, abyste vid\u011bli hmatateln\u00e9 v\u00fdsledky, a upravujte strategie, abyste zajistili st\u00e1l\u00e9 zlep\u0161ov\u00e1n\u00ed.<\/li><li><span style=\"text-decoration: underline;\">Kou\u010dov\u00e1n\u00ed v oblasti my\u0161len\u00ed a odpov\u011bdnosti:<\/span> Rozv\u00edjejte psychickou odolnost pot\u0159ebnou k udr\u017een\u00ed nov\u00fdch n\u00e1vyk\u016f a pokra\u010dujte v \u00fasp\u011b\u0161n\u00e9 pr\u00e1ci, i kdy\u017e je \u017eivot n\u00e1ro\u010dn\u00fd.<\/li><\/ol>\t\t\t\t\t\t<\/div>\n\t\t\t\t<\/div>\n\t\t\t\t\t<\/div>\n\t\t<\/div>\n\t\t\t\t<div class=\"elementor-column elementor-col-50 elementor-top-column elementor-element elementor-element-64f45e65\" data-id=\"64f45e65\" data-element_type=\"column\">\n\t\t\t<div class=\"elementor-widget-wrap elementor-element-populated\">\n\t\t\t\t\t\t\t\t<section class=\"elementor-section elementor-inner-section elementor-element elementor-element-6ef9abfb elementor-section-boxed elementor-section-height-default elementor-section-height-default\" data-id=\"6ef9abfb\" data-element_type=\"section\" data-settings=\"{&quot;background_background&quot;:&quot;classic&quot;}\">\n\t\t\t\t\t\t\t<div class=\"elementor-background-overlay\"><\/div>\n\t\t\t\t\t\t\t<div class=\"elementor-container elementor-column-gap-default\">\n\t\t\t\t\t<div class=\"elementor-column elementor-col-100 elementor-inner-column elementor-element elementor-element-4e814f23\" data-id=\"4e814f23\" data-element_type=\"column\">\n\t\t\t<div class=\"elementor-widget-wrap elementor-element-populated\">\n\t\t\t\t\t\t\t\t<div class=\"elementor-element elementor-element-7420dec5 elementor-widget elementor-widget-heading\" data-id=\"7420dec5\" data-element_type=\"widget\" data-widget_type=\"heading.default\">\n\t\t\t\t<div class=\"elementor-widget-container\">\n\t\t\t<h3 class=\"elementor-heading-title elementor-size-default\">P\u0159idan\u00e1 hodnota jen pro v\u00e1s<\/h3>\t\t<\/div>\n\t\t\t\t<\/div>\n\t\t\t\t<div class=\"elementor-element elementor-element-5114865d elementor-widget elementor-widget-text-editor\" data-id=\"5114865d\" data-element_type=\"widget\" data-widget_type=\"text-editor.default\">\n\t\t\t\t<div class=\"elementor-widget-container\">\n\t\t\t\t\t\t\t<p>Aby va\u0161e cesta z\u016fstala poutav\u00e1 a efektivn\u00ed, <strong>obdr\u017e\u00edte tak\u00e9<\/strong>:<\/p><ul><li><span style=\"text-decoration: underline;\">Personalizovanou knihovnu zdroj\u016f: <\/span>P\u0159\u00edstup k exkluzivn\u00edm recept\u016fm, pr\u016fvodc\u016fm cvi\u010den\u00edm a n\u00e1stroj\u016fm pro zvl\u00e1d\u00e1n\u00ed stresu, kter\u00e9 podpo\u0159\u00ed ka\u017ed\u00fd aspekt va\u0161eho \u017eivotn\u00edho stylu.<\/li><li><span style=\"text-decoration: underline;\">P\u0159ednostn\u00ed pl\u00e1nov\u00e1n\u00ed: <\/span>Vyu\u017eijte flexibiln\u00ed mo\u017enosti sch\u016fzek a v\u011bnujte se jim, kdykoli budete pot\u0159ebovat extra podporu nebo rychlou kontrolu.<\/li><li><span style=\"text-decoration: underline;\">Exkluzivn\u00ed slevy na dal\u0161\u00ed slu\u017eby: <\/span>Z\u00edskejte 10% slevu na jak\u00e9koli dal\u0161\u00ed programy nebo konzultace objednan\u00e9 v r\u00e1mci obdob\u00ed individu\u00e1ln\u00ed podpory.<\/li><\/ul><p><strong>Ud\u011blejte dal\u0161\u00ed krok<\/strong><\/p><p>Jste p\u0159ipraveni v\u011bnovat se zdrav\u011bj\u0161\u00edmu a energi\u010dt\u011bj\u0161\u00edmu \u017eivotu &#8211; ka\u017ed\u00fd den? Klikn\u011bte n\u00ed\u017ee a p\u0159ihlaste se do na\u0161eho programu individu\u00e1ln\u00ed podpory a vyzkou\u0161ejte si, jak\u00fd rozd\u00edl m\u016f\u017ee p\u0159in\u00e9st d\u016fsledn\u00e1 podpora pod veden\u00edm odborn\u00edk\u016f.<\/p>\t\t\t\t\t\t<\/div>\n\t\t\t\t<\/div>\n\t\t\t\t<div class=\"elementor-element elementor-element-1fdac45 elementor-icon-list--layout-traditional elementor-list-item-link-full_width elementor-widget elementor-widget-icon-list\" data-id=\"1fdac45\" data-element_type=\"widget\" data-widget_type=\"icon-list.default\">\n\t\t\t\t<div class=\"elementor-widget-container\">\n\t\t\t\t\t<ul class=\"elementor-icon-list-items\">\n\t\t\t\t\t\t\t<li class=\"elementor-icon-list-item\">\n\t\t\t\t\t\t\t\t\t\t\t<span class=\"elementor-icon-list-icon\">\n\t\t\t\t\t\t\t<i aria-hidden=\"true\" class=\"far fa-clock\"><\/i>\t\t\t\t\t\t<\/span>\n\t\t\t\t\t\t\t\t\t\t<span class=\"elementor-icon-list-text\">Doba trv\u00e1n\u00ed: 1 m\u011bsic<\/span>\n\t\t\t\t\t\t\t\t\t<\/li>\n\t\t\t\t\t\t\t\t<li class=\"elementor-icon-list-item\">\n\t\t\t\t\t\t\t\t\t\t\t<span class=\"elementor-icon-list-icon\">\n\t\t\t\t\t\t\t<i aria-hidden=\"true\" class=\"icon icon-money-bag3\"><\/i>\t\t\t\t\t\t<\/span>\n\t\t\t\t\t\t\t\t\t\t<span class=\"elementor-icon-list-text\"><b>CZ 19500 CZK <br>EU 800 EUR <br>US 930 USD<\/b><\/span>\n\t\t\t\t\t\t\t\t\t<\/li>\n\t\t\t\t\t\t<\/ul>\n\t\t\t\t<\/div>\n\t\t\t\t<\/div>\n\t\t\t\t<div class=\"elementor-element elementor-element-b9aa8de elementor-widget elementor-widget-button\" data-id=\"b9aa8de\" data-element_type=\"widget\" data-widget_type=\"button.default\">\n\t\t\t\t<div class=\"elementor-widget-container\">\n\t\t\t\t\t<div class=\"elementor-button-wrapper\">\n\t\t\t<a class=\"elementor-button elementor-button-link elementor-size-sm\" href=\"https:\/\/valerija-gerfanova.bookafy.com\/service\/individual-support?locale=cs\" target=\"_blank\">\n\t\t\t\t\t\t<span class=\"elementor-button-content-wrapper\">\n\t\t\t\t\t\t<span class=\"elementor-button-text\">Rezervovat nyn\u00ed<\/span>\n\t\t<\/span>\n\t\t\t\t\t<\/a>\n\t\t<\/div>\n\t\t\t\t<\/div>\n\t\t\t\t<\/div>\n\t\t\t\t\t<\/div>\n\t\t<\/div>\n\t\t\t\t\t\t\t<\/div>\n\t\t<\/section>\n\t\t\t\t\t<\/div>\n\t\t<\/div>\n\t\t\t\t\t\t\t<\/div>\n\t\t<\/section>\n\t\t\t\t\t\t\t<\/div>\n\t\t","protected":false},"excerpt":{"rendered":"<p>Individu\u00e1ln\u00ed podpora Spole\u010dn\u011b p\u016fjdeme celou cestu k dosa\u017een\u00ed na\u0161eho c\u00edle! Pro\u010d si vybrat individu\u00e1ln\u00ed podp\u016frn\u00fd program? Pokud jde o trval\u00e9 zdrav\u00ed a pohodu, rozhoduje d\u016fsledn\u00e9 a individu\u00e1ln\u00ed veden\u00ed. N\u00e1\u0161 program individu\u00e1ln\u00ed podpory nab\u00edz\u00ed specializovan\u00e9 partnerstv\u00ed, kter\u00e9 v\u00e1m zajist\u00ed, \u017ee se na sv\u00e9 cest\u011b za zdrav\u011bj\u0161\u00edm a \u0161\u0165astn\u011bj\u0161\u00edm \u017eivotem nebudete c\u00edtit sami. Na m\u00edru v\u00e1m: Vyzkou\u0161ejte [&hellip;]<\/p>\n","protected":false},"author":1,"featured_media":0,"parent":0,"menu_order":0,"comment_status":"closed","ping_status":"closed","template":"elementor_header_footer","meta":{"footnotes":""},"yst_prominent_words":[],"class_list":["post-1908","page","type-page","status-publish","hentry","entry","owp-thumbs-layout-horizontal","owp-btn-normal","owp-tabs-layout-horizontal","has-no-thumbnails","has-product-nav"],"_links":{"self":[{"href":"https:\/\/gerfanova.eu\/cs\/wp-json\/wp\/v2\/pages\/1908","targetHints":{"allow":["GET"]}}],"collection":[{"href":"https:\/\/gerfanova.eu\/cs\/wp-json\/wp\/v2\/pages"}],"about":[{"href":"https:\/\/gerfanova.eu\/cs\/wp-json\/wp\/v2\/types\/page"}],"author":[{"embeddable":true,"href":"https:\/\/gerfanova.eu\/cs\/wp-json\/wp\/v2\/users\/1"}],"replies":[{"embeddable":true,"href":"https:\/\/gerfanova.eu\/cs\/wp-json\/wp\/v2\/comments?post=1908"}],"version-history":[{"count":0,"href":"https:\/\/gerfanova.eu\/cs\/wp-json\/wp\/v2\/pages\/1908\/revisions"}],"wp:attachment":[{"href":"https:\/\/gerfanova.eu\/cs\/wp-json\/wp\/v2\/media?parent=1908"}],"wp:term":[{"taxonomy":"yst_prominent_words","embeddable":true,"href":"https:\/\/gerfanova.eu\/cs\/wp-json\/wp\/v2\/yst_prominent_words?post=1908"}],"curies":[{"name":"wp","href":"https:\/\/api.w.org\/{rel}","templated":true}]}}