{"id":1904,"date":"2023-05-02T15:25:16","date_gmt":"2023-05-02T15:25:16","guid":{"rendered":"https:\/\/gerfanova.eu\/kompletni-diagnostika-zivotniho-stylu\/"},"modified":"2025-02-24T14:54:05","modified_gmt":"2025-02-24T14:54:05","slug":"kompletni-diagnostika-zivotniho-stylu","status":"publish","type":"page","link":"https:\/\/gerfanova.eu\/cs\/kompletni-diagnostika-zivotniho-stylu\/","title":{"rendered":"Kompletn\u00ed diagnostika \u017eivotn\u00edho stylu"},"content":{"rendered":"\t\t<div data-elementor-type=\"wp-page\" data-elementor-id=\"1904\" class=\"elementor elementor-1904 elementor-897\">\n\t\t\t\t\t\t\t\t\t<section class=\"elementor-section elementor-top-section elementor-element elementor-element-4dd7c27d elementor-section-height-min-height elementor-section-boxed elementor-section-height-default elementor-section-items-middle\" data-id=\"4dd7c27d\" data-element_type=\"section\" data-settings=\"{&quot;background_background&quot;:&quot;classic&quot;}\">\n\t\t\t\t\t\t\t<div class=\"elementor-background-overlay\"><\/div>\n\t\t\t\t\t\t\t<div class=\"elementor-container elementor-column-gap-default\">\n\t\t\t\t\t<div class=\"elementor-column elementor-col-100 elementor-top-column elementor-element elementor-element-2bc13c59\" data-id=\"2bc13c59\" data-element_type=\"column\">\n\t\t\t<div class=\"elementor-widget-wrap elementor-element-populated\">\n\t\t\t\t\t\t\t\t<div class=\"elementor-element elementor-element-775b0ccd elementor-widget elementor-widget-heading\" data-id=\"775b0ccd\" data-element_type=\"widget\" data-widget_type=\"heading.default\">\n\t\t\t\t<div class=\"elementor-widget-container\">\n\t\t\t<h3 class=\"elementor-heading-title elementor-size-default\">Kompletn\u00ed diagnostika \u017eivotn\u00edho stylu<\/h3>\t\t<\/div>\n\t\t\t\t<\/div>\n\t\t\t\t<div class=\"elementor-element elementor-element-6b902b3c elementor-widget elementor-widget-heading\" data-id=\"6b902b3c\" data-element_type=\"widget\" data-widget_type=\"heading.default\">\n\t\t\t\t<div class=\"elementor-widget-container\">\n\t\t\t<h5 class=\"elementor-heading-title elementor-size-default\">Spole\u010dn\u011b p\u016fjdeme celou cestu k dosa\u017een\u00ed na\u0161eho c\u00edle!<\/h5>\t\t<\/div>\n\t\t\t\t<\/div>\n\t\t\t\t\t<\/div>\n\t\t<\/div>\n\t\t\t\t\t\t\t<\/div>\n\t\t<\/section>\n\t\t\t\t<section class=\"elementor-section elementor-top-section elementor-element elementor-element-6c02af1e elementor-section-boxed elementor-section-height-default elementor-section-height-default\" data-id=\"6c02af1e\" data-element_type=\"section\">\n\t\t\t\t\t\t<div class=\"elementor-container elementor-column-gap-default\">\n\t\t\t\t\t<div class=\"elementor-column elementor-col-50 elementor-top-column elementor-element elementor-element-40946dc0\" data-id=\"40946dc0\" data-element_type=\"column\">\n\t\t\t<div class=\"elementor-widget-wrap elementor-element-populated\">\n\t\t\t\t\t\t\t\t<div class=\"elementor-element elementor-element-5ce8f9c elementor-widget elementor-widget-heading\" data-id=\"5ce8f9c\" data-element_type=\"widget\" data-widget_type=\"heading.default\">\n\t\t\t\t<div class=\"elementor-widget-container\">\n\t\t\t<h3 class=\"elementor-heading-title elementor-size-default\">Pro\u010d si vybrat program kompletn\u00ed diagnostiky \u017eivotn\u00edho stylu?<\/h3>\t\t<\/div>\n\t\t\t\t<\/div>\n\t\t\t\t<div class=\"elementor-element elementor-element-1a9b1497 elementor-widget elementor-widget-text-editor\" data-id=\"1a9b1497\" data-element_type=\"widget\" data-widget_type=\"text-editor.default\">\n\t\t\t\t<div class=\"elementor-widget-container\">\n\t\t\t\t\t\t\t<p>Dosa\u017een\u00ed dlouhodob\u00e9ho zdrav\u00ed a rovnov\u00e1hy vy\u017eaduje v\u00edce ne\u017e jednor\u00e1zov\u00e9 sezen\u00ed &#8211; jde o d\u016fsledn\u00e9 veden\u00ed a praktick\u00e9 poznatky. Tento program nab\u00edz\u00ed komplexn\u00ed, individu\u00e1ln\u00ed p\u0159\u00edstup k prom\u011bn\u011b va\u0161eho \u017eivotn\u00edho stylu b\u011bhem <strong>30 dn\u016f<\/strong> s odbornou podporou a n\u00e1stroji navr\u017een\u00fdmi pro trval\u00fd \u00fasp\u011bch.<\/p><ul><li><span style=\"text-decoration: underline;\">Pr\u016fb\u011b\u017en\u00e1 podpora:<\/span> \u010cty\u0159i 90minutov\u00e9 konzultace v\u00e1m zajist\u00ed konzistentn\u00ed veden\u00ed po celou dobu va\u0161\u00ed cesty.<\/li><li>N<span style=\"text-decoration: underline;\">a m\u00edru v\u00e1m:<\/span> Individu\u00e1ln\u00ed stravovac\u00ed pl\u00e1ny, sledov\u00e1n\u00ed hmotnosti a kou\u010dov\u00e1n\u00ed jsou sestaveny tak, aby odpov\u00eddaly va\u0161im jedine\u010dn\u00fdm pot\u0159eb\u00e1m a c\u00edl\u016fm.<\/li><li><span style=\"text-decoration: underline;\">Znalosti zam\u011b\u0159en\u00e9 na budoucnost:<\/span> Z\u00edskejte cenn\u00e9 poznatky a n\u00e1stroje, na kter\u00e9 se m\u016f\u017eete spolehnout po cel\u00fd \u017eivot.<\/li><\/ul><p><strong>Pro koho je to ur\u010deno?<\/strong><\/p><p>Tento program je ide\u00e1ln\u00ed pro:<\/p><ul><li>Pro jednotlivce, kte\u0159\u00ed hledaj\u00ed strukturovanou, individu\u00e1ln\u00ed podporu pro zm\u011bnu sv\u00e9ho zdrav\u00ed.<\/li><li>Pro ty, kte\u0159\u00ed jsou p\u0159ipraveni zav\u00e1zat se k udr\u017eiteln\u00fdm zm\u011bn\u00e1m \u017eivotn\u00edho stylu pod odborn\u00fdm veden\u00edm.<\/li><li>Ka\u017ed\u00e9ho, kdo se chce nau\u010dit, jak si udr\u017eet sv\u016fj pokrok dlouhodob\u011b.<\/li><\/ul>\t\t\t\t\t\t<\/div>\n\t\t\t\t<\/div>\n\t\t\t\t<div class=\"elementor-element elementor-element-0e33608 elementor-widget elementor-widget-heading\" data-id=\"0e33608\" data-element_type=\"widget\" data-widget_type=\"heading.default\">\n\t\t\t\t<div class=\"elementor-widget-container\">\n\t\t\t<h3 class=\"elementor-heading-title elementor-size-default\">Co je v cen\u011b?<\/h3>\t\t<\/div>\n\t\t\t\t<\/div>\n\t\t\t\t<div class=\"elementor-element elementor-element-dcbf949 elementor-widget elementor-widget-text-editor\" data-id=\"dcbf949\" data-element_type=\"widget\" data-widget_type=\"text-editor.default\">\n\t\t\t\t<div class=\"elementor-widget-container\">\n\t\t\t\t\t\t\t<p>Tento program je sestaven tak, aby p\u0159in\u00e1\u0161el v\u00fdsledky a trvalou hodnotu.<\/p><p><strong>Zde je popis toho, co z\u00edsk\u00e1te:<\/strong><\/p><ul><li><span style=\"text-decoration: underline;\">\u010cty\u0159i 90minutov\u00e9 konzultace:<\/span> Tyto konzultace, kter\u00e9 se konaj\u00ed po dobu 30 dn\u016f, poskytuj\u00ed pr\u016fb\u011b\u017en\u00e9 hodnocen\u00ed, zp\u011btnou vazbu a \u00fapravy va\u0161eho pl\u00e1nu podle toho, jak postupujete.<\/li><li><span style=\"text-decoration: underline;\">Individu\u00e1ln\u00ed stravovac\u00ed pl\u00e1n: J\u00eddeln\u00ed\u010dek:<\/span> navr\u017een\u00fd speci\u00e1ln\u011b pro va\u0161e preference, \u017eivotn\u00ed styl a zdravotn\u00ed c\u00edle, aby byla zaji\u0161t\u011bna \u00fa\u010dinnost a udr\u017eitelnost.<\/li><li><span style=\"text-decoration: underline;\">Sledov\u00e1n\u00ed hmotnosti a monitorov\u00e1n\u00ed pokroku:<\/span> Udr\u017eujte se na spr\u00e1vn\u00e9 cest\u011b d\u00edky pravideln\u00e9mu vyhodnocov\u00e1n\u00ed a \u00faprav\u00e1m na z\u00e1klad\u011b va\u0161ich v\u00fdsledk\u016f.<\/li><li><span style=\"text-decoration: underline;\">Zdravotn\u00ed kou\u010dink s jedine\u010dn\u00fdmi post\u0159ehy:<\/span> Nau\u010dte se strategie a znalosti, kter\u00e9 v\u00e1m umo\u017en\u00ed dos\u00e1hnout dlouhodob\u00e9ho \u00fasp\u011bchu, v\u010detn\u011b praktick\u00fdch tip\u016f t\u00fdkaj\u00edc\u00edch se v\u00fd\u017eivy, n\u00e1vyk\u016f a celkov\u00e9ho zdrav\u00ed.<\/li><li><span style=\"text-decoration: underline;\">Pl\u00e1n transformace \u017eivotn\u00edho stylu:<\/span> Komplexn\u00ed p\u0159\u00edstup zam\u011b\u0159en\u00fd na v\u00fd\u017eivu, aktivitu, zvl\u00e1d\u00e1n\u00ed stresu a dal\u0161\u00ed kl\u00ed\u010dov\u00e9 oblasti zdrav\u00ed.<\/li><\/ul>\t\t\t\t\t\t<\/div>\n\t\t\t\t<\/div>\n\t\t\t\t\t<\/div>\n\t\t<\/div>\n\t\t\t\t<div class=\"elementor-column elementor-col-50 elementor-top-column elementor-element elementor-element-64f45e65\" data-id=\"64f45e65\" data-element_type=\"column\">\n\t\t\t<div class=\"elementor-widget-wrap elementor-element-populated\">\n\t\t\t\t\t\t\t\t<section class=\"elementor-section elementor-inner-section elementor-element elementor-element-6ef9abfb elementor-section-boxed elementor-section-height-default elementor-section-height-default\" data-id=\"6ef9abfb\" data-element_type=\"section\" data-settings=\"{&quot;background_background&quot;:&quot;classic&quot;}\">\n\t\t\t\t\t\t\t<div class=\"elementor-background-overlay\"><\/div>\n\t\t\t\t\t\t\t<div class=\"elementor-container elementor-column-gap-default\">\n\t\t\t\t\t<div class=\"elementor-column elementor-col-100 elementor-inner-column elementor-element elementor-element-4e814f23\" data-id=\"4e814f23\" data-element_type=\"column\">\n\t\t\t<div class=\"elementor-widget-wrap elementor-element-populated\">\n\t\t\t\t\t\t\t\t<div class=\"elementor-element elementor-element-7420dec5 elementor-widget elementor-widget-heading\" data-id=\"7420dec5\" data-element_type=\"widget\" data-widget_type=\"heading.default\">\n\t\t\t\t<div class=\"elementor-widget-container\">\n\t\t\t<h3 class=\"elementor-heading-title elementor-size-default\">Co obdr\u017e\u00edte a jak\u00e1 je va\u0161e investice<\/h3>\t\t<\/div>\n\t\t\t\t<\/div>\n\t\t\t\t<div class=\"elementor-element elementor-element-5114865d elementor-widget elementor-widget-text-editor\" data-id=\"5114865d\" data-element_type=\"widget\" data-widget_type=\"text-editor.default\">\n\t\t\t\t<div class=\"elementor-widget-container\">\n\t\t\t\t\t\t\t<p>Tento program kombinuje nejmodern\u011bj\u0161\u00ed n\u00e1stroje, odborn\u00e9 veden\u00ed a individu\u00e1ln\u00ed strategie, kter\u00e9 v\u00e1m poskytnou komplexn\u00ed p\u0159\u00edstup k va\u0161emu zdrav\u00ed a wellness.<\/p><p><strong>Zde je popis toho, co z\u00edsk\u00e1te:<\/strong><\/p><ul><li><span style=\"text-decoration: underline;\">Hloubkovou anal\u00fdzu zdrav\u00ed:<\/span> D\u016fkladn\u00e9 a praktick\u00e9 posouzen\u00ed va\u0161eho sou\u010dasn\u00e9ho stavu, zahrnuj\u00edc\u00ed klinick\u00e9 testy, kter\u00e9 v\u00e1m poskytnou jasn\u00fd obraz o va\u0161em zdrav\u00ed.<\/li><li><span style=\"text-decoration: underline;\">Pr\u016fb\u011b\u017enou online podporu:<\/span> Pr\u016fb\u011b\u017en\u00e9 veden\u00ed a motivaci od zku\u0161en\u00e9ho odborn\u00edka na v\u00fd\u017eivu po celou dobu programu.<\/li><li><span style=\"text-decoration: underline;\">Individu\u00e1ln\u00ed v\u00fd\u017eivov\u00fd pl\u00e1n:<\/span> Pln\u011b p\u0159izp\u016fsoben\u00fd pl\u00e1n navr\u017een\u00fd tak, aby vyhovoval va\u0161im jedine\u010dn\u00fdm pot\u0159eb\u00e1m, preferenc\u00edm a zdravotn\u00edm c\u00edl\u016fm.<\/li><li><span style=\"text-decoration: underline;\">Pokro\u010dil\u00e9 technologie:<\/span> Vyu\u017eijte inovativn\u00ed n\u00e1stroje, jako je biofotonick\u00fd skener a bioimpedan\u010dn\u00ed anal\u00fdza, pro p\u0159esn\u00fd pohled na va\u0161e zdrav\u00ed.<\/li><li><span style=\"text-decoration: underline;\">Sledov\u00e1n\u00ed c\u00edl\u016f a \u010dasov\u00fd pl\u00e1n:<\/span> Jasn\u00e9 v\u00fdpo\u010dty a realistick\u00e9 \u010dasov\u00e9 pl\u00e1ny, kter\u00e9 v\u00e1m pomohou efektivn\u011b dos\u00e1hnout po\u017eadovan\u00fdch v\u00fdsledk\u016f.<\/li><li><span style=\"text-decoration: underline;\">P\u0159izp\u016fsoben\u00e1 potravinov\u00e1 doporu\u010den\u00ed:<\/span> Na m\u00edru \u0161it\u00fd seznam potravin, kter\u00e9 jsou ide\u00e1ln\u00ed pro va\u0161e t\u011blo a \u017eivotn\u00ed styl.<\/li><li><span style=\"text-decoration: underline;\">Certifikovan\u00e9 odborn\u00e9 veden\u00ed:<\/span> Spolupr\u00e1ce s kvalifikovan\u00fdm odborn\u00edkem na v\u00fd\u017eivu, d\u00edky kter\u00e9mu m\u016f\u017eete s jistotou proj\u00edt svou cestou za zdrav\u00edm.<\/li><li><span style=\"text-decoration: underline;\">Vytv\u00e1\u0159en\u00ed udr\u017eiteln\u00fdch n\u00e1vyk\u016f:<\/span> Vytvo\u0159te si trval\u00e9 zdrav\u00e9 n\u00e1vyky d\u00edky individu\u00e1ln\u00edmu p\u0159\u00edstupu a realizovateln\u00fdm strategi\u00edm.<\/li><li><span style=\"text-decoration: underline;\">Dlouhodob\u00e1 podpora \u017eivotn\u00edho stylu:<\/span> Praktick\u00e9 n\u00e1stroje a poznatky, kter\u00e9 v\u00e1m pomohou udr\u017eet a rozv\u00edjet va\u0161e pokroky po mnoho let.<\/li><li><span style=\"text-decoration: underline;\">Vylep\u0161en\u00e1 kontrola stravy:<\/span> Roz\u0161\u00ed\u0159en\u00e9 zdroje a mo\u017enosti optimalizace va\u0161\u00ed v\u00fd\u017eivy a celkov\u00e9 pohody.<\/li><\/ul><p><span style=\"text-decoration: underline;\"><strong>Pr\u016fb\u011b\u017en\u00e9 slevy:<\/strong><\/span> Obdr\u017e\u00edte 10% slevu na dal\u0161\u00ed slu\u017eby objednan\u00e9 b\u011bhem programu.<\/p><p><strong>Za\u010dn\u011bte svou cestu je\u0161t\u011b dnes<\/strong><\/p><p>Zm\u011b\u0148te sv\u00e9 zdrav\u00ed pomoc\u00ed komplexn\u00edho programu navr\u017een\u00e9ho pro trval\u00fd \u00fasp\u011bch. Klikn\u011bte n\u00ed\u017ee a objednejte si kompletn\u00ed program diagnostiky \u017eivotn\u00edho stylu a ud\u011blejte prvn\u00ed krok k trval\u00e9 zm\u011bn\u011b<\/p>\t\t\t\t\t\t<\/div>\n\t\t\t\t<\/div>\n\t\t\t\t<div class=\"elementor-element elementor-element-1fdac45 elementor-icon-list--layout-traditional elementor-list-item-link-full_width elementor-widget elementor-widget-icon-list\" data-id=\"1fdac45\" data-element_type=\"widget\" data-widget_type=\"icon-list.default\">\n\t\t\t\t<div class=\"elementor-widget-container\">\n\t\t\t\t\t<ul class=\"elementor-icon-list-items\">\n\t\t\t\t\t\t\t<li class=\"elementor-icon-list-item\">\n\t\t\t\t\t\t\t\t\t\t\t<span class=\"elementor-icon-list-icon\">\n\t\t\t\t\t\t\t<i aria-hidden=\"true\" class=\"far fa-clock\"><\/i>\t\t\t\t\t\t<\/span>\n\t\t\t\t\t\t\t\t\t\t<span class=\"elementor-icon-list-text\">Doba trv\u00e1n\u00ed: <br>2 hodiny prvn\u00ed konzultace, <br>60 minut n\u00e1sledn\u00e9 konzultace, <br>podpora po dobu 4 t\u00fddn\u016f <br>(odpov\u011bdi na zpr\u00e1vy 3kr\u00e1t t\u00fddn\u011b)<\/span>\n\t\t\t\t\t\t\t\t\t<\/li>\n\t\t\t\t\t\t\t\t<li class=\"elementor-icon-list-item\">\n\t\t\t\t\t\t\t\t\t\t\t<span class=\"elementor-icon-list-icon\">\n\t\t\t\t\t\t\t<i aria-hidden=\"true\" class=\"icon icon-money-bag3\"><\/i>\t\t\t\t\t\t<\/span>\n\t\t\t\t\t\t\t\t\t\t<span class=\"elementor-icon-list-text\"><b>CZ 10500 CZK<br>EU 440 EUR<br>US 500 USD<\/b><\/span>\n\t\t\t\t\t\t\t\t\t<\/li>\n\t\t\t\t\t\t<\/ul>\n\t\t\t\t<\/div>\n\t\t\t\t<\/div>\n\t\t\t\t<div class=\"elementor-element elementor-element-d379c5b elementor-widget elementor-widget-button\" data-id=\"d379c5b\" data-element_type=\"widget\" data-widget_type=\"button.default\">\n\t\t\t\t<div class=\"elementor-widget-container\">\n\t\t\t\t\t<div class=\"elementor-button-wrapper\">\n\t\t\t<a class=\"elementor-button elementor-button-link elementor-size-sm\" href=\"https:\/\/valerija-gerfanova.bookafy.com\/service\/complete-lifestyle-diagnostics?locale=cs\" target=\"_blank\">\n\t\t\t\t\t\t<span class=\"elementor-button-content-wrapper\">\n\t\t\t\t\t\t<span class=\"elementor-button-text\">Rezervovat nyn\u00ed<\/span>\n\t\t<\/span>\n\t\t\t\t\t<\/a>\n\t\t<\/div>\n\t\t\t\t<\/div>\n\t\t\t\t<\/div>\n\t\t\t\t\t<\/div>\n\t\t<\/div>\n\t\t\t\t\t\t\t<\/div>\n\t\t<\/section>\n\t\t\t\t\t<\/div>\n\t\t<\/div>\n\t\t\t\t\t\t\t<\/div>\n\t\t<\/section>\n\t\t\t\t\t\t\t<\/div>\n\t\t","protected":false},"excerpt":{"rendered":"<p>Kompletn\u00ed diagnostika \u017eivotn\u00edho stylu Spole\u010dn\u011b p\u016fjdeme celou cestu k dosa\u017een\u00ed na\u0161eho c\u00edle! Pro\u010d si vybrat program kompletn\u00ed diagnostiky \u017eivotn\u00edho stylu? Dosa\u017een\u00ed dlouhodob\u00e9ho zdrav\u00ed a rovnov\u00e1hy vy\u017eaduje v\u00edce ne\u017e jednor\u00e1zov\u00e9 sezen\u00ed &#8211; jde o d\u016fsledn\u00e9 veden\u00ed a praktick\u00e9 poznatky. Tento program nab\u00edz\u00ed komplexn\u00ed, individu\u00e1ln\u00ed p\u0159\u00edstup k prom\u011bn\u011b va\u0161eho \u017eivotn\u00edho stylu b\u011bhem 30 dn\u016f s odbornou podporou [&hellip;]<\/p>\n","protected":false},"author":1,"featured_media":0,"parent":0,"menu_order":0,"comment_status":"closed","ping_status":"closed","template":"elementor_header_footer","meta":{"footnotes":""},"yst_prominent_words":[],"class_list":["post-1904","page","type-page","status-publish","hentry","entry","owp-thumbs-layout-horizontal","owp-btn-normal","owp-tabs-layout-horizontal","has-no-thumbnails","has-product-nav"],"_links":{"self":[{"href":"https:\/\/gerfanova.eu\/cs\/wp-json\/wp\/v2\/pages\/1904","targetHints":{"allow":["GET"]}}],"collection":[{"href":"https:\/\/gerfanova.eu\/cs\/wp-json\/wp\/v2\/pages"}],"about":[{"href":"https:\/\/gerfanova.eu\/cs\/wp-json\/wp\/v2\/types\/page"}],"author":[{"embeddable":true,"href":"https:\/\/gerfanova.eu\/cs\/wp-json\/wp\/v2\/users\/1"}],"replies":[{"embeddable":true,"href":"https:\/\/gerfanova.eu\/cs\/wp-json\/wp\/v2\/comments?post=1904"}],"version-history":[{"count":0,"href":"https:\/\/gerfanova.eu\/cs\/wp-json\/wp\/v2\/pages\/1904\/revisions"}],"wp:attachment":[{"href":"https:\/\/gerfanova.eu\/cs\/wp-json\/wp\/v2\/media?parent=1904"}],"wp:term":[{"taxonomy":"yst_prominent_words","embeddable":true,"href":"https:\/\/gerfanova.eu\/cs\/wp-json\/wp\/v2\/yst_prominent_words?post=1904"}],"curies":[{"name":"wp","href":"https:\/\/api.w.org\/{rel}","templated":true}]}}