{"id":1896,"date":"2023-05-02T14:51:51","date_gmt":"2023-05-02T14:51:51","guid":{"rendered":"https:\/\/gerfanova.eu\/individualni-vyzivove-poradenstvi\/"},"modified":"2025-02-24T14:21:17","modified_gmt":"2025-02-24T14:21:17","slug":"individualni-vyzivove-poradenstvi","status":"publish","type":"page","link":"https:\/\/gerfanova.eu\/cs\/individualni-vyzivove-poradenstvi\/","title":{"rendered":"Individu\u00e1ln\u00ed v\u00fd\u017eivov\u00e9 poradenstv\u00ed"},"content":{"rendered":"\t\t<div data-elementor-type=\"wp-page\" data-elementor-id=\"1896\" class=\"elementor elementor-1896 elementor-650\">\n\t\t\t\t\t\t\t\t\t<section class=\"elementor-section elementor-top-section elementor-element elementor-element-5ef2e6e3 elementor-section-height-min-height elementor-section-boxed elementor-section-height-default elementor-section-items-middle\" data-id=\"5ef2e6e3\" data-element_type=\"section\" data-settings=\"{&quot;background_background&quot;:&quot;classic&quot;}\">\n\t\t\t\t\t\t\t<div class=\"elementor-background-overlay\"><\/div>\n\t\t\t\t\t\t\t<div class=\"elementor-container elementor-column-gap-default\">\n\t\t\t\t\t<div class=\"elementor-column elementor-col-100 elementor-top-column elementor-element elementor-element-3fec1247\" data-id=\"3fec1247\" data-element_type=\"column\">\n\t\t\t<div class=\"elementor-widget-wrap elementor-element-populated\">\n\t\t\t\t\t\t\t\t<div class=\"elementor-element elementor-element-6602011d elementor-widget elementor-widget-heading\" data-id=\"6602011d\" data-element_type=\"widget\" data-widget_type=\"heading.default\">\n\t\t\t\t<div class=\"elementor-widget-container\">\n\t\t\t<h1 class=\"elementor-heading-title elementor-size-default\">Individu\u00e1ln\u00ed konzultace<\/h1>\t\t<\/div>\n\t\t\t\t<\/div>\n\t\t\t\t<div class=\"elementor-element elementor-element-6dc6a346 elementor-widget elementor-widget-heading\" data-id=\"6dc6a346\" data-element_type=\"widget\" data-widget_type=\"heading.default\">\n\t\t\t\t<div class=\"elementor-widget-container\">\n\t\t\t<h2 class=\"elementor-heading-title elementor-size-default\">1hodinov\u00e1 online nebo offline individu\u00e1ln\u00ed konzultace s certifikovan\u00fdm odborn\u00edkem na v\u00fd\u017eivu<\/h2>\t\t<\/div>\n\t\t\t\t<\/div>\n\t\t\t\t\t<\/div>\n\t\t<\/div>\n\t\t\t\t\t\t\t<\/div>\n\t\t<\/section>\n\t\t\t\t<section class=\"elementor-section elementor-top-section elementor-element elementor-element-6b164aaa elementor-section-boxed elementor-section-height-default elementor-section-height-default\" data-id=\"6b164aaa\" data-element_type=\"section\">\n\t\t\t\t\t\t<div class=\"elementor-container elementor-column-gap-default\">\n\t\t\t\t\t<div class=\"elementor-column elementor-col-50 elementor-top-column elementor-element elementor-element-6f75f1ad\" data-id=\"6f75f1ad\" data-element_type=\"column\">\n\t\t\t<div class=\"elementor-widget-wrap elementor-element-populated\">\n\t\t\t\t\t\t\t\t<div class=\"elementor-element elementor-element-56d697a elementor-widget elementor-widget-heading\" data-id=\"56d697a\" data-element_type=\"widget\" data-widget_type=\"heading.default\">\n\t\t\t\t<div class=\"elementor-widget-container\">\n\t\t\t<h3 class=\"elementor-heading-title elementor-size-default\">Pro\u010d si vybrat individu\u00e1ln\u00ed konzultaci?<\/h3>\t\t<\/div>\n\t\t\t\t<\/div>\n\t\t\t\t<div class=\"elementor-element elementor-element-5494109b elementor-widget elementor-widget-text-editor\" data-id=\"5494109b\" data-element_type=\"widget\" data-widget_type=\"text-editor.default\">\n\t\t\t\t<div class=\"elementor-widget-container\">\n\t\t\t\t\t\t\t<p>Toto nen\u00ed jen konzultace &#8211; je to p\u0159\u00edle\u017eitost, kter\u00e1 v\u00e1m zm\u011bn\u00ed \u017eivot a umo\u017en\u00ed v\u00e1m zm\u011bnit va\u0161e zdrav\u00ed d\u00edky odborn\u00e9mu veden\u00ed, kter\u00e9 je p\u0159izp\u016fsobeno v\u00fdhradn\u011b v\u00e1m.<\/p><p><strong>Zde je d\u016fvod, pro\u010d tato konzultace vynik\u00e1:<\/strong><\/p><ul><li><span style=\"text-decoration: underline;\">Na m\u00edru v\u00e1m:<\/span> Ka\u017ed\u00e9 doporu\u010den\u00ed je navr\u017eeno tak, aby odpov\u00eddalo va\u0161im jedine\u010dn\u00fdm pot\u0159eb\u00e1m, preferenc\u00edm a c\u00edl\u016fm.<\/li><li><span style=\"text-decoration: underline;\">Pod veden\u00edm odborn\u00edk\u016f:<\/span> Vyzkou\u0161en\u00e9 strategie: Vyu\u017eijte m\u00fdch rozs\u00e1hl\u00fdch zku\u0161enost\u00ed v oblasti v\u00fd\u017eivy a wellness a \u0159e\u0161te sv\u00e9 probl\u00e9my pomoc\u00ed osv\u011bd\u010den\u00fdch strategi\u00ed.<\/li><li><span style=\"text-decoration: underline;\">Posiluj\u00edc\u00ed p\u0159\u00edstup:<\/span> Z\u00edskejte znalosti a sebed\u016fv\u011bru, abyste mohli p\u0159evz\u00edt kontrolu nad sv\u00fdm zdrav\u00edm a \u010dinit informovan\u00e1 rozhodnut\u00ed, kter\u00e1 v\u00e1m vydr\u017e\u00ed po cel\u00fd \u017eivot.<\/li><\/ul><p><strong>Pro koho je to ur\u010deno?<\/strong><\/p><p>Tato 120minutov\u00e1 konzultace je ide\u00e1ln\u00ed pro:<\/p><ul><li>Pro jednotlivce, kte\u0159\u00ed hledaj\u00ed pln\u011b individu\u00e1ln\u00ed p\u0159\u00edstup k v\u00fd\u017eiv\u011b a zdrav\u00ed.<\/li><li>Pro ty, kte\u0159\u00ed se pot\u00fdkaj\u00ed se specifick\u00fdmi stravovac\u00edmi probl\u00e9my nebo zdravotn\u00edmi probl\u00e9my.<\/li><li>Ka\u017ed\u00e9ho, kdo je p\u0159ipraven prov\u00e9st trval\u00e9 zm\u011bny \u017eivotn\u00edho stylu pro dlouhodob\u00e9 zdrav\u00ed.<\/li><\/ul>\t\t\t\t\t\t<\/div>\n\t\t\t\t<\/div>\n\t\t\t\t<div class=\"elementor-element elementor-element-59e32437 elementor-widget elementor-widget-heading\" data-id=\"59e32437\" data-element_type=\"widget\" data-widget_type=\"heading.default\">\n\t\t\t\t<div class=\"elementor-widget-container\">\n\t\t\t<h3 class=\"elementor-heading-title elementor-size-default\">Co je v cen\u011b?<\/h3>\t\t<\/div>\n\t\t\t\t<\/div>\n\t\t\t\t<div class=\"elementor-element elementor-element-4399ab62 elementor-widget elementor-widget-text-editor\" data-id=\"4399ab62\" data-element_type=\"widget\" data-widget_type=\"text-editor.default\">\n\t\t\t\t<div class=\"elementor-widget-container\">\n\t\t\t\t\t\t\t<p>Tato komplexn\u00ed 120minutov\u00e1 konzultace je navr\u017eena tak, aby v\u00e1m poskytla hlub\u0161\u00ed porozum\u011bn\u00ed va\u0161emu zdrav\u00ed a v\u00fd\u017eiv\u011b a z\u00e1rove\u0148 v\u00e1s vybavila praktick\u00fdmi n\u00e1stroji k dosa\u017een\u00ed va\u0161ich wellness c\u00edl\u016f.<\/p><p><strong>Zde je popis toho, co z\u00edsk\u00e1te:<\/strong><\/p><ul><li><span style=\"text-decoration: underline;\">Podrobn\u00e9 zhodnocen\u00ed zdrav\u00ed a \u017eivotn\u00edho stylu:<\/span> Na za\u010d\u00e1tku se podrobn\u011b sezn\u00e1m\u00edme s va\u0161\u00edm vypln\u011bn\u00fdm dotazn\u00edkem, abychom odhalili va\u0161e jedine\u010dn\u00e9 probl\u00e9my, n\u00e1vyky a c\u00edle.<\/li><li><span style=\"text-decoration: underline;\">V\u00fd\u017eivov\u00fd pl\u00e1n na m\u00edru:<\/span> Obdr\u017e\u00edte pln\u011b individu\u00e1ln\u00ed v\u00fd\u017eivov\u00fd pl\u00e1n sestaven\u00fd na m\u00edru va\u0161im specifick\u00fdm pot\u0159eb\u00e1m, \u017eivotn\u00edmu stylu a preferenc\u00edm, kter\u00fd zajist\u00ed jeho \u00fa\u010dinnost a udr\u017eitelnost.<\/li><li><span style=\"text-decoration: underline;\">Odborn\u00e9 poradenstv\u00ed a veden\u00ed:<\/span> Z\u00edskejte profesion\u00e1ln\u00ed n\u00e1hled na zlep\u0161en\u00ed sv\u00e9ho celkov\u00e9ho zdrav\u00ed a praktick\u00e9 strategie, kter\u00e9 m\u016f\u017eete implementovat do sv\u00e9ho ka\u017edodenn\u00edho \u017eivota.<\/li><li><span style=\"text-decoration: underline;\">Praktick\u00e9 tipy pro dlouhodob\u00fd \u00fasp\u011bch:<\/span> Nau\u010dte se, jak p\u0159ij\u00edmat informovan\u00e1 rozhodnut\u00ed o strav\u011b a \u017eivotn\u00edm stylu, abyste udr\u017eeli sv\u00e9 pokroky a zlep\u0161ili svou vitalitu.<\/li><\/ul><p><strong>P\u0159idan\u00e1 hodnota jen pro v\u00e1s<\/strong><\/p><p>Aby v\u00e1\u0161 \u00fasp\u011bch nekon\u010dil jen na tomto sezen\u00ed, z\u00edsk\u00e1te tak\u00e9:<\/p><ul><li><span style=\"text-decoration: underline;\">Exkluzivn\u00ed n\u00e1sledn\u00e9 zdroje:<\/span> Podrobn\u00e1 doporu\u010den\u00ed a tipy z na\u0161\u00ed konzultace, kter\u00e9 v\u00e1s udr\u017e\u00ed na spr\u00e1vn\u00e9 cest\u011b.<\/li><li><span style=\"text-decoration: underline;\">P\u0159\u00edstup do m\u00e9 knihovny zdroj\u016f pro wellness:<\/span> Vybran\u00e1 sb\u00edrka recept\u016f, pr\u016fvodc\u016f a wellness n\u00e1stroj\u016f, kter\u00e9 podpo\u0159\u00ed va\u0161i cestu.<\/li><li><span style=\"text-decoration: underline;\">Slevy na pr\u016fb\u011b\u017enou podporu:<\/span> Vyu\u017eijte 10% slevu na n\u00e1sledn\u00e9 konzultace nebo slu\u017eby objednan\u00e9 do 30 dn\u016f.<\/li><\/ul>\t\t\t\t\t\t<\/div>\n\t\t\t\t<\/div>\n\t\t\t\t<div class=\"elementor-element elementor-element-ef91cae elementor-widget elementor-widget-heading\" data-id=\"ef91cae\" data-element_type=\"widget\" data-widget_type=\"heading.default\">\n\t\t\t\t<div class=\"elementor-widget-container\">\n\t\t\t<h3 class=\"elementor-heading-title elementor-size-default\">CO JE DOBR\u00c9 V\u011aD\u011aT:<\/h3>\t\t<\/div>\n\t\t\t\t<\/div>\n\t\t\t\t<div class=\"elementor-element elementor-element-772e7bd elementor-widget elementor-widget-text-editor\" data-id=\"772e7bd\" data-element_type=\"widget\" data-widget_type=\"text-editor.default\">\n\t\t\t\t<div class=\"elementor-widget-container\">\n\t\t\t\t\t\t\t<p>Rozd\u00edl mezi \u00favodn\u00ed a individu\u00e1ln\u00ed konzultac\u00ed<\/p><p><strong>\u00davodn\u00ed individu\u00e1ln\u00ed konzultace<\/strong><\/p><ul><li><span style=\"text-decoration: underline;\">\u00da\u010del:<\/span> V\u00fdchoz\u00ed bod pro pochopen\u00ed va\u0161eho zdrav\u00ed a \u017eivotn\u00edho stylu.<\/li><li><span style=\"text-decoration: underline;\">Zam\u011b\u0159en\u00ed:<\/span> Projedn\u00e1n\u00ed vypln\u011bn\u00e9ho dotazn\u00edku a vytvo\u0159en\u00ed obecn\u00e9ho ak\u010dn\u00edho pl\u00e1nu.<\/li><li><span style=\"text-decoration: underline;\">D\u00e9lka trv\u00e1n\u00ed:<\/span> 60 minut.<\/li><li><span style=\"text-decoration: underline;\">V\u00fdsledek:<\/span> Z\u00e1kladn\u00ed pokyny a okam\u017eit\u00e9 kroky k nastartov\u00e1n\u00ed va\u0161\u00ed cesty za zdrav\u00edm.<\/li><\/ul><p><strong>Individu\u00e1ln\u00ed konzultace o v\u00fd\u017eiv\u011b<\/strong><\/p><ul><li><span style=\"text-decoration: underline;\">C\u00edl:<\/span> Hlubok\u00fd ponor do va\u0161ich konkr\u00e9tn\u00edch zdravotn\u00edch pot\u0159eb a c\u00edl\u016f.<\/li><li><span style=\"text-decoration: underline;\">Zam\u011b\u0159en\u00ed:<\/span> Komplexn\u00ed anal\u00fdza va\u0161eho \u017eivotn\u00edho stylu, n\u00e1vyk\u016f a probl\u00e9m\u016f, kter\u00e1 v\u00e1m pom\u016f\u017ee vypracovat v\u00fd\u017eivov\u00fd pl\u00e1n zcela na m\u00edru.<\/li><li><span style=\"text-decoration: underline;\">Doba trv\u00e1n\u00ed:<\/span> 120 minut.<\/li><li><span style=\"text-decoration: underline;\">V\u00fdsledek:<\/span> Podrobn\u00e1 doporu\u010den\u00ed, v\u00fd\u017eivov\u00fd pl\u00e1n na m\u00edru a dal\u0161\u00ed n\u00e1stroje pro dlouhodob\u00fd \u00fasp\u011bch.<\/li><\/ul><p><strong>Shrnut\u00ed:<\/strong><\/p><p>\u00davodn\u00ed konzultace p\u0159edstavuje \u0161irok\u00fd p\u0159ehled pro za\u010d\u00e1tek, zat\u00edmco individu\u00e1ln\u00ed konzultace nab\u00edz\u00ed hloubkov\u00fd, individu\u00e1ln\u00ed p\u0159\u00edstup pro c\u00edlen\u011bj\u0161\u00ed v\u00fdsledky.<\/p>\t\t\t\t\t\t<\/div>\n\t\t\t\t<\/div>\n\t\t\t\t\t<\/div>\n\t\t<\/div>\n\t\t\t\t<div class=\"elementor-column elementor-col-50 elementor-top-column elementor-element elementor-element-108fbcf7\" data-id=\"108fbcf7\" data-element_type=\"column\">\n\t\t\t<div class=\"elementor-widget-wrap elementor-element-populated\">\n\t\t\t\t\t\t\t\t<section class=\"elementor-section elementor-inner-section elementor-element elementor-element-7ae30514 elementor-section-boxed elementor-section-height-default elementor-section-height-default\" data-id=\"7ae30514\" data-element_type=\"section\" data-settings=\"{&quot;background_background&quot;:&quot;classic&quot;}\">\n\t\t\t\t\t\t\t<div class=\"elementor-background-overlay\"><\/div>\n\t\t\t\t\t\t\t<div class=\"elementor-container elementor-column-gap-default\">\n\t\t\t\t\t<div class=\"elementor-column elementor-col-100 elementor-inner-column elementor-element elementor-element-4bee4f2a\" data-id=\"4bee4f2a\" data-element_type=\"column\">\n\t\t\t<div class=\"elementor-widget-wrap elementor-element-populated\">\n\t\t\t\t\t\t\t\t<div class=\"elementor-element elementor-element-73673afd elementor-widget elementor-widget-heading\" data-id=\"73673afd\" data-element_type=\"widget\" data-widget_type=\"heading.default\">\n\t\t\t\t<div class=\"elementor-widget-container\">\n\t\t\t<h3 class=\"elementor-heading-title elementor-size-default\">Co obdr\u017e\u00edte a jak\u00e1 je va\u0161e investice<\/h3>\t\t<\/div>\n\t\t\t\t<\/div>\n\t\t\t\t<div class=\"elementor-element elementor-element-699a3fa3 elementor-widget elementor-widget-text-editor\" data-id=\"699a3fa3\" data-element_type=\"widget\" data-widget_type=\"text-editor.default\">\n\t\t\t\t<div class=\"elementor-widget-container\">\n\t\t\t\t\t\t\t<p>Individu\u00e1ln\u00ed konzultace o stravov\u00e1n\u00ed nab\u00edz\u00ed individu\u00e1ln\u00ed p\u0159\u00edstup k va\u0161emu zdrav\u00ed a zajist\u00ed, \u017ee odejdete s n\u00e1stroji a strategiemi, kter\u00e9 v\u00e1m umo\u017en\u00ed prov\u00e9st trval\u00e9 zm\u011bny.<\/p><p><strong>Zde je popis toho, co z\u00edsk\u00e1te:<\/strong><\/p><ul><li><span style=\"text-decoration: underline;\">Komplexn\u00ed anal\u00fdza zdrav\u00ed:<\/span> Podrobn\u011b probereme v\u00e1\u0161 vypln\u011bn\u00fd dotazn\u00edk, abychom porozum\u011bli va\u0161emu sou\u010dasn\u00e9mu \u017eivotn\u00edmu stylu, stravovac\u00edm n\u00e1vyk\u016fm a konkr\u00e9tn\u00edm zdravotn\u00edm probl\u00e9m\u016fm.<\/li><li><span style=\"text-decoration: underline;\">V\u00fd\u017eivov\u00fd pl\u00e1n na m\u00edru:<\/span> Odejd\u011bte s pln\u011b personalizovan\u00fdm pl\u00e1nem navr\u017een\u00fdm tak, aby odpov\u00eddal va\u0161im jedine\u010dn\u00fdm pot\u0159eb\u00e1m, preferenc\u00edm a c\u00edl\u016fm.<\/li><li><span style=\"text-decoration: underline;\">Profesion\u00e1ln\u00ed post\u0159ehy a strategie:<\/span> Z\u00edskejte praktick\u00e9 rady od odborn\u00edka zam\u011b\u0159en\u00e9 na trval\u00e9 zlep\u0161en\u00ed va\u0161eho celkov\u00e9ho zdrav\u00ed a pohody.<\/li><li><span style=\"text-decoration: underline;\">Praktick\u00e9 tipy pro realizaci:<\/span> Z\u00edskejte pokyny krok za krokem, kter\u00e9 v\u00e1m pomohou plynule za\u010dlenit zm\u011bny do va\u0161\u00ed ka\u017edodenn\u00ed rutiny.<\/li><\/ul><p><strong>P\u0159idan\u00e1 hodnota jen pro v\u00e1s<\/strong><\/p><p>Aby se va\u0161e cesta nezastavila u tohoto sezen\u00ed, budete moci vyu\u017e\u00edt tak\u00e9:<\/p><ul><li><span style=\"text-decoration: underline;\">N\u00e1sledn\u00e9 zdroje:<\/span> Shrnut\u00ed va\u0161\u00ed konzultace s dal\u0161\u00edmi doporu\u010den\u00edmi p\u0159izp\u016fsoben\u00fdmi va\u0161emu pokroku.<\/li><li><span style=\"text-decoration: underline;\">P\u0159\u00edstup k exkluzivn\u00edm n\u00e1stroj\u016fm:<\/span> Recepty, pr\u016fvodci pl\u00e1nov\u00e1n\u00edm j\u00eddel a tipy pro \u017eivotn\u00ed styl, kter\u00e9 jsou sestaveny tak, aby podpo\u0159ily va\u0161i cestu za zdrav\u00edm.<\/li><li><span style=\"text-decoration: underline;\">V\u011brnostn\u00ed slevy:<\/span> Vyu\u017eijte 10% slevu na n\u00e1sledn\u00e9 konzultace nebo slu\u017eby objednan\u00e9 do 30 dn\u016f.<\/li><\/ul><p><strong>P\u0159evezm\u011bte kontrolu nad sv\u00fdm zdrav\u00edm je\u0161t\u011b dnes<\/strong><\/p><p>Toto je va\u0161e p\u0159\u00edle\u017eitost vytvo\u0159it si zdrav\u011bj\u0161\u00ed a energi\u010dt\u011bj\u0161\u00ed \u017eivot s individu\u00e1ln\u00edm p\u0159\u00edstupem k v\u00fd\u017eiv\u011b. Kliknut\u00edm n\u00ed\u017ee si rezervujte konzultaci a za\u010dn\u011bte svou prom\u011bnu.<\/p>\t\t\t\t\t\t<\/div>\n\t\t\t\t<\/div>\n\t\t\t\t<div class=\"elementor-element elementor-element-2d8940d7 elementor-icon-list--layout-traditional elementor-list-item-link-full_width elementor-widget elementor-widget-icon-list\" data-id=\"2d8940d7\" data-element_type=\"widget\" data-widget_type=\"icon-list.default\">\n\t\t\t\t<div class=\"elementor-widget-container\">\n\t\t\t\t\t<ul class=\"elementor-icon-list-items\">\n\t\t\t\t\t\t\t<li class=\"elementor-icon-list-item\">\n\t\t\t\t\t\t\t\t\t\t\t<span class=\"elementor-icon-list-icon\">\n\t\t\t\t\t\t\t<i aria-hidden=\"true\" class=\"far fa-clock\"><\/i>\t\t\t\t\t\t<\/span>\n\t\t\t\t\t\t\t\t\t\t<span class=\"elementor-icon-list-text\">Doba trv\u00e1n\u00ed 60 minut<\/span>\n\t\t\t\t\t\t\t\t\t<\/li>\n\t\t\t\t\t\t\t\t<li class=\"elementor-icon-list-item\">\n\t\t\t\t\t\t\t\t\t\t\t<span class=\"elementor-icon-list-icon\">\n\t\t\t\t\t\t\t<i aria-hidden=\"true\" class=\"icon icon-money-bag3\"><\/i>\t\t\t\t\t\t<\/span>\n\t\t\t\t\t\t\t\t\t\t<span class=\"elementor-icon-list-text\"><b>CZ 3500 CZK <br>EU 145 EUR<br>US 167 USD<\/b><\/span>\n\t\t\t\t\t\t\t\t\t<\/li>\n\t\t\t\t\t\t<\/ul>\n\t\t\t\t<\/div>\n\t\t\t\t<\/div>\n\t\t\t\t<div class=\"elementor-element elementor-element-a7ca3a8 elementor-widget elementor-widget-button\" data-id=\"a7ca3a8\" data-element_type=\"widget\" data-widget_type=\"button.default\">\n\t\t\t\t<div class=\"elementor-widget-container\">\n\t\t\t\t\t<div class=\"elementor-button-wrapper\">\n\t\t\t<a class=\"elementor-button elementor-button-link elementor-size-sm\" href=\"https:\/\/valerija-gerfanova.bookafy.com\/service\/Individual-consultation?locale=cs\" target=\"_blank\">\n\t\t\t\t\t\t<span class=\"elementor-button-content-wrapper\">\n\t\t\t\t\t\t<span class=\"elementor-button-text\">Rezervovat nyn\u00ed<\/span>\n\t\t<\/span>\n\t\t\t\t\t<\/a>\n\t\t<\/div>\n\t\t\t\t<\/div>\n\t\t\t\t<\/div>\n\t\t\t\t\t<\/div>\n\t\t<\/div>\n\t\t\t\t\t\t\t<\/div>\n\t\t<\/section>\n\t\t\t\t\t<\/div>\n\t\t<\/div>\n\t\t\t\t\t\t\t<\/div>\n\t\t<\/section>\n\t\t\t\t\t\t\t<\/div>\n\t\t","protected":false},"excerpt":{"rendered":"<p>Individu\u00e1ln\u00ed konzultace 1hodinov\u00e1 online nebo offline individu\u00e1ln\u00ed konzultace s certifikovan\u00fdm odborn\u00edkem na v\u00fd\u017eivu Pro\u010d si vybrat individu\u00e1ln\u00ed konzultaci? Toto nen\u00ed jen konzultace &#8211; je to p\u0159\u00edle\u017eitost, kter\u00e1 v\u00e1m zm\u011bn\u00ed \u017eivot a umo\u017en\u00ed v\u00e1m zm\u011bnit va\u0161e zdrav\u00ed d\u00edky odborn\u00e9mu veden\u00ed, kter\u00e9 je p\u0159izp\u016fsobeno v\u00fdhradn\u011b v\u00e1m. Zde je d\u016fvod, pro\u010d tato konzultace vynik\u00e1: Na m\u00edru v\u00e1m: Ka\u017ed\u00e9 [&hellip;]<\/p>\n","protected":false},"author":1,"featured_media":0,"parent":0,"menu_order":0,"comment_status":"closed","ping_status":"closed","template":"elementor_header_footer","meta":{"footnotes":""},"yst_prominent_words":[],"class_list":["post-1896","page","type-page","status-publish","hentry","entry","owp-thumbs-layout-horizontal","owp-btn-normal","owp-tabs-layout-horizontal","has-no-thumbnails","has-product-nav"],"_links":{"self":[{"href":"https:\/\/gerfanova.eu\/cs\/wp-json\/wp\/v2\/pages\/1896","targetHints":{"allow":["GET"]}}],"collection":[{"href":"https:\/\/gerfanova.eu\/cs\/wp-json\/wp\/v2\/pages"}],"about":[{"href":"https:\/\/gerfanova.eu\/cs\/wp-json\/wp\/v2\/types\/page"}],"author":[{"embeddable":true,"href":"https:\/\/gerfanova.eu\/cs\/wp-json\/wp\/v2\/users\/1"}],"replies":[{"embeddable":true,"href":"https:\/\/gerfanova.eu\/cs\/wp-json\/wp\/v2\/comments?post=1896"}],"version-history":[{"count":0,"href":"https:\/\/gerfanova.eu\/cs\/wp-json\/wp\/v2\/pages\/1896\/revisions"}],"wp:attachment":[{"href":"https:\/\/gerfanova.eu\/cs\/wp-json\/wp\/v2\/media?parent=1896"}],"wp:term":[{"taxonomy":"yst_prominent_words","embeddable":true,"href":"https:\/\/gerfanova.eu\/cs\/wp-json\/wp\/v2\/yst_prominent_words?post=1896"}],"curies":[{"name":"wp","href":"https:\/\/api.w.org\/{rel}","templated":true}]}}