{"id":1884,"date":"2023-05-02T12:14:01","date_gmt":"2023-05-02T12:14:01","guid":{"rendered":"https:\/\/gerfanova.eu\/vstupni-konzultace\/"},"modified":"2025-02-14T00:06:47","modified_gmt":"2025-02-14T00:06:47","slug":"vstupni-konzultace","status":"publish","type":"page","link":"https:\/\/gerfanova.eu\/cs\/vstupni-konzultace\/","title":{"rendered":"Vstupn\u00ed konzultace"},"content":{"rendered":"\t\t<div data-elementor-type=\"wp-page\" data-elementor-id=\"1884\" class=\"elementor elementor-1884 elementor-658\">\n\t\t\t\t\t\t\t\t\t<section class=\"elementor-section elementor-top-section elementor-element elementor-element-5066fe0d elementor-section-height-min-height elementor-section-boxed elementor-section-height-default elementor-section-items-middle\" data-id=\"5066fe0d\" data-element_type=\"section\" data-settings=\"{&quot;background_background&quot;:&quot;classic&quot;}\">\n\t\t\t\t\t\t\t<div class=\"elementor-background-overlay\"><\/div>\n\t\t\t\t\t\t\t<div class=\"elementor-container elementor-column-gap-default\">\n\t\t\t\t\t<div class=\"elementor-column elementor-col-100 elementor-top-column elementor-element elementor-element-7ae0e6a5\" data-id=\"7ae0e6a5\" data-element_type=\"column\">\n\t\t\t<div class=\"elementor-widget-wrap elementor-element-populated\">\n\t\t\t\t\t\t\t\t<div class=\"elementor-element elementor-element-74c46f60 elementor-widget elementor-widget-heading\" data-id=\"74c46f60\" data-element_type=\"widget\" data-widget_type=\"heading.default\">\n\t\t\t\t<div class=\"elementor-widget-container\">\n\t\t\t<h3 class=\"elementor-heading-title elementor-size-default\">Vstupn\u00ed konzultace\n<\/h3>\t\t<\/div>\n\t\t\t\t<\/div>\n\t\t\t\t<div class=\"elementor-element elementor-element-f5f83dc elementor-widget elementor-widget-heading\" data-id=\"f5f83dc\" data-element_type=\"widget\" data-widget_type=\"heading.default\">\n\t\t\t\t<div class=\"elementor-widget-container\">\n\t\t\t<h5 class=\"elementor-heading-title elementor-size-default\">Kl\u00ed\u010dem k \u00fasp\u011b\u0161n\u00e9mu v\u00fdsledku je spr\u00e1vn\u00fd c\u00edl!<\/h5>\t\t<\/div>\n\t\t\t\t<\/div>\n\t\t\t\t\t<\/div>\n\t\t<\/div>\n\t\t\t\t\t\t\t<\/div>\n\t\t<\/section>\n\t\t\t\t<section class=\"elementor-section elementor-top-section elementor-element elementor-element-20517649 elementor-section-boxed elementor-section-height-default elementor-section-height-default\" data-id=\"20517649\" data-element_type=\"section\">\n\t\t\t\t\t\t<div class=\"elementor-container elementor-column-gap-default\">\n\t\t\t\t\t<div class=\"elementor-column elementor-col-50 elementor-top-column elementor-element elementor-element-7d2af5b1\" data-id=\"7d2af5b1\" data-element_type=\"column\">\n\t\t\t<div class=\"elementor-widget-wrap elementor-element-populated\">\n\t\t\t\t\t\t\t\t<div class=\"elementor-element elementor-element-fcbf189 elementor-widget elementor-widget-heading\" data-id=\"fcbf189\" data-element_type=\"widget\" data-widget_type=\"heading.default\">\n\t\t\t\t<div class=\"elementor-widget-container\">\n\t\t\t<h3 class=\"elementor-heading-title elementor-size-default\">Pro\u010d si vybrat \u00favodn\u00ed individu\u00e1ln\u00ed konzultaci?<\/h3>\t\t<\/div>\n\t\t\t\t<\/div>\n\t\t\t\t<div class=\"elementor-element elementor-element-aa40e0e elementor-widget elementor-widget-text-editor\" data-id=\"aa40e0e\" data-element_type=\"widget\" data-widget_type=\"text-editor.default\">\n\t\t\t\t<div class=\"elementor-widget-container\">\n\t\t\t\t\t\t\tJste p\u0159ipraveni p\u0159evz\u00edt kontrolu nad sv\u00fdm zdrav\u00edm, c\u00edtit se pln\u011bj\u0161\u00ed energie a dos\u00e1hnout sv\u00fdch wellness c\u00edl\u016f? Tato individu\u00e1ln\u00ed konzultace je va\u0161\u00edm prvn\u00edm krokem ke zdrav\u011bj\u0161\u00edmu a \u0161\u0165astn\u011bj\u0161\u00edmu \u017eivotu. Je p\u0159izp\u016fsobena va\u0161im jedine\u010dn\u00fdm pot\u0159eb\u00e1m a nen\u00ed to jen sezen\u00ed &#8211; je to za\u010d\u00e1tek va\u0161\u00ed prom\u011bny.\t\t\t\t\t\t<\/div>\n\t\t\t\t<\/div>\n\t\t\t\t<div class=\"elementor-element elementor-element-c90f3f2 elementor-widget elementor-widget-heading\" data-id=\"c90f3f2\" data-element_type=\"widget\" data-widget_type=\"heading.default\">\n\t\t\t\t<div class=\"elementor-widget-container\">\n\t\t\t<h3 class=\"elementor-heading-title elementor-size-default\">Pro koho je to ur\u010deno?<\/h3>\t\t<\/div>\n\t\t\t\t<\/div>\n\t\t\t\t<div class=\"elementor-element elementor-element-b55d6ea elementor-widget elementor-widget-text-editor\" data-id=\"b55d6ea\" data-element_type=\"widget\" data-widget_type=\"text-editor.default\">\n\t\t\t\t<div class=\"elementor-widget-container\">\n\t\t\t\t\t\t\t<p><strong>Tato konzultace je ide\u00e1ln\u00ed pro:<\/strong><\/p><ul><li>Pro zanepr\u00e1zdn\u011bn\u00e9 profesion\u00e1ly, kte\u0159\u00ed cht\u011bj\u00ed optimalizovat svou energii a soust\u0159ed\u011bn\u00ed.<\/li><li>Rodi\u010de, kte\u0159\u00ed hledaj\u00ed praktick\u00e9 zp\u016fsoby, jak podpo\u0159it zdrav\u00ed sv\u00e9 rodiny.<\/li><li>Ka\u017ed\u00e9ho, kdo je p\u0159ipraven investovat do sv\u00e9 dlouhodob\u00e9 pohody.<\/li><\/ul>\t\t\t\t\t\t<\/div>\n\t\t\t\t<\/div>\n\t\t\t\t<div class=\"elementor-element elementor-element-af54235 elementor-widget elementor-widget-heading\" data-id=\"af54235\" data-element_type=\"widget\" data-widget_type=\"heading.default\">\n\t\t\t\t<div class=\"elementor-widget-container\">\n\t\t\t<h3 class=\"elementor-heading-title elementor-size-default\">Co je v cen\u011b?<\/h3>\t\t<\/div>\n\t\t\t\t<\/div>\n\t\t\t\t<div class=\"elementor-element elementor-element-48f65b9 elementor-widget elementor-widget-text-editor\" data-id=\"48f65b9\" data-element_type=\"widget\" data-widget_type=\"text-editor.default\">\n\t\t\t\t<div class=\"elementor-widget-container\">\n\t\t\t\t\t\t\t<p>B\u011bhem <strong>60minutov\u00e9 konzultace prozkoum\u00e1me<\/strong> v\u00e1\u0161 sou\u010dasn\u00fd zdravotn\u00ed stav, \u017eivotn\u00ed styl a p\u0159\u00e1n\u00ed.<\/p><p><strong>Z\u00edsk\u00e1te n\u00e1sleduj\u00edc\u00ed informace:<\/strong><\/p><ul><li><span style=\"text-decoration: underline;\">Individu\u00e1ln\u00ed posouzen\u00ed zdrav\u00ed:<\/span> Pochop\u00edte, jak jste na tom nyn\u00ed, d\u00edky d\u016fkladn\u00e9mu zhodnocen\u00ed va\u0161\u00ed v\u00fd\u017eivy, n\u00e1vyk\u016f a c\u00edl\u016f.<\/li><li><span style=\"text-decoration: underline;\">Ak\u010dn\u00ed pl\u00e1n na m\u00edru:<\/span> Ze sezen\u00ed odejdete s realizovateln\u00fdmi kroky, kter\u00e9 m\u016f\u017eete za\u010d\u00edt okam\u017eit\u011b prov\u00e1d\u011bt, abyste vid\u011bli skute\u010dn\u00e9 v\u00fdsledky.<\/li><li><span style=\"text-decoration: underline;\">Poznatky odborn\u00edk\u016f:<\/span> B\u011bhem 60minutov\u00e9 konzultace se pono\u0159\u00edme do hloubky va\u0161eho sou\u010dasn\u00e9ho zdrav\u00ed, \u017eivotn\u00edho stylu a p\u0159\u00e1n\u00ed.<\/li><\/ul>\t\t\t\t\t\t<\/div>\n\t\t\t\t<\/div>\n\t\t\t\t\t<\/div>\n\t\t<\/div>\n\t\t\t\t<div class=\"elementor-column elementor-col-50 elementor-top-column elementor-element elementor-element-49477177\" data-id=\"49477177\" data-element_type=\"column\">\n\t\t\t<div class=\"elementor-widget-wrap elementor-element-populated\">\n\t\t\t\t\t\t\t\t<section class=\"elementor-section elementor-inner-section elementor-element elementor-element-315f9ace elementor-section-boxed elementor-section-height-default elementor-section-height-default\" data-id=\"315f9ace\" data-element_type=\"section\" data-settings=\"{&quot;background_background&quot;:&quot;classic&quot;}\">\n\t\t\t\t\t\t\t<div class=\"elementor-background-overlay\"><\/div>\n\t\t\t\t\t\t\t<div class=\"elementor-container elementor-column-gap-default\">\n\t\t\t\t\t<div class=\"elementor-column elementor-col-100 elementor-inner-column elementor-element elementor-element-488225fe\" data-id=\"488225fe\" data-element_type=\"column\">\n\t\t\t<div class=\"elementor-widget-wrap elementor-element-populated\">\n\t\t\t\t\t\t\t\t<div class=\"elementor-element elementor-element-7d633f33 elementor-widget elementor-widget-heading\" data-id=\"7d633f33\" data-element_type=\"widget\" data-widget_type=\"heading.default\">\n\t\t\t\t<div class=\"elementor-widget-container\">\n\t\t\t<h4 class=\"elementor-heading-title elementor-size-default\">Co obdr\u017e\u00edte a jak\u00e1 je va\u0161e investice<\/h4>\t\t<\/div>\n\t\t\t\t<\/div>\n\t\t\t\t<div class=\"elementor-element elementor-element-50d1267 elementor-widget elementor-widget-text-editor\" data-id=\"50d1267\" data-element_type=\"widget\" data-widget_type=\"text-editor.default\">\n\t\t\t\t<div class=\"elementor-widget-container\">\n\t\t\t\t\t\t\t<p>Tato konzultace je v\u00edc ne\u017e jen slu\u017eba &#8211; je to v\u00e1\u0161 prvn\u00ed krok k optim\u00e1ln\u00edmu zdrav\u00ed a vitalit\u011b. M\u00fdm posl\u00e1n\u00edm je poskytnout v\u00e1m znalosti a sebed\u016fv\u011bru k proveden\u00ed smyslupln\u00fdch zm\u011bn, kter\u00e9 povedou ke zlep\u0161en\u00ed energie, zdrav\u00ed a vyv\u00e1\u017een\u00e9mu \u017eivotn\u00edmu stylu.<\/p><p>Va\u0161e <strong>osobn\u00ed konzultace<\/strong> je navr\u017eena tak, aby v\u00e1m poskytla n\u00e1stroje a znalosti, kter\u00e9 v\u00e1m pomohou zm\u011bnit va\u0161e zdrav\u00ed a pohodu.<\/p><p><strong>Zde je popis toho, co z\u00edsk\u00e1te:<\/strong><\/p><ul><li><span style=\"text-decoration: underline;\">Podrobn\u00fd p\u0159ehled dotazn\u00edku:<\/span> Spole\u010dn\u011b analyzujeme v\u00e1\u0161 vypln\u011bn\u00fd dotazn\u00edk, abychom z\u00edskali jasnou p\u0159edstavu o va\u0161ich sou\u010dasn\u00fdch n\u00e1vyc\u00edch, probl\u00e9mech a c\u00edlech.<\/li><li><span style=\"text-decoration: underline;\">V\u00fd\u017eivov\u00fd pl\u00e1n na m\u00edru:<\/span> Odejd\u011bte s pln\u011b p\u0159izp\u016fsoben\u00fdm v\u00fd\u017eivov\u00fdm pl\u00e1nem, kter\u00fd bude odpov\u00eddat va\u0161im jedine\u010dn\u00fdm pot\u0159eb\u00e1m, preferenc\u00edm a \u017eivotn\u00edmu stylu.<\/li><li><span style=\"text-decoration: underline;\">Praktick\u00e9 poradenstv\u00ed:<\/span> Nau\u010dte se realizovateln\u00e9 strategie a praktick\u00e9 tipy, kter\u00e9 v\u00e1m pomohou \u010dinit informovan\u00e1 rozhodnut\u00ed o va\u0161\u00ed strav\u011b a \u017eivotn\u00edm stylu.<\/li><\/ul>\t\t\t\t\t\t<\/div>\n\t\t\t\t<\/div>\n\t\t\t\t<div class=\"elementor-element elementor-element-29a7fec elementor-widget elementor-widget-text-editor\" data-id=\"29a7fec\" data-element_type=\"widget\" data-widget_type=\"text-editor.default\">\n\t\t\t\t<div class=\"elementor-widget-container\">\n\t\t\t\t\t\t\t<p><strong>Ud\u011blejte prvn\u00ed krok je\u0161t\u011b dnes<\/strong><\/p><p>Va\u0161e zdrav\u00ed je va\u0161\u00edm nejcenn\u011bj\u0161\u00edm majetkem &#8211; pro\u010d \u010dekat, a\u017e se stane prioritou? Kliknut\u00edm na tla\u010d\u00edtko n\u00ed\u017ee si rezervujte konzultaci a vydejte se na cestu k \u017eiv\u00e9mu \u017eivotu, kter\u00fd si zaslou\u017e\u00edte.<\/p>\t\t\t\t\t\t<\/div>\n\t\t\t\t<\/div>\n\t\t\t\t<div class=\"elementor-element elementor-element-ac50d07 elementor-widget elementor-widget-text-editor\" data-id=\"ac50d07\" data-element_type=\"widget\" data-widget_type=\"text-editor.default\">\n\t\t\t\t<div class=\"elementor-widget-container\">\n\t\t\t\t\t\t\t<p><strong>P\u0159idan\u00e1 hodnota jen pro v\u00e1s: <\/strong><\/p><p><span style=\"text-decoration: underline;\">Speci\u00e1ln\u00ed sleva na budouc\u00ed slu\u017eby:<\/span> Vyu\u017eijte 10% slevu na dal\u0161\u00ed konzultaci nebo slu\u017ebu objednanou do 30 dn\u016f.<\/p>\t\t\t\t\t\t<\/div>\n\t\t\t\t<\/div>\n\t\t\t\t<div class=\"elementor-element elementor-element-1c465edb elementor-icon-list--layout-traditional elementor-list-item-link-full_width elementor-widget elementor-widget-icon-list\" data-id=\"1c465edb\" data-element_type=\"widget\" data-widget_type=\"icon-list.default\">\n\t\t\t\t<div class=\"elementor-widget-container\">\n\t\t\t\t\t<ul class=\"elementor-icon-list-items\">\n\t\t\t\t\t\t\t<li class=\"elementor-icon-list-item\">\n\t\t\t\t\t\t\t\t\t\t\t<span class=\"elementor-icon-list-icon\">\n\t\t\t\t\t\t\t<i aria-hidden=\"true\" class=\"far fa-clock\"><\/i>\t\t\t\t\t\t<\/span>\n\t\t\t\t\t\t\t\t\t\t<span class=\"elementor-icon-list-text\">Doba trv\u00e1n\u00ed 60 minut<\/span>\n\t\t\t\t\t\t\t\t\t<\/li>\n\t\t\t\t\t\t\t\t<li class=\"elementor-icon-list-item\">\n\t\t\t\t\t\t\t\t\t\t\t<span class=\"elementor-icon-list-icon\">\n\t\t\t\t\t\t\t<i aria-hidden=\"true\" class=\"icon icon-money-bag3\"><\/i>\t\t\t\t\t\t<\/span>\n\t\t\t\t\t\t\t\t\t\t<span class=\"elementor-icon-list-text\"><b>CZ 1500 CZK <br>EU 63 EUR<br>US 70 USD<\/b><\/span>\n\t\t\t\t\t\t\t\t\t<\/li>\n\t\t\t\t\t\t<\/ul>\n\t\t\t\t<\/div>\n\t\t\t\t<\/div>\n\t\t\t\t<div class=\"elementor-element elementor-element-8c862c3 elementor-widget elementor-widget-button\" data-id=\"8c862c3\" data-element_type=\"widget\" data-widget_type=\"button.default\">\n\t\t\t\t<div class=\"elementor-widget-container\">\n\t\t\t\t\t<div class=\"elementor-button-wrapper\">\n\t\t\t<a class=\"elementor-button elementor-button-link elementor-size-sm\" href=\"https:\/\/valerija-gerfanova.bookafy.com\/service\/introductory-consultation-ef57?locale=cs\" target=\"_blank\">\n\t\t\t\t\t\t<span class=\"elementor-button-content-wrapper\">\n\t\t\t\t\t\t<span class=\"elementor-button-text\">Rezervovat nyn\u00ed<\/span>\n\t\t<\/span>\n\t\t\t\t\t<\/a>\n\t\t<\/div>\n\t\t\t\t<\/div>\n\t\t\t\t<\/div>\n\t\t\t\t\t<\/div>\n\t\t<\/div>\n\t\t\t\t\t\t\t<\/div>\n\t\t<\/section>\n\t\t\t\t\t<\/div>\n\t\t<\/div>\n\t\t\t\t\t\t\t<\/div>\n\t\t<\/section>\n\t\t\t\t\t\t\t<\/div>\n\t\t","protected":false},"excerpt":{"rendered":"<p>Vstupn\u00ed konzultace Kl\u00ed\u010dem k \u00fasp\u011b\u0161n\u00e9mu v\u00fdsledku je spr\u00e1vn\u00fd c\u00edl! Pro\u010d si vybrat \u00favodn\u00ed individu\u00e1ln\u00ed konzultaci? Jste p\u0159ipraveni p\u0159evz\u00edt kontrolu nad sv\u00fdm zdrav\u00edm, c\u00edtit se pln\u011bj\u0161\u00ed energie a dos\u00e1hnout sv\u00fdch wellness c\u00edl\u016f? Tato individu\u00e1ln\u00ed konzultace je va\u0161\u00edm prvn\u00edm krokem ke zdrav\u011bj\u0161\u00edmu a \u0161\u0165astn\u011bj\u0161\u00edmu \u017eivotu. Je p\u0159izp\u016fsobena va\u0161im jedine\u010dn\u00fdm pot\u0159eb\u00e1m a nen\u00ed to jen sezen\u00ed &#8211; je [&hellip;]<\/p>\n","protected":false},"author":1,"featured_media":0,"parent":0,"menu_order":0,"comment_status":"closed","ping_status":"closed","template":"elementor_header_footer","meta":{"footnotes":""},"yst_prominent_words":[],"class_list":["post-1884","page","type-page","status-publish","hentry","entry","owp-thumbs-layout-horizontal","owp-btn-normal","owp-tabs-layout-horizontal","has-no-thumbnails","has-product-nav"],"_links":{"self":[{"href":"https:\/\/gerfanova.eu\/cs\/wp-json\/wp\/v2\/pages\/1884","targetHints":{"allow":["GET"]}}],"collection":[{"href":"https:\/\/gerfanova.eu\/cs\/wp-json\/wp\/v2\/pages"}],"about":[{"href":"https:\/\/gerfanova.eu\/cs\/wp-json\/wp\/v2\/types\/page"}],"author":[{"embeddable":true,"href":"https:\/\/gerfanova.eu\/cs\/wp-json\/wp\/v2\/users\/1"}],"replies":[{"embeddable":true,"href":"https:\/\/gerfanova.eu\/cs\/wp-json\/wp\/v2\/comments?post=1884"}],"version-history":[{"count":0,"href":"https:\/\/gerfanova.eu\/cs\/wp-json\/wp\/v2\/pages\/1884\/revisions"}],"wp:attachment":[{"href":"https:\/\/gerfanova.eu\/cs\/wp-json\/wp\/v2\/media?parent=1884"}],"wp:term":[{"taxonomy":"yst_prominent_words","embeddable":true,"href":"https:\/\/gerfanova.eu\/cs\/wp-json\/wp\/v2\/yst_prominent_words?post=1884"}],"curies":[{"name":"wp","href":"https:\/\/api.w.org\/{rel}","templated":true}]}}