{"id":1412,"date":"2023-04-23T10:48:40","date_gmt":"2023-04-23T10:48:40","guid":{"rendered":"https:\/\/gerfanova.eu\/biofotonicke-skenovani\/"},"modified":"2023-06-06T21:27:57","modified_gmt":"2023-06-06T21:27:57","slug":"biofotonicke-skenovani","status":"publish","type":"page","link":"https:\/\/gerfanova.eu\/cs\/biofotonicke-skenovani\/","title":{"rendered":"Biofotonick\u00e9 skenov\u00e1n\u00ed"},"content":{"rendered":"\t\t<div data-elementor-type=\"wp-page\" data-elementor-id=\"1412\" class=\"elementor elementor-1412 elementor-1295\">\n\t\t\t\t\t\t\t\t\t<section class=\"elementor-section elementor-top-section elementor-element elementor-element-5ef2e6e3 elementor-section-height-min-height elementor-section-boxed elementor-section-height-default elementor-section-items-middle\" data-id=\"5ef2e6e3\" data-element_type=\"section\" data-settings=\"{&quot;background_background&quot;:&quot;classic&quot;}\">\n\t\t\t\t\t\t\t<div class=\"elementor-background-overlay\"><\/div>\n\t\t\t\t\t\t\t<div class=\"elementor-container elementor-column-gap-default\">\n\t\t\t\t\t<div class=\"elementor-column elementor-col-100 elementor-top-column elementor-element elementor-element-3fec1247\" data-id=\"3fec1247\" data-element_type=\"column\">\n\t\t\t<div class=\"elementor-widget-wrap elementor-element-populated\">\n\t\t\t\t\t\t\t\t<div class=\"elementor-element elementor-element-6602011d elementor-widget elementor-widget-heading\" data-id=\"6602011d\" data-element_type=\"widget\" data-widget_type=\"heading.default\">\n\t\t\t\t<div class=\"elementor-widget-container\">\n\t\t\t<h1 class=\"elementor-heading-title elementor-size-default\">Biofotonick\u00e9 skenov\u00e1n\u00ed<\/h1>\t\t<\/div>\n\t\t\t\t<\/div>\n\t\t\t\t<div class=\"elementor-element elementor-element-6dc6a346 elementor-widget elementor-widget-heading\" data-id=\"6dc6a346\" data-element_type=\"widget\" data-widget_type=\"heading.default\">\n\t\t\t\t<div class=\"elementor-widget-container\">\n\t\t\t<h2 class=\"elementor-heading-title elementor-size-default\">60minutov\u00e1 offline konzultace v\u00fdsledk\u016f biofotonick\u00e9ho skeneru Pharmanex<\/h2>\t\t<\/div>\n\t\t\t\t<\/div>\n\t\t\t\t\t<\/div>\n\t\t<\/div>\n\t\t\t\t\t\t\t<\/div>\n\t\t<\/section>\n\t\t\t\t<section class=\"elementor-section elementor-top-section elementor-element elementor-element-6b164aaa elementor-section-boxed elementor-section-height-default elementor-section-height-default\" data-id=\"6b164aaa\" data-element_type=\"section\">\n\t\t\t\t\t\t<div class=\"elementor-container elementor-column-gap-default\">\n\t\t\t\t\t<div class=\"elementor-column elementor-col-50 elementor-top-column elementor-element elementor-element-6f75f1ad\" data-id=\"6f75f1ad\" data-element_type=\"column\">\n\t\t\t<div class=\"elementor-widget-wrap elementor-element-populated\">\n\t\t\t\t\t\t\t\t<div class=\"elementor-element elementor-element-56d697a elementor-widget elementor-widget-heading\" data-id=\"56d697a\" data-element_type=\"widget\" data-widget_type=\"heading.default\">\n\t\t\t\t<div class=\"elementor-widget-container\">\n\t\t\t<h3 class=\"elementor-heading-title elementor-size-default\">Co obsahuje<\/h3>\t\t<\/div>\n\t\t\t\t<\/div>\n\t\t\t\t<div class=\"elementor-element elementor-element-5494109b elementor-widget elementor-widget-text-editor\" data-id=\"5494109b\" data-element_type=\"widget\" data-widget_type=\"text-editor.default\">\n\t\t\t\t<div class=\"elementor-widget-container\">\n\t\t\t\t\t\t\t<p><span style=\"font-weight: 400;\">Biofotonick\u00e9 skenov\u00e1n\u00ed je 60minutov\u00e1 offline konzultace v\u00fdsledk\u016f biofotonick\u00e9ho skeneru Pharmanex: Skener m\u011b\u0159\u00ed hladinu karotenoid\u016f v horn\u00edch vrstv\u00e1ch k\u016f\u017ee pomoc\u00ed sv\u011bteln\u00fdch sign\u00e1l\u016f (laserov\u00fd paprsek). Karotenoidy jsou antioxidanty. <\/span><\/p>\n<p><span style=\"font-weight: 400;\"><strong>Pro\u010d je to d\u016fle\u017eit\u00e9?<\/strong> <\/span><\/p>\n<p><span style=\"font-weight: 400;\">Proto\u017ee antioxidanty jsou prvn\u00ed obrannou lini\u00ed va\u0161eho t\u011bla proti voln\u00fdm radik\u00e1l\u016fm. Mnoh\u00e9 z toho, \u010demu \u0159\u00edk\u00e1me &#8222;st\u00e1rnut\u00ed&#8220;, je zp\u016fsobeno t\u00edm, \u017ee voln\u00e9 radik\u00e1ly napadaj\u00ed bu\u0148ky v k\u016f\u017ei, c\u00e9v\u00e1ch a mozku. Je prok\u00e1z\u00e1no, \u017ee \u010d\u00edm m\u00e9n\u011b antioxidant\u016f va\u0161e t\u011blo m\u00e1, t\u00edm men\u0161\u00ed je jeho schopnost odol\u00e1vat nemocem a infekc\u00edm.<\/span><\/p>\n\t\t\t\t\t\t<\/div>\n\t\t\t\t<\/div>\n\t\t\t\t<div class=\"elementor-element elementor-element-59e32437 elementor-widget elementor-widget-heading\" data-id=\"59e32437\" data-element_type=\"widget\" data-widget_type=\"heading.default\">\n\t\t\t\t<div class=\"elementor-widget-container\">\n\t\t\t<h3 class=\"elementor-heading-title elementor-size-default\">D\u00edky tomu z\u00edsk\u00e1te:<\/h3>\t\t<\/div>\n\t\t\t\t<\/div>\n\t\t\t\t<div class=\"elementor-element elementor-element-4399ab62 elementor-widget elementor-widget-text-editor\" data-id=\"4399ab62\" data-element_type=\"widget\" data-widget_type=\"text-editor.default\">\n\t\t\t\t<div class=\"elementor-widget-container\">\n\t\t\t\t\t\t\t<ol>\n<li style=\"font-weight: 400;\" aria-level=\"1\"><span style=\"font-weight: 400;\">Kompletn\u00ed informace o va\u0161em aktu\u00e1ln\u00edm t\u011blesn\u00e9m stavu.<\/span><\/li>\n<li style=\"font-weight: 400;\" aria-level=\"1\"><span style=\"font-weight: 400;\">Stanoven\u00ed t\u011blesn\u00fdch rezerv a rizik n\u011bkter\u00fdch onemocn\u011bn\u00ed.<\/span><\/li>\n<li style=\"font-weight: 400;\" aria-level=\"1\"><span style=\"font-weight: 400;\">Index integrity t\u011blesn\u00e9 antioxida\u010dn\u00ed s\u00edt\u011b.<\/span><\/li>\n<\/ol>\n\t\t\t\t\t\t<\/div>\n\t\t\t\t<\/div>\n\t\t\t\t\t<\/div>\n\t\t<\/div>\n\t\t\t\t<div class=\"elementor-column elementor-col-50 elementor-top-column elementor-element elementor-element-108fbcf7\" data-id=\"108fbcf7\" data-element_type=\"column\">\n\t\t\t<div class=\"elementor-widget-wrap elementor-element-populated\">\n\t\t\t\t\t\t\t\t<section class=\"elementor-section elementor-inner-section elementor-element elementor-element-7ae30514 elementor-section-boxed elementor-section-height-default elementor-section-height-default\" data-id=\"7ae30514\" data-element_type=\"section\" data-settings=\"{&quot;background_background&quot;:&quot;classic&quot;}\">\n\t\t\t\t\t\t\t<div class=\"elementor-background-overlay\"><\/div>\n\t\t\t\t\t\t\t<div class=\"elementor-container elementor-column-gap-default\">\n\t\t\t\t\t<div class=\"elementor-column elementor-col-100 elementor-inner-column elementor-element elementor-element-4bee4f2a\" data-id=\"4bee4f2a\" data-element_type=\"column\">\n\t\t\t<div class=\"elementor-widget-wrap elementor-element-populated\">\n\t\t\t\t\t\t\t\t<div class=\"elementor-element elementor-element-73673afd elementor-widget elementor-widget-heading\" data-id=\"73673afd\" data-element_type=\"widget\" data-widget_type=\"heading.default\">\n\t\t\t\t<div class=\"elementor-widget-container\">\n\t\t\t<h3 class=\"elementor-heading-title elementor-size-default\">Zahrnut\u00e9 slu\u017eby a n\u00e1klady na program<\/h3>\t\t<\/div>\n\t\t\t\t<\/div>\n\t\t\t\t<div class=\"elementor-element elementor-element-699a3fa3 elementor-widget elementor-widget-text-editor\" data-id=\"699a3fa3\" data-element_type=\"widget\" data-widget_type=\"text-editor.default\">\n\t\t\t\t<div class=\"elementor-widget-container\">\n\t\t\t\t\t\t\t<ul>\n<li>Biofotonov\u00fd sken<\/li>\n<\/ul>\n\t\t\t\t\t\t<\/div>\n\t\t\t\t<\/div>\n\t\t\t\t<div class=\"elementor-element elementor-element-2d8940d7 elementor-icon-list--layout-traditional elementor-list-item-link-full_width elementor-widget elementor-widget-icon-list\" data-id=\"2d8940d7\" data-element_type=\"widget\" data-widget_type=\"icon-list.default\">\n\t\t\t\t<div class=\"elementor-widget-container\">\n\t\t\t\t\t<ul class=\"elementor-icon-list-items\">\n\t\t\t\t\t\t\t<li class=\"elementor-icon-list-item\">\n\t\t\t\t\t\t\t\t\t\t\t<span class=\"elementor-icon-list-icon\">\n\t\t\t\t\t\t\t<i aria-hidden=\"true\" class=\"far fa-clock\"><\/i>\t\t\t\t\t\t<\/span>\n\t\t\t\t\t\t\t\t\t\t<span class=\"elementor-icon-list-text\">Doba trv\u00e1n\u00ed 60 minut<\/span>\n\t\t\t\t\t\t\t\t\t<\/li>\n\t\t\t\t\t\t\t\t<li class=\"elementor-icon-list-item\">\n\t\t\t\t\t\t\t\t\t\t\t<span class=\"elementor-icon-list-icon\">\n\t\t\t\t\t\t\t<i aria-hidden=\"true\" class=\"icon icon-money-bag3\"><\/i>\t\t\t\t\t\t<\/span>\n\t\t\t\t\t\t\t\t\t\t<span class=\"elementor-icon-list-text\">EU 63 eur<\/span>\n\t\t\t\t\t\t\t\t\t<\/li>\n\t\t\t\t\t\t<\/ul>\n\t\t\t\t<\/div>\n\t\t\t\t<\/div>\n\t\t\t\t<div class=\"elementor-element elementor-element-1a08af9 elementor-widget elementor-widget-button\" data-id=\"1a08af9\" data-element_type=\"widget\" data-widget_type=\"button.default\">\n\t\t\t\t<div class=\"elementor-widget-container\">\n\t\t\t\t\t<div class=\"elementor-button-wrapper\">\n\t\t\t<a class=\"elementor-button elementor-button-link elementor-size-sm\" href=\"https:\/\/valerija-gerfanova.bookafy.com\/service\/biophotonic-scanning?locale=cs\" target=\"_blank\">\n\t\t\t\t\t\t<span class=\"elementor-button-content-wrapper\">\n\t\t\t\t\t\t<span class=\"elementor-button-text\">Rezervovat nyn\u00ed<\/span>\n\t\t<\/span>\n\t\t\t\t\t<\/a>\n\t\t<\/div>\n\t\t\t\t<\/div>\n\t\t\t\t<\/div>\n\t\t\t\t\t<\/div>\n\t\t<\/div>\n\t\t\t\t\t\t\t<\/div>\n\t\t<\/section>\n\t\t\t\t\t<\/div>\n\t\t<\/div>\n\t\t\t\t\t\t\t<\/div>\n\t\t<\/section>\n\t\t\t\t\t\t\t<\/div>\n\t\t","protected":false},"excerpt":{"rendered":"<p>Biofotonick\u00e9 skenov\u00e1n\u00ed 60minutov\u00e1 offline konzultace v\u00fdsledk\u016f biofotonick\u00e9ho skeneru Pharmanex Co obsahuje Biofotonick\u00e9 skenov\u00e1n\u00ed je 60minutov\u00e1 offline konzultace v\u00fdsledk\u016f biofotonick\u00e9ho skeneru Pharmanex: Skener m\u011b\u0159\u00ed hladinu karotenoid\u016f v horn\u00edch vrstv\u00e1ch k\u016f\u017ee pomoc\u00ed sv\u011bteln\u00fdch sign\u00e1l\u016f (laserov\u00fd paprsek). Karotenoidy jsou antioxidanty. Pro\u010d je to d\u016fle\u017eit\u00e9? Proto\u017ee antioxidanty jsou prvn\u00ed obrannou lini\u00ed va\u0161eho t\u011bla proti voln\u00fdm radik\u00e1l\u016fm. Mnoh\u00e9 z toho, [&hellip;]<\/p>\n","protected":false},"author":2,"featured_media":0,"parent":0,"menu_order":0,"comment_status":"closed","ping_status":"closed","template":"elementor_header_footer","meta":{"footnotes":""},"yst_prominent_words":[],"class_list":["post-1412","page","type-page","status-publish","hentry","entry","owp-thumbs-layout-horizontal","owp-btn-normal","owp-tabs-layout-horizontal","has-no-thumbnails","has-product-nav"],"_links":{"self":[{"href":"https:\/\/gerfanova.eu\/cs\/wp-json\/wp\/v2\/pages\/1412","targetHints":{"allow":["GET"]}}],"collection":[{"href":"https:\/\/gerfanova.eu\/cs\/wp-json\/wp\/v2\/pages"}],"about":[{"href":"https:\/\/gerfanova.eu\/cs\/wp-json\/wp\/v2\/types\/page"}],"author":[{"embeddable":true,"href":"https:\/\/gerfanova.eu\/cs\/wp-json\/wp\/v2\/users\/2"}],"replies":[{"embeddable":true,"href":"https:\/\/gerfanova.eu\/cs\/wp-json\/wp\/v2\/comments?post=1412"}],"version-history":[{"count":0,"href":"https:\/\/gerfanova.eu\/cs\/wp-json\/wp\/v2\/pages\/1412\/revisions"}],"wp:attachment":[{"href":"https:\/\/gerfanova.eu\/cs\/wp-json\/wp\/v2\/media?parent=1412"}],"wp:term":[{"taxonomy":"yst_prominent_words","embeddable":true,"href":"https:\/\/gerfanova.eu\/cs\/wp-json\/wp\/v2\/yst_prominent_words?post=1412"}],"curies":[{"name":"wp","href":"https:\/\/api.w.org\/{rel}","templated":true}]}}