{"id":1410,"date":"2023-04-23T10:43:30","date_gmt":"2023-04-23T10:43:30","guid":{"rendered":"https:\/\/gerfanova.eu\/bioimpedancni-analyza\/"},"modified":"2023-06-06T21:27:07","modified_gmt":"2023-06-06T21:27:07","slug":"bioimpedancni-analyza","status":"publish","type":"page","link":"https:\/\/gerfanova.eu\/cs\/bioimpedancni-analyza\/","title":{"rendered":"Bioimpedan\u010dn\u00ed anal\u00fdza"},"content":{"rendered":"\t\t<div data-elementor-type=\"wp-page\" data-elementor-id=\"1410\" class=\"elementor elementor-1410 elementor-1282\">\n\t\t\t\t\t\t\t\t\t<section class=\"elementor-section elementor-top-section elementor-element elementor-element-5ef2e6e3 elementor-section-height-min-height elementor-section-boxed elementor-section-height-default elementor-section-items-middle\" data-id=\"5ef2e6e3\" data-element_type=\"section\" data-settings=\"{&quot;background_background&quot;:&quot;classic&quot;}\">\n\t\t\t\t\t\t\t<div class=\"elementor-background-overlay\"><\/div>\n\t\t\t\t\t\t\t<div class=\"elementor-container elementor-column-gap-default\">\n\t\t\t\t\t<div class=\"elementor-column elementor-col-100 elementor-top-column elementor-element elementor-element-3fec1247\" data-id=\"3fec1247\" data-element_type=\"column\">\n\t\t\t<div class=\"elementor-widget-wrap elementor-element-populated\">\n\t\t\t\t\t\t\t\t<div class=\"elementor-element elementor-element-6602011d elementor-widget elementor-widget-heading\" data-id=\"6602011d\" data-element_type=\"widget\" data-widget_type=\"heading.default\">\n\t\t\t\t<div class=\"elementor-widget-container\">\n\t\t\t<h1 class=\"elementor-heading-title elementor-size-default\">Bioimpedan\u010dn\u00ed anal\u00fdza t\u011blesn\u00e9ho slo\u017een\u00ed<\/h1>\t\t<\/div>\n\t\t\t\t<\/div>\n\t\t\t\t<div class=\"elementor-element elementor-element-6dc6a346 elementor-widget elementor-widget-heading\" data-id=\"6dc6a346\" data-element_type=\"widget\" data-widget_type=\"heading.default\">\n\t\t\t\t<div class=\"elementor-widget-container\">\n\t\t\t<h2 class=\"elementor-heading-title elementor-size-default\">60minutov\u00e1 online nebo offline konzultace na z\u00e1klad\u011b v\u00fdsledk\u016f t\u011blesn\u00e9ho skenu<\/h2>\t\t<\/div>\n\t\t\t\t<\/div>\n\t\t\t\t\t<\/div>\n\t\t<\/div>\n\t\t\t\t\t\t\t<\/div>\n\t\t<\/section>\n\t\t\t\t<section class=\"elementor-section elementor-top-section elementor-element elementor-element-6b164aaa elementor-section-boxed elementor-section-height-default elementor-section-height-default\" data-id=\"6b164aaa\" data-element_type=\"section\">\n\t\t\t\t\t\t<div class=\"elementor-container elementor-column-gap-default\">\n\t\t\t\t\t<div class=\"elementor-column elementor-col-50 elementor-top-column elementor-element elementor-element-6f75f1ad\" data-id=\"6f75f1ad\" data-element_type=\"column\">\n\t\t\t<div class=\"elementor-widget-wrap elementor-element-populated\">\n\t\t\t\t\t\t\t\t<div class=\"elementor-element elementor-element-56d697a elementor-widget elementor-widget-heading\" data-id=\"56d697a\" data-element_type=\"widget\" data-widget_type=\"heading.default\">\n\t\t\t\t<div class=\"elementor-widget-container\">\n\t\t\t<h3 class=\"elementor-heading-title elementor-size-default\">Co obsahuje<\/h3>\t\t<\/div>\n\t\t\t\t<\/div>\n\t\t\t\t<div class=\"elementor-element elementor-element-5494109b elementor-widget elementor-widget-text-editor\" data-id=\"5494109b\" data-element_type=\"widget\" data-widget_type=\"text-editor.default\">\n\t\t\t\t<div class=\"elementor-widget-container\">\n\t\t\t\t\t\t\t<p><span style=\"font-weight: 400;\">Bioimpedan\u010dn\u00ed anal\u00fdza t\u011blesn\u00e9ho slo\u017een\u00ed je rychl\u00e1, neinvazivn\u00ed a vysoce informativn\u00ed diagnostick\u00e1 metoda, kter\u00e1 umo\u017e\u0148uje p\u0159esn\u011b a bezpe\u010dn\u011b posoudit absolutn\u00ed a relativn\u00ed hodnoty z\u00e1kladn\u00edch t\u011blesn\u00fdch parametr\u016f: svalov\u00e9 hmoty, tukov\u00e9 tk\u00e1n\u011b a vody, a tak\u00e9 ur\u010dit rezervn\u00ed schopnosti organismu a rizika \u0159ady onemocn\u011bn\u00ed. <\/span><\/p>\n<p><span style=\"font-weight: 400;\">Jedn\u00e1 se o 60minutovou online nebo offline konzultaci na z\u00e1klad\u011b v\u00fdsledk\u016f t\u011blesn\u00e9ho skenu. V p\u0159\u00edpad\u011b online konzultace je t\u0159eba prov\u00e9st m\u011b\u0159en\u00ed v n\u011bkter\u00e9m z partnersk\u00fdch center nebo t\u011blocvi\u010den.<\/span><\/p>\n\t\t\t\t\t\t<\/div>\n\t\t\t\t<\/div>\n\t\t\t\t<div class=\"elementor-element elementor-element-59e32437 elementor-widget elementor-widget-heading\" data-id=\"59e32437\" data-element_type=\"widget\" data-widget_type=\"heading.default\">\n\t\t\t\t<div class=\"elementor-widget-container\">\n\t\t\t<h3 class=\"elementor-heading-title elementor-size-default\">D\u00edky tomu z\u00edsk\u00e1te:<\/h3>\t\t<\/div>\n\t\t\t\t<\/div>\n\t\t\t\t<div class=\"elementor-element elementor-element-4399ab62 elementor-widget elementor-widget-text-editor\" data-id=\"4399ab62\" data-element_type=\"widget\" data-widget_type=\"text-editor.default\">\n\t\t\t\t<div class=\"elementor-widget-container\">\n\t\t\t\t\t\t\t<ol>\n<li style=\"font-weight: 400;\" aria-level=\"1\"><span style=\"font-weight: 400;\">Kompletn\u00ed informace o aktu\u00e1ln\u00edm stavu va\u0161eho t\u011bla.<\/span><\/li>\n<li style=\"font-weight: 400;\" aria-level=\"1\"><span style=\"font-weight: 400;\">Hodnoty z\u00e1kladn\u00edch t\u011blesn\u00fdch parametr\u016f: svalov\u00e9 hmoty, tukov\u00e9 tk\u00e1n\u011b a vody. <\/span><\/li>\n<li style=\"font-weight: 400;\" aria-level=\"1\"><span style=\"font-weight: 400;\">Budete moci ur\u010dit rezervn\u00ed kapacity sv\u00e9ho t\u011bla a rizika \u0159ady onemocn\u011bn\u00ed.<\/span><\/li>\n<\/ol>\n\t\t\t\t\t\t<\/div>\n\t\t\t\t<\/div>\n\t\t\t\t\t<\/div>\n\t\t<\/div>\n\t\t\t\t<div class=\"elementor-column elementor-col-50 elementor-top-column elementor-element elementor-element-108fbcf7\" data-id=\"108fbcf7\" data-element_type=\"column\">\n\t\t\t<div class=\"elementor-widget-wrap elementor-element-populated\">\n\t\t\t\t\t\t\t\t<section class=\"elementor-section elementor-inner-section elementor-element elementor-element-7ae30514 elementor-section-boxed elementor-section-height-default elementor-section-height-default\" data-id=\"7ae30514\" data-element_type=\"section\" data-settings=\"{&quot;background_background&quot;:&quot;classic&quot;}\">\n\t\t\t\t\t\t\t<div class=\"elementor-background-overlay\"><\/div>\n\t\t\t\t\t\t\t<div class=\"elementor-container elementor-column-gap-default\">\n\t\t\t\t\t<div class=\"elementor-column elementor-col-100 elementor-inner-column elementor-element elementor-element-4bee4f2a\" data-id=\"4bee4f2a\" data-element_type=\"column\">\n\t\t\t<div class=\"elementor-widget-wrap elementor-element-populated\">\n\t\t\t\t\t\t\t\t<div class=\"elementor-element elementor-element-73673afd elementor-widget elementor-widget-heading\" data-id=\"73673afd\" data-element_type=\"widget\" data-widget_type=\"heading.default\">\n\t\t\t\t<div class=\"elementor-widget-container\">\n\t\t\t<h3 class=\"elementor-heading-title elementor-size-default\">Zahrnut\u00e9 slu\u017eby a n\u00e1klady na program<\/h3>\t\t<\/div>\n\t\t\t\t<\/div>\n\t\t\t\t<div class=\"elementor-element elementor-element-699a3fa3 elementor-widget elementor-widget-text-editor\" data-id=\"699a3fa3\" data-element_type=\"widget\" data-widget_type=\"text-editor.default\">\n\t\t\t\t<div class=\"elementor-widget-container\">\n\t\t\t\t\t\t\t<ul>\n<li> Bioimpedan\u010dn\u00ed anal\u00fdza slo\u017een\u00ed t\u011bla<\/li>\n<\/ul>\n\t\t\t\t\t\t<\/div>\n\t\t\t\t<\/div>\n\t\t\t\t<div class=\"elementor-element elementor-element-2d8940d7 elementor-icon-list--layout-traditional elementor-list-item-link-full_width elementor-widget elementor-widget-icon-list\" data-id=\"2d8940d7\" data-element_type=\"widget\" data-widget_type=\"icon-list.default\">\n\t\t\t\t<div class=\"elementor-widget-container\">\n\t\t\t\t\t<ul class=\"elementor-icon-list-items\">\n\t\t\t\t\t\t\t<li class=\"elementor-icon-list-item\">\n\t\t\t\t\t\t\t\t\t\t\t<span class=\"elementor-icon-list-icon\">\n\t\t\t\t\t\t\t<i aria-hidden=\"true\" class=\"far fa-clock\"><\/i>\t\t\t\t\t\t<\/span>\n\t\t\t\t\t\t\t\t\t\t<span class=\"elementor-icon-list-text\">Doba trv\u00e1n\u00ed 60 minut<\/span>\n\t\t\t\t\t\t\t\t\t<\/li>\n\t\t\t\t\t\t\t\t<li class=\"elementor-icon-list-item\">\n\t\t\t\t\t\t\t\t\t\t\t<span class=\"elementor-icon-list-icon\">\n\t\t\t\t\t\t\t<i aria-hidden=\"true\" class=\"icon icon-money-bag3\"><\/i>\t\t\t\t\t\t<\/span>\n\t\t\t\t\t\t\t\t\t\t<span class=\"elementor-icon-list-text\">EU 63 eur<\/span>\n\t\t\t\t\t\t\t\t\t<\/li>\n\t\t\t\t\t\t<\/ul>\n\t\t\t\t<\/div>\n\t\t\t\t<\/div>\n\t\t\t\t<div class=\"elementor-element elementor-element-1a08af9 elementor-widget elementor-widget-button\" data-id=\"1a08af9\" data-element_type=\"widget\" data-widget_type=\"button.default\">\n\t\t\t\t<div class=\"elementor-widget-container\">\n\t\t\t\t\t<div class=\"elementor-button-wrapper\">\n\t\t\t<a class=\"elementor-button elementor-button-link elementor-size-sm\" href=\"https:\/\/valerija-gerfanova.bookafy.com\/service\/bioimpedance-analysis-body-composition?locale=cs\" target=\"_blank\">\n\t\t\t\t\t\t<span class=\"elementor-button-content-wrapper\">\n\t\t\t\t\t\t<span class=\"elementor-button-text\">Rezervovat nyn\u00ed<\/span>\n\t\t<\/span>\n\t\t\t\t\t<\/a>\n\t\t<\/div>\n\t\t\t\t<\/div>\n\t\t\t\t<\/div>\n\t\t\t\t\t<\/div>\n\t\t<\/div>\n\t\t\t\t\t\t\t<\/div>\n\t\t<\/section>\n\t\t\t\t\t<\/div>\n\t\t<\/div>\n\t\t\t\t\t\t\t<\/div>\n\t\t<\/section>\n\t\t\t\t\t\t\t<\/div>\n\t\t","protected":false},"excerpt":{"rendered":"<p>Bioimpedan\u010dn\u00ed anal\u00fdza t\u011blesn\u00e9ho slo\u017een\u00ed 60minutov\u00e1 online nebo offline konzultace na z\u00e1klad\u011b v\u00fdsledk\u016f t\u011blesn\u00e9ho skenu Co obsahuje Bioimpedan\u010dn\u00ed anal\u00fdza t\u011blesn\u00e9ho slo\u017een\u00ed je rychl\u00e1, neinvazivn\u00ed a vysoce informativn\u00ed diagnostick\u00e1 metoda, kter\u00e1 umo\u017e\u0148uje p\u0159esn\u011b a bezpe\u010dn\u011b posoudit absolutn\u00ed a relativn\u00ed hodnoty z\u00e1kladn\u00edch t\u011blesn\u00fdch parametr\u016f: svalov\u00e9 hmoty, tukov\u00e9 tk\u00e1n\u011b a vody, a tak\u00e9 ur\u010dit rezervn\u00ed schopnosti organismu a rizika [&hellip;]<\/p>\n","protected":false},"author":2,"featured_media":0,"parent":0,"menu_order":0,"comment_status":"closed","ping_status":"closed","template":"elementor_header_footer","meta":{"footnotes":""},"yst_prominent_words":[],"class_list":["post-1410","page","type-page","status-publish","hentry","entry","owp-thumbs-layout-horizontal","owp-btn-normal","owp-tabs-layout-horizontal","has-no-thumbnails","has-product-nav"],"_links":{"self":[{"href":"https:\/\/gerfanova.eu\/cs\/wp-json\/wp\/v2\/pages\/1410","targetHints":{"allow":["GET"]}}],"collection":[{"href":"https:\/\/gerfanova.eu\/cs\/wp-json\/wp\/v2\/pages"}],"about":[{"href":"https:\/\/gerfanova.eu\/cs\/wp-json\/wp\/v2\/types\/page"}],"author":[{"embeddable":true,"href":"https:\/\/gerfanova.eu\/cs\/wp-json\/wp\/v2\/users\/2"}],"replies":[{"embeddable":true,"href":"https:\/\/gerfanova.eu\/cs\/wp-json\/wp\/v2\/comments?post=1410"}],"version-history":[{"count":0,"href":"https:\/\/gerfanova.eu\/cs\/wp-json\/wp\/v2\/pages\/1410\/revisions"}],"wp:attachment":[{"href":"https:\/\/gerfanova.eu\/cs\/wp-json\/wp\/v2\/media?parent=1410"}],"wp:term":[{"taxonomy":"yst_prominent_words","embeddable":true,"href":"https:\/\/gerfanova.eu\/cs\/wp-json\/wp\/v2\/yst_prominent_words?post=1410"}],"curies":[{"name":"wp","href":"https:\/\/api.w.org\/{rel}","templated":true}]}}