{"id":1363,"date":"2023-04-21T22:21:22","date_gmt":"2023-04-21T22:21:22","guid":{"rendered":"https:\/\/gerfanova.eu\/moji-partneri\/"},"modified":"2023-04-21T22:21:23","modified_gmt":"2023-04-21T22:21:23","slug":"moji-partneri","status":"publish","type":"page","link":"https:\/\/gerfanova.eu\/cs\/moji-partneri\/","title":{"rendered":"Moji partne\u0159i"},"content":{"rendered":"\t\t<div data-elementor-type=\"wp-page\" data-elementor-id=\"1363\" class=\"elementor elementor-1363 elementor-956\">\n\t\t\t\t\t\t\t\t\t<section class=\"elementor-section elementor-top-section elementor-element elementor-element-13e1d394 elementor-section-boxed elementor-section-height-default elementor-section-height-default\" data-id=\"13e1d394\" data-element_type=\"section\" id=\"partneri\">\n\t\t\t\t\t\t<div class=\"elementor-container elementor-column-gap-no\">\n\t\t\t\t\t<div class=\"elementor-column elementor-col-100 elementor-top-column elementor-element elementor-element-6eed9dbd\" data-id=\"6eed9dbd\" data-element_type=\"column\">\n\t\t\t<div class=\"elementor-widget-wrap elementor-element-populated\">\n\t\t\t\t\t\t\t\t<section class=\"elementor-section elementor-inner-section elementor-element elementor-element-68a2750 elementor-section-boxed elementor-section-height-default elementor-section-height-default\" data-id=\"68a2750\" data-element_type=\"section\">\n\t\t\t\t\t\t<div class=\"elementor-container elementor-column-gap-default\">\n\t\t\t\t\t<div class=\"elementor-column elementor-col-16 elementor-inner-column elementor-element elementor-element-43813109 elementor-hidden-tablet elementor-hidden-phone\" data-id=\"43813109\" data-element_type=\"column\">\n\t\t\t<div class=\"elementor-widget-wrap\">\n\t\t\t\t\t\t\t\t\t<\/div>\n\t\t<\/div>\n\t\t\t\t<div class=\"elementor-column elementor-col-66 elementor-inner-column elementor-element elementor-element-1fce24c0\" data-id=\"1fce24c0\" data-element_type=\"column\">\n\t\t\t<div class=\"elementor-widget-wrap elementor-element-populated\">\n\t\t\t\t\t\t\t\t<div class=\"elementor-element elementor-element-4959a688 elementor-widget elementor-widget-heading\" data-id=\"4959a688\" data-element_type=\"widget\" data-widget_type=\"heading.default\">\n\t\t\t\t<div class=\"elementor-widget-container\">\n\t\t\t<h3 class=\"elementor-heading-title elementor-size-default\">Partne\u0159i<\/h3>\t\t<\/div>\n\t\t\t\t<\/div>\n\t\t\t\t<div class=\"elementor-element elementor-element-266bf983 elementor-widget elementor-widget-text-editor\" data-id=\"266bf983\" data-element_type=\"widget\" data-widget_type=\"text-editor.default\">\n\t\t\t\t<div class=\"elementor-widget-container\">\n\t\t\t\t\t\t\t<p>V\u017edy m\u016f\u017eete z\u00edskat slevu na slu\u017eby m\u00fdch partner\u016f pomoc\u00ed k\u00f3du Valerija Gerfanova<\/p>\n\t\t\t\t\t\t<\/div>\n\t\t\t\t<\/div>\n\t\t\t\t\t<\/div>\n\t\t<\/div>\n\t\t\t\t<div class=\"elementor-column elementor-col-16 elementor-inner-column elementor-element elementor-element-65be6e0e elementor-hidden-tablet elementor-hidden-phone\" data-id=\"65be6e0e\" data-element_type=\"column\">\n\t\t\t<div class=\"elementor-widget-wrap\">\n\t\t\t\t\t\t\t\t\t<\/div>\n\t\t<\/div>\n\t\t\t\t\t\t\t<\/div>\n\t\t<\/section>\n\t\t\t\t\t<\/div>\n\t\t<\/div>\n\t\t\t\t\t\t\t<\/div>\n\t\t<\/section>\n\t\t\t\t<section class=\"elementor-section elementor-top-section elementor-element elementor-element-f2eb99f elementor-section-boxed elementor-section-height-default elementor-section-height-default\" data-id=\"f2eb99f\" data-element_type=\"section\">\n\t\t\t\t\t\t<div class=\"elementor-container elementor-column-gap-default\">\n\t\t\t\t\t<div class=\"elementor-column elementor-col-100 elementor-top-column elementor-element elementor-element-2a407b7\" data-id=\"2a407b7\" data-element_type=\"column\">\n\t\t\t<div class=\"elementor-widget-wrap elementor-element-populated\">\n\t\t\t\t\t\t\t\t<div class=\"elementor-element elementor-element-872a4c5 elementor-widget elementor-widget-text-editor\" data-id=\"872a4c5\" data-element_type=\"widget\" data-widget_type=\"text-editor.default\">\n\t\t\t\t<div class=\"elementor-widget-container\">\n\t\t\t\t\t\t\t<p>Pokud p\u016fsob\u00edte v oblasti v\u00fd\u017eivy, zdrav\u00ed nebo potravin\u00e1\u0159stv\u00ed a hled\u00e1te partnera pro spolupr\u00e1ci, jste na spr\u00e1vn\u00e9 adrese!<\/p>\n<p>Jako v\u00fd\u017eivov\u00fd poradce a nad\u0161enec pro zdrav\u00ed v\u017edy hled\u00e1m nov\u00e9 p\u0159\u00edle\u017eitosti ke spolupr\u00e1ci s podobn\u011b sm\u00fd\u0161lej\u00edc\u00edmi jednotlivci a firmami.<\/p>\n<p>Jste odborn\u00edk na v\u00fd\u017eivu, fitness influencer nebo zna\u010dka zdrav\u00e9 v\u00fd\u017eivy? R\u00e1d bych se s v\u00e1mi spojil a zjistil, jak m\u016f\u017eeme spole\u010dn\u011b \u0161\u00ed\u0159it poselstv\u00ed o zdrav\u00ed a wellness. Pokud tedy m\u00e1te z\u00e1jem o spolupr\u00e1ci a kouzlen\u00ed, nev\u00e1hejte m\u011b kontaktovat.<\/p>\n<p>Poj\u010fme se pod\u00edvat, co spole\u010dn\u011b dok\u00e1\u017eeme!<\/p>\n\t\t\t\t\t\t<\/div>\n\t\t\t\t<\/div>\n\t\t\t\t\t<\/div>\n\t\t<\/div>\n\t\t\t\t\t\t\t<\/div>\n\t\t<\/section>\n\t\t\t\t\t\t\t<\/div>\n\t\t","protected":false},"excerpt":{"rendered":"<p>Partne\u0159i V\u017edy m\u016f\u017eete z\u00edskat slevu na slu\u017eby m\u00fdch partner\u016f pomoc\u00ed k\u00f3du Valerija Gerfanova Pokud p\u016fsob\u00edte v oblasti v\u00fd\u017eivy, zdrav\u00ed nebo potravin\u00e1\u0159stv\u00ed a hled\u00e1te partnera pro spolupr\u00e1ci, jste na spr\u00e1vn\u00e9 adrese! Jako v\u00fd\u017eivov\u00fd poradce a nad\u0161enec pro zdrav\u00ed v\u017edy hled\u00e1m nov\u00e9 p\u0159\u00edle\u017eitosti ke spolupr\u00e1ci s podobn\u011b sm\u00fd\u0161lej\u00edc\u00edmi jednotlivci a firmami. Jste odborn\u00edk na v\u00fd\u017eivu, fitness influencer [&hellip;]<\/p>\n","protected":false},"author":1,"featured_media":0,"parent":0,"menu_order":0,"comment_status":"closed","ping_status":"closed","template":"elementor_header_footer","meta":{"footnotes":""},"yst_prominent_words":[],"class_list":["post-1363","page","type-page","status-publish","hentry","entry","owp-thumbs-layout-horizontal","owp-btn-normal","owp-tabs-layout-horizontal","has-no-thumbnails","has-product-nav"],"_links":{"self":[{"href":"https:\/\/gerfanova.eu\/cs\/wp-json\/wp\/v2\/pages\/1363","targetHints":{"allow":["GET"]}}],"collection":[{"href":"https:\/\/gerfanova.eu\/cs\/wp-json\/wp\/v2\/pages"}],"about":[{"href":"https:\/\/gerfanova.eu\/cs\/wp-json\/wp\/v2\/types\/page"}],"author":[{"embeddable":true,"href":"https:\/\/gerfanova.eu\/cs\/wp-json\/wp\/v2\/users\/1"}],"replies":[{"embeddable":true,"href":"https:\/\/gerfanova.eu\/cs\/wp-json\/wp\/v2\/comments?post=1363"}],"version-history":[{"count":0,"href":"https:\/\/gerfanova.eu\/cs\/wp-json\/wp\/v2\/pages\/1363\/revisions"}],"wp:attachment":[{"href":"https:\/\/gerfanova.eu\/cs\/wp-json\/wp\/v2\/media?parent=1363"}],"wp:term":[{"taxonomy":"yst_prominent_words","embeddable":true,"href":"https:\/\/gerfanova.eu\/cs\/wp-json\/wp\/v2\/yst_prominent_words?post=1363"}],"curies":[{"name":"wp","href":"https:\/\/api.w.org\/{rel}","templated":true}]}}